{"id":23519,"date":"2026-03-11T04:30:14","date_gmt":"2026-03-11T03:30:14","guid":{"rendered":"https:\/\/giftsco.ma\/?post_type=product&#038;p=23519"},"modified":"2026-03-11T04:31:04","modified_gmt":"2026-03-11T03:31:04","slug":"sculpture-vide-poche-collection-vetro-luce","status":"publish","type":"product","link":"https:\/\/giftsco.ma\/en\/product\/sculpture-vide-poche-collection-vetro-luce\/","title":{"rendered":"Sculpture Vide-Poche &#8211; Collection Vetro &#038; Luce"},"content":{"rendered":"<p>Cette pi\u00e8ces magistrale est un hommage au designer Italien des ann\u00e9es 50 &#8211; 60; sa forme organique et feston\u00e9 qui ressemble \u00e0 de belles l\u00e8vres, aux bors \u00e9tir\u00e9s \u00e0 la maibn, cr\u00e9e un jeu de reflets unique<\/p>\n<p>Le contraste entre Jaune solaire et Fushia intense est magnifi\u00e9e par une \u00e9paisse enveloppe de cristal pur<\/p>","protected":false},"excerpt":{"rendered":"<p>Cette pi\u00e8ces magistrale est un hommage au designer Italien des ann\u00e9es 50 &#8211; 60; sa forme organique et feston\u00e9 qui ressemble \u00e0 de belles l\u00e8vres, aux bors \u00e9tir\u00e9s \u00e0 la&hellip;<\/p>","protected":false},"featured_media":23520,"comment_status":"open","ping_status":"closed","template":"","meta":[],"product_brand":[],"product_cat":[404],"product_tag":[],"class_list":{"0":"post-23519","1":"product","2":"type-product","3":"status-publish","4":"has-post-thumbnail","6":"product_cat-art-deco","8":"first","9":"instock","10":"shipping-taxable","11":"purchasable","12":"product-type-simple"},"jetpack_sharing_enabled":true,"_links":{"self":[{"href":"https:\/\/giftsco.ma\/en\/wp-json\/wp\/v2\/product\/23519","targetHints":{"allow":["GET"]}}],"collection":[{"href":"https:\/\/giftsco.ma\/en\/wp-json\/wp\/v2\/product"}],"about":[{"href":"https:\/\/giftsco.ma\/en\/wp-json\/wp\/v2\/types\/product"}],"replies":[{"embeddable":true,"href":"https:\/\/giftsco.ma\/en\/wp-json\/wp\/v2\/comments?post=23519"}],"version-history":[{"count":1,"href":"https:\/\/giftsco.ma\/en\/wp-json\/wp\/v2\/product\/23519\/revisions"}],"predecessor-version":[{"id":23522,"href":"https:\/\/giftsco.ma\/en\/wp-json\/wp\/v2\/product\/23519\/revisions\/23522"}],"wp:featuredmedia":[{"embeddable":true,"href":"https:\/\/giftsco.ma\/en\/wp-json\/wp\/v2\/media\/23520"}],"wp:attachment":[{"href":"https:\/\/giftsco.ma\/en\/wp-json\/wp\/v2\/media?parent=23519"}],"wp:term":[{"taxonomy":"product_brand","embeddable":true,"href":"https:\/\/giftsco.ma\/en\/wp-json\/wp\/v2\/product_brand?post=23519"},{"taxonomy":"product_cat","embeddable":true,"href":"https:\/\/giftsco.ma\/en\/wp-json\/wp\/v2\/product_cat?post=23519"},{"taxonomy":"product_tag","embeddable":true,"href":"https:\/\/giftsco.ma\/en\/wp-json\/wp\/v2\/product_tag?post=23519"}],"curies":[{"name":"wp","href":"https:\/\/api.w.org\/{rel}","templated":true}]}}