{"id":23365,"date":"2026-03-03T01:17:45","date_gmt":"2026-03-03T00:17:45","guid":{"rendered":"https:\/\/giftsco.ma\/?post_type=product&#038;p=23365"},"modified":"2026-03-11T04:46:20","modified_gmt":"2026-03-11T03:46:20","slug":"superbe-vase-artisanal-style-satsuma-1920","status":"publish","type":"product","link":"https:\/\/giftsco.ma\/en\/product\/superbe-vase-artisanal-style-satsuma-1920\/","title":{"rendered":"Vase de collection Style Satsuma &#8211; Peint \u00e0 la main"},"content":{"rendered":"<p>Vase en faience Japonaise classique des pi\u00e8ces d\u00a0\u00bbexportation du d\u00e9but XX , tr\u00e8s appr\u00e9ci\u00e9es pour leur richesse ornementale et leur texture unique; datant des ann\u00e9es 20<\/p>\n<p>Technique de d\u00e9coration en relief appel\u00e9e Moriage, r\u00e9alis\u00e9es avec des \u00e9mails \u00e9pais appliqu\u00e9s \u00e0 la main pour un effet textur\u00e9 en 3 dimensions<\/p>\n<p>Illustration de sc\u00e8nes traditionnelles japonaise mettant en sc\u00e8ne des figures f\u00e9minines (d\u00e9it\u00e9s ou courtisanes)<\/p>\n<p>Note d&rsquo;authenticit\u00e9 : cette pi\u00e8ce comporte les marques du temps qui t\u00e9moignent de son v\u00e9cu; craquelures naturelles de l&rsquo;\u00e9mail\u00a0 et l\u00e9g\u00e8res d\u00e9colorations par endroits, ce qui lui conf\u00e8re tout son charme et son caract\u00e8re unique<\/p>\n<p>&nbsp;<\/p>","protected":false},"excerpt":{"rendered":"<p>Vase en faience Japonaise classique des pi\u00e8ces d\u00a0\u00bbexportation du d\u00e9but XX , tr\u00e8s appr\u00e9ci\u00e9es pour leur richesse ornementale et leur texture unique; datant des ann\u00e9es 20 Technique de d\u00e9coration en&hellip;<\/p>","protected":false},"featured_media":23525,"comment_status":"open","ping_status":"closed","template":"","meta":[],"product_brand":[],"product_cat":[404],"product_tag":[],"class_list":{"0":"post-23365","1":"product","2":"type-product","3":"status-publish","4":"has-post-thumbnail","6":"product_cat-art-deco","8":"first","9":"instock","10":"shipping-taxable","11":"purchasable","12":"product-type-simple"},"jetpack_sharing_enabled":true,"_links":{"self":[{"href":"https:\/\/giftsco.ma\/en\/wp-json\/wp\/v2\/product\/23365","targetHints":{"allow":["GET"]}}],"collection":[{"href":"https:\/\/giftsco.ma\/en\/wp-json\/wp\/v2\/product"}],"about":[{"href":"https:\/\/giftsco.ma\/en\/wp-json\/wp\/v2\/types\/product"}],"replies":[{"embeddable":true,"href":"https:\/\/giftsco.ma\/en\/wp-json\/wp\/v2\/comments?post=23365"}],"version-history":[{"count":2,"href":"https:\/\/giftsco.ma\/en\/wp-json\/wp\/v2\/product\/23365\/revisions"}],"predecessor-version":[{"id":23526,"href":"https:\/\/giftsco.ma\/en\/wp-json\/wp\/v2\/product\/23365\/revisions\/23526"}],"wp:featuredmedia":[{"embeddable":true,"href":"https:\/\/giftsco.ma\/en\/wp-json\/wp\/v2\/media\/23525"}],"wp:attachment":[{"href":"https:\/\/giftsco.ma\/en\/wp-json\/wp\/v2\/media?parent=23365"}],"wp:term":[{"taxonomy":"product_brand","embeddable":true,"href":"https:\/\/giftsco.ma\/en\/wp-json\/wp\/v2\/product_brand?post=23365"},{"taxonomy":"product_cat","embeddable":true,"href":"https:\/\/giftsco.ma\/en\/wp-json\/wp\/v2\/product_cat?post=23365"},{"taxonomy":"product_tag","embeddable":true,"href":"https:\/\/giftsco.ma\/en\/wp-json\/wp\/v2\/product_tag?post=23365"}],"curies":[{"name":"wp","href":"https:\/\/api.w.org\/{rel}","templated":true}]}}