{"id":23340,"date":"2026-03-02T17:07:15","date_gmt":"2026-03-02T16:07:15","guid":{"rendered":"https:\/\/giftsco.ma\/?post_type=product&#038;p=23340"},"modified":"2026-03-06T23:48:13","modified_gmt":"2026-03-06T22:48:13","slug":"coffret-rouge-audace-carnet-et-stylo-moleskine","status":"publish","type":"product","link":"https:\/\/giftsco.ma\/en\/product\/coffret-rouge-audace-carnet-et-stylo-moleskine\/","title":{"rendered":"Coffret Rouge Audace Carnet et Stylo Moleskine"},"content":{"rendered":"<p>Ensemble monochrome Rouge Vif comprenant :<\/p>\n<p>Coffret chic avec d\u00e9tail fleur Cam\u00e9lia<\/p>\n<p>Carnet Classique Rouge lign\u00e9 Ft 13X21 CM<\/p>\n<p>Stylo Roller Kaweco x Moleskine Rouge au corps en r\u00e9sine ABS<\/p>","protected":false},"excerpt":{"rendered":"<p>Ensemble monochrome Rouge Vif comprenant : Coffret chic avec d\u00e9tail fleur Cam\u00e9lia Carnet Classique Rouge lign\u00e9 Ft 13X21 CM Stylo Roller Kaweco x Moleskine Rouge au corps en r\u00e9sine ABS<\/p>","protected":false},"featured_media":23380,"comment_status":"open","ping_status":"closed","template":"","meta":[],"product_brand":[],"product_cat":[346,348],"product_tag":[],"class_list":{"0":"post-23340","1":"product","2":"type-product","3":"status-publish","4":"has-post-thumbnail","6":"product_cat-coffret-cadeau","7":"product_cat-kaweco-x-moleskine","9":"first","10":"instock","11":"shipping-taxable","12":"purchasable","13":"product-type-simple"},"jetpack_sharing_enabled":true,"_links":{"self":[{"href":"https:\/\/giftsco.ma\/en\/wp-json\/wp\/v2\/product\/23340","targetHints":{"allow":["GET"]}}],"collection":[{"href":"https:\/\/giftsco.ma\/en\/wp-json\/wp\/v2\/product"}],"about":[{"href":"https:\/\/giftsco.ma\/en\/wp-json\/wp\/v2\/types\/product"}],"replies":[{"embeddable":true,"href":"https:\/\/giftsco.ma\/en\/wp-json\/wp\/v2\/comments?post=23340"}],"version-history":[{"count":2,"href":"https:\/\/giftsco.ma\/en\/wp-json\/wp\/v2\/product\/23340\/revisions"}],"predecessor-version":[{"id":23467,"href":"https:\/\/giftsco.ma\/en\/wp-json\/wp\/v2\/product\/23340\/revisions\/23467"}],"wp:featuredmedia":[{"embeddable":true,"href":"https:\/\/giftsco.ma\/en\/wp-json\/wp\/v2\/media\/23380"}],"wp:attachment":[{"href":"https:\/\/giftsco.ma\/en\/wp-json\/wp\/v2\/media?parent=23340"}],"wp:term":[{"taxonomy":"product_brand","embeddable":true,"href":"https:\/\/giftsco.ma\/en\/wp-json\/wp\/v2\/product_brand?post=23340"},{"taxonomy":"product_cat","embeddable":true,"href":"https:\/\/giftsco.ma\/en\/wp-json\/wp\/v2\/product_cat?post=23340"},{"taxonomy":"product_tag","embeddable":true,"href":"https:\/\/giftsco.ma\/en\/wp-json\/wp\/v2\/product_tag?post=23340"}],"curies":[{"name":"wp","href":"https:\/\/api.w.org\/{rel}","templated":true}]}}