{"id":23333,"date":"2026-02-28T01:20:29","date_gmt":"2026-02-28T00:20:29","guid":{"rendered":"https:\/\/giftsco.ma\/?post_type=product&#038;p=23333"},"modified":"2026-03-15T03:07:23","modified_gmt":"2026-03-15T02:07:23","slug":"vase-style-imperatrice-josephine-a-camee","status":"publish","type":"product","link":"https:\/\/giftsco.ma\/en\/product\/vase-style-imperatrice-josephine-a-camee\/","title":{"rendered":"Vase Imp\u00e9ratrice Jos\u00e9phine (\u00e0 cam\u00e9e) d\u00e9tail Or 24 Cts"},"content":{"rendered":"<p>Le m\u00e9daillon central en cam\u00e9e (figure de femme) est la signature classique de ce Vase (Collection Hommage au go\u00fbt de Jos\u00e9phine pour les bijoux et cam\u00e9es antiques)<\/p>\n<p>L&rsquo;utilisation de Rubis profond associ\u00e9 \u00e0 un empi\u00e8tement en verre opalin blanc est typique de cette collection;<\/p>\n<p>Les filets dor\u00e9s (or 24 carats) sont appliqu\u00e9s \u00e0 la main<\/p>\n<p>Pi\u00e8ce de collection, en tr\u00e8s bon Etat<\/p>","protected":false},"excerpt":{"rendered":"<p>Le m\u00e9daillon central en cam\u00e9e (figure de femme) est la signature classique de ce Vase (Collection Hommage au go\u00fbt de Jos\u00e9phine pour les bijoux et cam\u00e9es antiques) L&rsquo;utilisation de Rubis&hellip;<\/p>","protected":false},"featured_media":23421,"comment_status":"open","ping_status":"closed","template":"","meta":[],"product_brand":[],"product_cat":[404],"product_tag":[],"class_list":{"0":"post-23333","1":"product","2":"type-product","3":"status-publish","4":"has-post-thumbnail","6":"product_cat-art-deco","8":"first","9":"instock","10":"sold-individually","11":"shipping-taxable","12":"purchasable","13":"product-type-simple"},"jetpack_sharing_enabled":true,"_links":{"self":[{"href":"https:\/\/giftsco.ma\/en\/wp-json\/wp\/v2\/product\/23333","targetHints":{"allow":["GET"]}}],"collection":[{"href":"https:\/\/giftsco.ma\/en\/wp-json\/wp\/v2\/product"}],"about":[{"href":"https:\/\/giftsco.ma\/en\/wp-json\/wp\/v2\/types\/product"}],"replies":[{"embeddable":true,"href":"https:\/\/giftsco.ma\/en\/wp-json\/wp\/v2\/comments?post=23333"}],"version-history":[{"count":6,"href":"https:\/\/giftsco.ma\/en\/wp-json\/wp\/v2\/product\/23333\/revisions"}],"predecessor-version":[{"id":23518,"href":"https:\/\/giftsco.ma\/en\/wp-json\/wp\/v2\/product\/23333\/revisions\/23518"}],"wp:featuredmedia":[{"embeddable":true,"href":"https:\/\/giftsco.ma\/en\/wp-json\/wp\/v2\/media\/23421"}],"wp:attachment":[{"href":"https:\/\/giftsco.ma\/en\/wp-json\/wp\/v2\/media?parent=23333"}],"wp:term":[{"taxonomy":"product_brand","embeddable":true,"href":"https:\/\/giftsco.ma\/en\/wp-json\/wp\/v2\/product_brand?post=23333"},{"taxonomy":"product_cat","embeddable":true,"href":"https:\/\/giftsco.ma\/en\/wp-json\/wp\/v2\/product_cat?post=23333"},{"taxonomy":"product_tag","embeddable":true,"href":"https:\/\/giftsco.ma\/en\/wp-json\/wp\/v2\/product_tag?post=23333"}],"curies":[{"name":"wp","href":"https:\/\/api.w.org\/{rel}","templated":true}]}}