{"id":23320,"date":"2026-02-26T04:02:20","date_gmt":"2026-02-26T03:02:20","guid":{"rendered":"https:\/\/giftsco.ma\/?post_type=product&#038;p=23320"},"modified":"2026-03-05T13:58:25","modified_gmt":"2026-03-05T12:58:25","slug":"coupe-sculpturale-etoile-de-mer-murano","status":"publish","type":"product","link":"https:\/\/giftsco.ma\/en\/product\/coupe-sculpturale-etoile-de-mer-murano\/","title":{"rendered":"Coupe sculpturale \u00e9toile de mer MURANO"},"content":{"rendered":"<p>Une pi\u00e8ce aux lignes spectaculaires et organiques qui rappellent une \u00e9toile de mer ou une corolle de fleur en plein mouvement. C&rsquo;est l&rsquo;article le plus <b data-path-to-node=\"2,0,0\" data-index-in-node=\"163\">sculptural<\/b> de notre collection actuelle.<\/p>\n<p>Le corps est en verre cristal totalement transparent, ce qui apporte une grande l\u00e9g\u00e8ret\u00e9 visuelle. Le rebord est soulign\u00e9 par un filet de couleur ambre\/miel qui capture la lumi\u00e8re et souligne la forme complexe de l&rsquo;objet<\/p>\n<p>Fait \u00e0 la main<\/p>","protected":false},"excerpt":{"rendered":"<p>Une pi\u00e8ce aux lignes spectaculaires et organiques qui rappellent une \u00e9toile de mer ou une corolle de fleur en plein mouvement. C&rsquo;est l&rsquo;article le plus sculptural de notre collection actuelle.&hellip;<\/p>","protected":false},"featured_media":23417,"comment_status":"open","ping_status":"closed","template":"","meta":[],"product_brand":[],"product_cat":[404],"product_tag":[],"class_list":{"0":"post-23320","1":"product","2":"type-product","3":"status-publish","4":"has-post-thumbnail","6":"product_cat-art-deco","8":"first","9":"instock","10":"shipping-taxable","11":"purchasable","12":"product-type-simple"},"jetpack_sharing_enabled":true,"_links":{"self":[{"href":"https:\/\/giftsco.ma\/en\/wp-json\/wp\/v2\/product\/23320","targetHints":{"allow":["GET"]}}],"collection":[{"href":"https:\/\/giftsco.ma\/en\/wp-json\/wp\/v2\/product"}],"about":[{"href":"https:\/\/giftsco.ma\/en\/wp-json\/wp\/v2\/types\/product"}],"replies":[{"embeddable":true,"href":"https:\/\/giftsco.ma\/en\/wp-json\/wp\/v2\/comments?post=23320"}],"version-history":[{"count":1,"href":"https:\/\/giftsco.ma\/en\/wp-json\/wp\/v2\/product\/23320\/revisions"}],"predecessor-version":[{"id":23321,"href":"https:\/\/giftsco.ma\/en\/wp-json\/wp\/v2\/product\/23320\/revisions\/23321"}],"wp:featuredmedia":[{"embeddable":true,"href":"https:\/\/giftsco.ma\/en\/wp-json\/wp\/v2\/media\/23417"}],"wp:attachment":[{"href":"https:\/\/giftsco.ma\/en\/wp-json\/wp\/v2\/media?parent=23320"}],"wp:term":[{"taxonomy":"product_brand","embeddable":true,"href":"https:\/\/giftsco.ma\/en\/wp-json\/wp\/v2\/product_brand?post=23320"},{"taxonomy":"product_cat","embeddable":true,"href":"https:\/\/giftsco.ma\/en\/wp-json\/wp\/v2\/product_cat?post=23320"},{"taxonomy":"product_tag","embeddable":true,"href":"https:\/\/giftsco.ma\/en\/wp-json\/wp\/v2\/product_tag?post=23320"}],"curies":[{"name":"wp","href":"https:\/\/api.w.org\/{rel}","templated":true}]}}