{"id":23317,"date":"2026-02-26T03:57:18","date_gmt":"2026-02-26T02:57:18","guid":{"rendered":"https:\/\/giftsco.ma\/?post_type=product&#038;p=23317"},"modified":"2026-03-05T23:26:40","modified_gmt":"2026-03-05T22:26:40","slug":"vase-pichet-zebra-murano-noir-blanc","status":"publish","type":"product","link":"https:\/\/giftsco.ma\/en\/product\/vase-pichet-zebra-murano-noir-blanc\/","title":{"rendered":"Soliflore Graphique \u2013 Verre Souffl\u00e9 \u00e0 Rayures Contrast\u00e9es"},"content":{"rendered":"<p>Un objet d&rsquo;art audacieux et tr\u00e8s graphique. Ce vase Soliflore\u00a0 se distingue par ses lignes horizontales blanches qui s&rsquo;enroulent autour d&rsquo;un corps noir profond, cr\u00e9ant un effet \u00ab\u00a0z\u00e8bre\u00a0\u00bb ultra-moderne.Une silhouette \u00e9lanc\u00e9e et originale avec une anse en verre transparent souffl\u00e9.<\/p>\n<p>Magnifique en pi\u00e8ce centrale sur une table, commode ou sur un bureau<\/p>\n<p>Fait \u00e0 la main<\/p>\n<p>&nbsp;<\/p>","protected":false},"excerpt":{"rendered":"<p>Un objet d&rsquo;art audacieux et tr\u00e8s graphique. Ce vase Soliflore\u00a0 se distingue par ses lignes horizontales blanches qui s&rsquo;enroulent autour d&rsquo;un corps noir profond, cr\u00e9ant un effet \u00ab\u00a0z\u00e8bre\u00a0\u00bb ultra-moderne.Une silhouette&hellip;<\/p>","protected":false},"featured_media":23413,"comment_status":"open","ping_status":"closed","template":"","meta":[],"product_brand":[],"product_cat":[404],"product_tag":[],"class_list":{"0":"post-23317","1":"product","2":"type-product","3":"status-publish","4":"has-post-thumbnail","6":"product_cat-art-deco","8":"first","9":"instock","10":"shipping-taxable","11":"purchasable","12":"product-type-simple"},"jetpack_sharing_enabled":true,"_links":{"self":[{"href":"https:\/\/giftsco.ma\/en\/wp-json\/wp\/v2\/product\/23317","targetHints":{"allow":["GET"]}}],"collection":[{"href":"https:\/\/giftsco.ma\/en\/wp-json\/wp\/v2\/product"}],"about":[{"href":"https:\/\/giftsco.ma\/en\/wp-json\/wp\/v2\/types\/product"}],"replies":[{"embeddable":true,"href":"https:\/\/giftsco.ma\/en\/wp-json\/wp\/v2\/comments?post=23317"}],"version-history":[{"count":2,"href":"https:\/\/giftsco.ma\/en\/wp-json\/wp\/v2\/product\/23317\/revisions"}],"predecessor-version":[{"id":23325,"href":"https:\/\/giftsco.ma\/en\/wp-json\/wp\/v2\/product\/23317\/revisions\/23325"}],"wp:featuredmedia":[{"embeddable":true,"href":"https:\/\/giftsco.ma\/en\/wp-json\/wp\/v2\/media\/23413"}],"wp:attachment":[{"href":"https:\/\/giftsco.ma\/en\/wp-json\/wp\/v2\/media?parent=23317"}],"wp:term":[{"taxonomy":"product_brand","embeddable":true,"href":"https:\/\/giftsco.ma\/en\/wp-json\/wp\/v2\/product_brand?post=23317"},{"taxonomy":"product_cat","embeddable":true,"href":"https:\/\/giftsco.ma\/en\/wp-json\/wp\/v2\/product_cat?post=23317"},{"taxonomy":"product_tag","embeddable":true,"href":"https:\/\/giftsco.ma\/en\/wp-json\/wp\/v2\/product_tag?post=23317"}],"curies":[{"name":"wp","href":"https:\/\/api.w.org\/{rel}","templated":true}]}}