{"id":23300,"date":"2026-02-26T00:00:10","date_gmt":"2026-02-25T23:00:10","guid":{"rendered":"https:\/\/giftsco.ma\/?post_type=product&#038;p=23300"},"modified":"2026-03-05T13:56:16","modified_gmt":"2026-03-05T12:56:16","slug":"vase-decoratif-bleu-azur-murano","status":"publish","type":"product","link":"https:\/\/giftsco.ma\/en\/product\/vase-decoratif-bleu-azur-murano\/","title":{"rendered":"Vase Bleu Azur Profond &#8211; Fait main"},"content":{"rendered":"<p>Ce vase se distingue par son bleu azur \u00e9clatant, une teinte rare qui apporte de la fraicheur, de la luminosit\u00e9 \u00e0 un int\u00e9rieur<\/p>\n<p>D\u00e9tail artisanal unique: une ligne ambr\u00e9e\/ marron souffl\u00e9e \u00e0 la main cr\u00e9e un contraste naturel et \u00e9l\u00e9gant<\/p>\n<p>Une pi\u00e8ce authentique de collection, souffl\u00e9e \u00e0 la bouche par son artisan, qui se voit \u00e0 la qualit\u00e9 du verre et la profondeur des couleurs<\/p>\n<p>&nbsp;<\/p>","protected":false},"excerpt":{"rendered":"<p>Ce vase se distingue par son bleu azur \u00e9clatant, une teinte rare qui apporte de la fraicheur, de la luminosit\u00e9 \u00e0 un int\u00e9rieur D\u00e9tail artisanal unique: une ligne ambr\u00e9e\/ marron&hellip;<\/p>","protected":false},"featured_media":23416,"comment_status":"open","ping_status":"closed","template":"","meta":[],"product_brand":[],"product_cat":[404],"product_tag":[],"class_list":{"0":"post-23300","1":"product","2":"type-product","3":"status-publish","4":"has-post-thumbnail","6":"product_cat-art-deco","8":"first","9":"instock","10":"featured","11":"shipping-taxable","12":"purchasable","13":"product-type-simple"},"jetpack_sharing_enabled":true,"_links":{"self":[{"href":"https:\/\/giftsco.ma\/en\/wp-json\/wp\/v2\/product\/23300","targetHints":{"allow":["GET"]}}],"collection":[{"href":"https:\/\/giftsco.ma\/en\/wp-json\/wp\/v2\/product"}],"about":[{"href":"https:\/\/giftsco.ma\/en\/wp-json\/wp\/v2\/types\/product"}],"replies":[{"embeddable":true,"href":"https:\/\/giftsco.ma\/en\/wp-json\/wp\/v2\/comments?post=23300"}],"version-history":[{"count":5,"href":"https:\/\/giftsco.ma\/en\/wp-json\/wp\/v2\/product\/23300\/revisions"}],"predecessor-version":[{"id":23336,"href":"https:\/\/giftsco.ma\/en\/wp-json\/wp\/v2\/product\/23300\/revisions\/23336"}],"wp:featuredmedia":[{"embeddable":true,"href":"https:\/\/giftsco.ma\/en\/wp-json\/wp\/v2\/media\/23416"}],"wp:attachment":[{"href":"https:\/\/giftsco.ma\/en\/wp-json\/wp\/v2\/media?parent=23300"}],"wp:term":[{"taxonomy":"product_brand","embeddable":true,"href":"https:\/\/giftsco.ma\/en\/wp-json\/wp\/v2\/product_brand?post=23300"},{"taxonomy":"product_cat","embeddable":true,"href":"https:\/\/giftsco.ma\/en\/wp-json\/wp\/v2\/product_cat?post=23300"},{"taxonomy":"product_tag","embeddable":true,"href":"https:\/\/giftsco.ma\/en\/wp-json\/wp\/v2\/product_tag?post=23300"}],"curies":[{"name":"wp","href":"https:\/\/api.w.org\/{rel}","templated":true}]}}