{"id":23296,"date":"2026-02-25T23:45:57","date_gmt":"2026-02-25T22:45:57","guid":{"rendered":"https:\/\/giftsco.ma\/?post_type=product&#038;p=23296"},"modified":"2026-03-11T04:55:15","modified_gmt":"2026-03-11T03:55:15","slug":"cygne-decoratif-en-verre-de-murano","status":"publish","type":"product","link":"https:\/\/giftsco.ma\/en\/product\/cygne-decoratif-en-verre-de-murano\/","title":{"rendered":"Sculpture vide poche Cygne Murano Bleu Cobat &#038; Blan"},"content":{"rendered":"<p>Ce maginfique cygne est une sculpture qui peut \u00e9galement servir de vide poche<\/p>\n<p>Pi\u00e8ce vintage Murano tr\u00e8s typique, et tendance qui rajoute une touche \u00e9l\u00e9gante \u00e0 votre table ou une console d&rsquo;\u00e9ntr\u00e9e<\/p>\n<p>Fait \u00e0 la main<\/p>\n<p>Travail du verre mouchet\u00e9 ou en splash avec des \u00e9clats de couleurs (Bleu Cobalt, Blanc, Noir) projet\u00e9s dans la masse de verre transparente pendant qu&rsquo;elle \u00e9tait en fusion<\/p>\n<p>Excellente condition<\/p>\n<p>&nbsp;<\/p>\n<p>&nbsp;<\/p>","protected":false},"excerpt":{"rendered":"<p>Ce maginfique cygne est une sculpture qui peut \u00e9galement servir de vide poche Pi\u00e8ce vintage Murano tr\u00e8s typique, et tendance qui rajoute une touche \u00e9l\u00e9gante \u00e0 votre table ou une&hellip;<\/p>","protected":false},"featured_media":23419,"comment_status":"open","ping_status":"closed","template":"","meta":[],"product_brand":[],"product_cat":[404],"product_tag":[],"class_list":{"0":"post-23296","1":"product","2":"type-product","3":"status-publish","4":"has-post-thumbnail","6":"product_cat-art-deco","8":"first","9":"instock","10":"shipping-taxable","11":"purchasable","12":"product-type-simple"},"jetpack_sharing_enabled":true,"_links":{"self":[{"href":"https:\/\/giftsco.ma\/en\/wp-json\/wp\/v2\/product\/23296","targetHints":{"allow":["GET"]}}],"collection":[{"href":"https:\/\/giftsco.ma\/en\/wp-json\/wp\/v2\/product"}],"about":[{"href":"https:\/\/giftsco.ma\/en\/wp-json\/wp\/v2\/types\/product"}],"replies":[{"embeddable":true,"href":"https:\/\/giftsco.ma\/en\/wp-json\/wp\/v2\/comments?post=23296"}],"version-history":[{"count":6,"href":"https:\/\/giftsco.ma\/en\/wp-json\/wp\/v2\/product\/23296\/revisions"}],"predecessor-version":[{"id":23527,"href":"https:\/\/giftsco.ma\/en\/wp-json\/wp\/v2\/product\/23296\/revisions\/23527"}],"wp:featuredmedia":[{"embeddable":true,"href":"https:\/\/giftsco.ma\/en\/wp-json\/wp\/v2\/media\/23419"}],"wp:attachment":[{"href":"https:\/\/giftsco.ma\/en\/wp-json\/wp\/v2\/media?parent=23296"}],"wp:term":[{"taxonomy":"product_brand","embeddable":true,"href":"https:\/\/giftsco.ma\/en\/wp-json\/wp\/v2\/product_brand?post=23296"},{"taxonomy":"product_cat","embeddable":true,"href":"https:\/\/giftsco.ma\/en\/wp-json\/wp\/v2\/product_cat?post=23296"},{"taxonomy":"product_tag","embeddable":true,"href":"https:\/\/giftsco.ma\/en\/wp-json\/wp\/v2\/product_tag?post=23296"}],"curies":[{"name":"wp","href":"https:\/\/api.w.org\/{rel}","templated":true}]}}