{"id":23294,"date":"2026-02-25T23:37:20","date_gmt":"2026-02-25T22:37:20","guid":{"rendered":"https:\/\/giftsco.ma\/?post_type=product&#038;p=23294"},"modified":"2026-03-05T14:04:14","modified_gmt":"2026-03-05T13:04:14","slug":"vase-de-forme-ovoide-murano-annees-60","status":"publish","type":"product","link":"https:\/\/giftsco.ma\/en\/product\/vase-de-forme-ovoide-murano-annees-60\/","title":{"rendered":"Vase de forme Ovoide  (Ann\u00e9es 60)"},"content":{"rendered":"<p>Vase de collection en verre de Murano, tr\u00e8s original et rac\u00e9<\/p>\n<p>Fait Main<\/p>\n<p>Design vintage ann\u00e9es 60, \u00e9l\u00e9gant et moderne<\/p>\n<p>M\u00e9lange de noir brillant et de blanc avec des formes en \u00ab\u00a0oeil\u00a0\u00bb de couleur marron<\/p>","protected":false},"excerpt":{"rendered":"<p>Vase de collection en verre de Murano, tr\u00e8s original et rac\u00e9 Fait Main Design vintage ann\u00e9es 60, \u00e9l\u00e9gant et moderne M\u00e9lange de noir brillant et de blanc avec des formes&hellip;<\/p>","protected":false},"featured_media":23418,"comment_status":"open","ping_status":"closed","template":"","meta":[],"product_brand":[],"product_cat":[404],"product_tag":[],"class_list":{"0":"post-23294","1":"product","2":"type-product","3":"status-publish","4":"has-post-thumbnail","6":"product_cat-art-deco","8":"first","9":"instock","10":"featured","11":"shipping-taxable","12":"purchasable","13":"product-type-simple"},"jetpack_sharing_enabled":true,"_links":{"self":[{"href":"https:\/\/giftsco.ma\/en\/wp-json\/wp\/v2\/product\/23294","targetHints":{"allow":["GET"]}}],"collection":[{"href":"https:\/\/giftsco.ma\/en\/wp-json\/wp\/v2\/product"}],"about":[{"href":"https:\/\/giftsco.ma\/en\/wp-json\/wp\/v2\/types\/product"}],"replies":[{"embeddable":true,"href":"https:\/\/giftsco.ma\/en\/wp-json\/wp\/v2\/comments?post=23294"}],"version-history":[{"count":3,"href":"https:\/\/giftsco.ma\/en\/wp-json\/wp\/v2\/product\/23294\/revisions"}],"predecessor-version":[{"id":23529,"href":"https:\/\/giftsco.ma\/en\/wp-json\/wp\/v2\/product\/23294\/revisions\/23529"}],"wp:featuredmedia":[{"embeddable":true,"href":"https:\/\/giftsco.ma\/en\/wp-json\/wp\/v2\/media\/23418"}],"wp:attachment":[{"href":"https:\/\/giftsco.ma\/en\/wp-json\/wp\/v2\/media?parent=23294"}],"wp:term":[{"taxonomy":"product_brand","embeddable":true,"href":"https:\/\/giftsco.ma\/en\/wp-json\/wp\/v2\/product_brand?post=23294"},{"taxonomy":"product_cat","embeddable":true,"href":"https:\/\/giftsco.ma\/en\/wp-json\/wp\/v2\/product_cat?post=23294"},{"taxonomy":"product_tag","embeddable":true,"href":"https:\/\/giftsco.ma\/en\/wp-json\/wp\/v2\/product_tag?post=23294"}],"curies":[{"name":"wp","href":"https:\/\/api.w.org\/{rel}","templated":true}]}}