{"id":23281,"date":"2026-02-25T22:47:47","date_gmt":"2026-02-25T21:47:47","guid":{"rendered":"https:\/\/giftsco.ma\/?post_type=product&#038;p=23281"},"modified":"2026-03-05T14:05:31","modified_gmt":"2026-03-05T13:05:31","slug":"vase-en-verre-de-murano-souffle-couleur-ambre","status":"publish","type":"product","link":"https:\/\/giftsco.ma\/en\/product\/vase-en-verre-de-murano-souffle-couleur-ambre\/","title":{"rendered":"Vase en verre de Murano souffl\u00e9 couleur Ambre"},"content":{"rendered":"<p>Vase en verre de Murano, souffl\u00e9 \u00e0 la main, de hauteur 51 cm<\/p>\n<p>Sa hauteur en fait une pi\u00e8ce \u00ab\u00a0Masterpiece\u00a0\u00bb. La couleur Ambre est chaleureuse et tr\u00e9s haut de gamme, parfaite pour contraster avec des int\u00e9rieurs modernes.<\/p>","protected":false},"excerpt":{"rendered":"<p>Vase en verre de Murano, souffl\u00e9 \u00e0 la main, de hauteur 51 cm Sa hauteur en fait une pi\u00e8ce \u00ab\u00a0Masterpiece\u00a0\u00bb. La couleur Ambre est chaleureuse et tr\u00e9s haut de gamme,&hellip;<\/p>","protected":false},"featured_media":23420,"comment_status":"open","ping_status":"closed","template":"","meta":[],"product_brand":[],"product_cat":[404],"product_tag":[],"class_list":{"0":"post-23281","1":"product","2":"type-product","3":"status-publish","4":"has-post-thumbnail","6":"product_cat-art-deco","8":"first","9":"instock","10":"featured","11":"shipping-taxable","12":"purchasable","13":"product-type-simple"},"jetpack_sharing_enabled":true,"_links":{"self":[{"href":"https:\/\/giftsco.ma\/en\/wp-json\/wp\/v2\/product\/23281","targetHints":{"allow":["GET"]}}],"collection":[{"href":"https:\/\/giftsco.ma\/en\/wp-json\/wp\/v2\/product"}],"about":[{"href":"https:\/\/giftsco.ma\/en\/wp-json\/wp\/v2\/types\/product"}],"replies":[{"embeddable":true,"href":"https:\/\/giftsco.ma\/en\/wp-json\/wp\/v2\/comments?post=23281"}],"version-history":[{"count":1,"href":"https:\/\/giftsco.ma\/en\/wp-json\/wp\/v2\/product\/23281\/revisions"}],"predecessor-version":[{"id":23283,"href":"https:\/\/giftsco.ma\/en\/wp-json\/wp\/v2\/product\/23281\/revisions\/23283"}],"wp:featuredmedia":[{"embeddable":true,"href":"https:\/\/giftsco.ma\/en\/wp-json\/wp\/v2\/media\/23420"}],"wp:attachment":[{"href":"https:\/\/giftsco.ma\/en\/wp-json\/wp\/v2\/media?parent=23281"}],"wp:term":[{"taxonomy":"product_brand","embeddable":true,"href":"https:\/\/giftsco.ma\/en\/wp-json\/wp\/v2\/product_brand?post=23281"},{"taxonomy":"product_cat","embeddable":true,"href":"https:\/\/giftsco.ma\/en\/wp-json\/wp\/v2\/product_cat?post=23281"},{"taxonomy":"product_tag","embeddable":true,"href":"https:\/\/giftsco.ma\/en\/wp-json\/wp\/v2\/product_tag?post=23281"}],"curies":[{"name":"wp","href":"https:\/\/api.w.org\/{rel}","templated":true}]}}