{"id":23257,"date":"2026-02-10T00:17:46","date_gmt":"2026-02-09T23:17:46","guid":{"rendered":"https:\/\/giftsco.ma\/?post_type=product&#038;p=23257"},"modified":"2026-02-12T18:50:16","modified_gmt":"2026-02-12T17:50:16","slug":"carnet-classic-blackpinkxmoleskine-ft-large","status":"publish","type":"product","link":"https:\/\/giftsco.ma\/en\/product\/carnet-classic-blackpinkxmoleskine-ft-large\/","title":{"rendered":"Carnet Classic BLACKPINK X Moleskine"},"content":{"rendered":"<ul class=\"colored square list-unstyled\">\n<li class=\"mb-2\">Carnet large (13x21cm) \u00e0 couverture rigide, lign\u00e9, inspir\u00e9 par BLACKPINK<\/li>\n<li class=\"mb-2\">Angles arrondis, fermeture \u00e9lastique et marque-pages rose<\/li>\n<li class=\"mb-2\">Papier sans acide, couleur ivoire, 70 g\/m\u00b2, lign\u00e9<\/li>\n<li class=\"mb-2\">Autocollants suppl\u00e9mentaires inclus pour personnaliser vos notes<\/li>\n<li class=\"mb-2\">Pochette int\u00e9rieure extensible \u00e0 soufflet \u00e0 l&rsquo;arri\u00e8re<\/li>\n<li class=\"mb-2\">Ouverture \u00e0 plat \u00e0 180\u00b0<\/li>\n<li class=\"mb-2\">Le papier de cet article Moleskine est fabriqu\u00e9 avec des mat\u00e9riaux issus de for\u00eats certifi\u00e9es FSC\u2122 pour leur excellente gestion ainsi que d&rsquo;autres sources contr\u00f4l\u00e9es.<\/li>\n<\/ul>","protected":false},"excerpt":{"rendered":"<p>Carnet large (13x21cm) \u00e0 couverture rigide, lign\u00e9, inspir\u00e9 par BLACKPINK Angles arrondis, fermeture \u00e9lastique et marque-pages rose Papier sans acide, couleur ivoire, 70 g\/m\u00b2, lign\u00e9 Autocollants suppl\u00e9mentaires inclus pour personnaliser&hellip;<\/p>","protected":false},"featured_media":23258,"comment_status":"open","ping_status":"closed","template":"","meta":[],"product_brand":[],"product_cat":[360],"product_tag":[],"class_list":{"0":"post-23257","1":"product","2":"type-product","3":"status-publish","4":"has-post-thumbnail","6":"product_cat-edition-limitees","8":"first","9":"instock","10":"featured","11":"shipping-taxable","12":"purchasable","13":"product-type-simple"},"jetpack_sharing_enabled":true,"_links":{"self":[{"href":"https:\/\/giftsco.ma\/en\/wp-json\/wp\/v2\/product\/23257","targetHints":{"allow":["GET"]}}],"collection":[{"href":"https:\/\/giftsco.ma\/en\/wp-json\/wp\/v2\/product"}],"about":[{"href":"https:\/\/giftsco.ma\/en\/wp-json\/wp\/v2\/types\/product"}],"replies":[{"embeddable":true,"href":"https:\/\/giftsco.ma\/en\/wp-json\/wp\/v2\/comments?post=23257"}],"version-history":[{"count":4,"href":"https:\/\/giftsco.ma\/en\/wp-json\/wp\/v2\/product\/23257\/revisions"}],"predecessor-version":[{"id":23265,"href":"https:\/\/giftsco.ma\/en\/wp-json\/wp\/v2\/product\/23257\/revisions\/23265"}],"wp:featuredmedia":[{"embeddable":true,"href":"https:\/\/giftsco.ma\/en\/wp-json\/wp\/v2\/media\/23258"}],"wp:attachment":[{"href":"https:\/\/giftsco.ma\/en\/wp-json\/wp\/v2\/media?parent=23257"}],"wp:term":[{"taxonomy":"product_brand","embeddable":true,"href":"https:\/\/giftsco.ma\/en\/wp-json\/wp\/v2\/product_brand?post=23257"},{"taxonomy":"product_cat","embeddable":true,"href":"https:\/\/giftsco.ma\/en\/wp-json\/wp\/v2\/product_cat?post=23257"},{"taxonomy":"product_tag","embeddable":true,"href":"https:\/\/giftsco.ma\/en\/wp-json\/wp\/v2\/product_tag?post=23257"}],"curies":[{"name":"wp","href":"https:\/\/api.w.org\/{rel}","templated":true}]}}