{"id":23092,"date":"2025-12-18T16:04:08","date_gmt":"2025-12-18T15:04:08","guid":{"rendered":"https:\/\/giftsco.ma\/?post_type=product&#038;p=23092"},"modified":"2026-03-07T00:56:01","modified_gmt":"2026-03-06T23:56:01","slug":"sacoche-ordinateur-metro-noir-15","status":"publish","type":"product","link":"https:\/\/giftsco.ma\/en\/product\/sacoche-ordinateur-metro-noir-15\/","title":{"rendered":"Sacoche Ordinateur Metro Noir 15&Prime;"},"content":{"rendered":"<p data-path-to-node=\"3\"><b>L&#8217;embl\u00e8me du luxe urbain et de l&rsquo;organisation<\/b> Port\u00e9e par les cr\u00e9atifs et les professionnels du monde entier, la ligne Metro de Moleskine est bien plus qu\u2019une sacoche : c\u2019est un symbole de statut et de mobilit\u00e9. Alliant une silhouette \u00e9pur\u00e9e \u00e0 une l\u00e9g\u00e8ret\u00e9 exceptionnelle, elle est con\u00e7ue pour ceux qui exigent le meilleur du design international.<\/p>\n<p data-path-to-node=\"4\"><b>Caract\u00e9ristiques Techniques &amp; Prestige :<\/b><\/p>\n<ul data-path-to-node=\"5\">\n<li>\n<p data-path-to-node=\"5,0,0\"><b>Format &amp; Compatibilit\u00e9 :<\/b> Dimensions g\u00e9n\u00e9reuses de <b>42 x 30 x 10 cm<\/b>, avec un compartiment rembourr\u00e9 d\u00e9di\u00e9 aux ordinateurs jusqu&rsquo;\u00e0 <b>15 pouces<\/b>.<\/p>\n<\/li>\n<li>\n<p data-path-to-node=\"5,1,0\"><b>Organisation Multi-Poches :<\/b> Un syst\u00e8me de rangement intelligent avec de multiples compartiments int\u00e9rieurs pour vos c\u00e2bles, t\u00e9l\u00e9phone et accessoires, ainsi qu&rsquo;une poche frontale \u00e0 acc\u00e8s rapide.<\/p>\n<\/li>\n<li>\n<p data-path-to-node=\"5,2,0\"><b>Confort Thermique :<\/b> Panneau arri\u00e8re en <b>maille respirante<\/b> pour une fra\u00eecheur continue et des bretelles r\u00e9glables pour un portage sans effort.<\/p>\n<\/li>\n<li>\n<p data-path-to-node=\"5,3,0\"><b>Protection Haute Performance :<\/b> Mat\u00e9riaux r\u00e9sistants \u00e0 l&rsquo;eau et fermeture \u00e9clair <b>thermoscell\u00e9e<\/b> pour prot\u00e9ger votre technologie contre la poussi\u00e8re et l&rsquo;humidit\u00e9.<\/p>\n<\/li>\n<li>\n<p data-path-to-node=\"5,4,0\"><b>Signature de Voyage :<\/b> \u00c9quip\u00e9e d&rsquo;une <b>sangle \u00e0 bagages<\/b> pour fixer la sacoche sur votre valise trolley lors de vos d\u00e9placements internationaux.<\/p>\n<\/li>\n<li>\n<p data-path-to-node=\"5,5,0\"><b>D\u00e9tails Iconiques :<\/b> Logo Moleskine sur mat\u00e9riau r\u00e9fl\u00e9chissant, affirmant votre appartenance \u00e0 une communaut\u00e9 de penseurs et d&rsquo;innovateurs<\/p>\n<\/li>\n<\/ul>\n<p>INT\u00c9RIEUR : 95% polyester 5 % polyur\u00e9thane<\/p>\n<p>&nbsp;<\/p>","protected":false},"excerpt":{"rendered":"<p>L&#8217;embl\u00e8me du luxe urbain et de l&rsquo;organisation Port\u00e9e par les cr\u00e9atifs et les professionnels du monde entier, la ligne Metro de Moleskine est bien plus qu\u2019une sacoche : c\u2019est un&hellip;<\/p>","protected":false},"featured_media":23470,"comment_status":"open","ping_status":"closed","template":"","meta":[],"product_brand":[],"product_cat":[351,355],"product_tag":[],"class_list":{"0":"post-23092","1":"product","2":"type-product","3":"status-publish","4":"has-post-thumbnail","6":"product_cat-sac-a-dos","7":"product_cat-metro","9":"first","10":"instock","11":"shipping-taxable","12":"purchasable","13":"product-type-simple"},"jetpack_sharing_enabled":true,"_links":{"self":[{"href":"https:\/\/giftsco.ma\/en\/wp-json\/wp\/v2\/product\/23092","targetHints":{"allow":["GET"]}}],"collection":[{"href":"https:\/\/giftsco.ma\/en\/wp-json\/wp\/v2\/product"}],"about":[{"href":"https:\/\/giftsco.ma\/en\/wp-json\/wp\/v2\/types\/product"}],"replies":[{"embeddable":true,"href":"https:\/\/giftsco.ma\/en\/wp-json\/wp\/v2\/comments?post=23092"}],"version-history":[{"count":1,"href":"https:\/\/giftsco.ma\/en\/wp-json\/wp\/v2\/product\/23092\/revisions"}],"predecessor-version":[{"id":23473,"href":"https:\/\/giftsco.ma\/en\/wp-json\/wp\/v2\/product\/23092\/revisions\/23473"}],"wp:featuredmedia":[{"embeddable":true,"href":"https:\/\/giftsco.ma\/en\/wp-json\/wp\/v2\/media\/23470"}],"wp:attachment":[{"href":"https:\/\/giftsco.ma\/en\/wp-json\/wp\/v2\/media?parent=23092"}],"wp:term":[{"taxonomy":"product_brand","embeddable":true,"href":"https:\/\/giftsco.ma\/en\/wp-json\/wp\/v2\/product_brand?post=23092"},{"taxonomy":"product_cat","embeddable":true,"href":"https:\/\/giftsco.ma\/en\/wp-json\/wp\/v2\/product_cat?post=23092"},{"taxonomy":"product_tag","embeddable":true,"href":"https:\/\/giftsco.ma\/en\/wp-json\/wp\/v2\/product_tag?post=23092"}],"curies":[{"name":"wp","href":"https:\/\/api.w.org\/{rel}","templated":true}]}}