{"id":23082,"date":"2025-12-18T15:51:10","date_gmt":"2025-12-18T14:51:10","guid":{"rendered":"https:\/\/giftsco.ma\/?post_type=product&#038;p=23082"},"modified":"2026-03-07T01:48:52","modified_gmt":"2026-03-07T00:48:52","slug":"sac-a-dos-classic-pro-device-bag-noir-15","status":"publish","type":"product","link":"https:\/\/giftsco.ma\/en\/product\/sac-a-dos-classic-pro-device-bag-noir-15\/","title":{"rendered":"Sacoche\/ Sac \u00e0 Dos Classic Pro Device Bag  Noir 15&Prime;"},"content":{"rendered":"<p><span class=\"a-list-item a-size-base a-color-base\">\u00c9l\u00e9gant et professionnel, il s&rsquo;agit du sac \u00e0 dos professionnel adapt\u00e9 pour le bureau dans un style Moleskine parfait<\/span><\/p>\n<p><span class=\"a-list-item a-size-base a-color-base\">Avec un design \u00e9l\u00e9gant, pratique et fonctionnel, ce sac peut \u00eatre port\u00e9 horizontalement ou verticalement, et la poign\u00e9e coulissante continue s&rsquo;adapte \u00e0 toute utilisation.<\/span><\/p>\n<p><span class=\"a-list-item a-size-base a-color-base\">La fermeture est verticale avec une fermeture \u00e9clair pratique \u00e0 l&rsquo;avant et sur le dessus. Le compartiment arri\u00e8re avec fermeture magn\u00e9tique peut contenir des sangles amovibles.<\/span><\/p>\n<p><span class=\"a-list-item a-size-base a-color-base\">Le compartiment principal se ferme avec une fermeture \u00e9clair, dispose d&rsquo;une pochette rembourr\u00e9e pour les appareils techniques, d&rsquo;une poche \u00ab My Moleskine Notes \u00bb pour ordinateurs portables, d&rsquo;une poche zipp\u00e9e s\u00e9curis\u00e9e, d&rsquo;un organiseur de stylo et d&rsquo;une poche rembourr\u00e9e pour les lunettes.<\/span><\/p>\n<p><span class=\"a-list-item a-size-base a-color-base\">Ce sac \u00e0 dos est disponible dans la taille 30 x 41.5 x 6.5 cm et en couleur noir<\/span><\/p>","protected":false},"excerpt":{"rendered":"<p>\u00c9l\u00e9gant et professionnel, il s&rsquo;agit du sac \u00e0 dos professionnel adapt\u00e9 pour le bureau dans un style Moleskine parfait Avec un design \u00e9l\u00e9gant, pratique et fonctionnel, ce sac peut \u00eatre&hellip;<\/p>","protected":false},"featured_media":23474,"comment_status":"open","ping_status":"closed","template":"","meta":[],"product_brand":[],"product_cat":[351,352],"product_tag":[],"class_list":{"0":"post-23082","1":"product","2":"type-product","3":"status-publish","4":"has-post-thumbnail","6":"product_cat-sac-a-dos","7":"product_cat-classic","9":"first","10":"instock","11":"shipping-taxable","12":"purchasable","13":"product-type-simple"},"jetpack_sharing_enabled":true,"_links":{"self":[{"href":"https:\/\/giftsco.ma\/en\/wp-json\/wp\/v2\/product\/23082","targetHints":{"allow":["GET"]}}],"collection":[{"href":"https:\/\/giftsco.ma\/en\/wp-json\/wp\/v2\/product"}],"about":[{"href":"https:\/\/giftsco.ma\/en\/wp-json\/wp\/v2\/types\/product"}],"replies":[{"embeddable":true,"href":"https:\/\/giftsco.ma\/en\/wp-json\/wp\/v2\/comments?post=23082"}],"version-history":[{"count":2,"href":"https:\/\/giftsco.ma\/en\/wp-json\/wp\/v2\/product\/23082\/revisions"}],"predecessor-version":[{"id":23511,"href":"https:\/\/giftsco.ma\/en\/wp-json\/wp\/v2\/product\/23082\/revisions\/23511"}],"wp:featuredmedia":[{"embeddable":true,"href":"https:\/\/giftsco.ma\/en\/wp-json\/wp\/v2\/media\/23474"}],"wp:attachment":[{"href":"https:\/\/giftsco.ma\/en\/wp-json\/wp\/v2\/media?parent=23082"}],"wp:term":[{"taxonomy":"product_brand","embeddable":true,"href":"https:\/\/giftsco.ma\/en\/wp-json\/wp\/v2\/product_brand?post=23082"},{"taxonomy":"product_cat","embeddable":true,"href":"https:\/\/giftsco.ma\/en\/wp-json\/wp\/v2\/product_cat?post=23082"},{"taxonomy":"product_tag","embeddable":true,"href":"https:\/\/giftsco.ma\/en\/wp-json\/wp\/v2\/product_tag?post=23082"}],"curies":[{"name":"wp","href":"https:\/\/api.w.org\/{rel}","templated":true}]}}