{"id":23063,"date":"2025-12-18T15:29:30","date_gmt":"2025-12-18T14:29:30","guid":{"rendered":"https:\/\/giftsco.ma\/?post_type=product&#038;p=23063"},"modified":"2026-03-07T01:50:50","modified_gmt":"2026-03-07T00:50:50","slug":"sacoche-ordinateur-classic-noir-verticale","status":"publish","type":"product","link":"https:\/\/giftsco.ma\/en\/product\/sacoche-ordinateur-classic-noir-verticale\/","title":{"rendered":"Sac \u00e0 dos Slim Ordinateur Classic Noir Vertical F\u00e9minin"},"content":{"rendered":"<p>Une sacoche d&rsquo;ordinateur Slim, \u00e9lanc\u00e9 et F\u00e9minin<br \/>\nBretelles r\u00e9glables et dissimulables pour une coupe classique en d\u00e9placement<br \/>\nPoche arri\u00e8re ouverte pour garder l&rsquo;essentiel \u00e0 port\u00e9e de main<br \/>\nPoche s\u00e9curis\u00e9e avec fermeture \u00e9clair \u00e0 l&rsquo;arri\u00e8re<br \/>\nPattes de fermeture \u00e9clair avec logo<br \/>\nUne poche my Moleskine Notes pour conserver vos id\u00e9es<br \/>\nRestez connect\u00e9 : peut contenir des appareils jusqu&rsquo;\u00e0 15\u00a0\u00bb<br \/>\n1 organiseur avec 2 porte-stylos et porte-cartes de visite<br \/>\n1 poche s\u00e9curis\u00e9e avec fermeture \u00e9clair<\/p>","protected":false},"excerpt":{"rendered":"<p>Une sacoche d&rsquo;ordinateur Slim, \u00e9lanc\u00e9 et F\u00e9minin Bretelles r\u00e9glables et dissimulables pour une coupe classique en d\u00e9placement Poche arri\u00e8re ouverte pour garder l&rsquo;essentiel \u00e0 port\u00e9e de main Poche s\u00e9curis\u00e9e avec&hellip;<\/p>","protected":false},"featured_media":23484,"comment_status":"open","ping_status":"closed","template":"","meta":[],"product_brand":[],"product_cat":[351,352],"product_tag":[],"class_list":{"0":"post-23063","1":"product","2":"type-product","3":"status-publish","4":"has-post-thumbnail","6":"product_cat-sac-a-dos","7":"product_cat-classic","9":"first","10":"instock","11":"shipping-taxable","12":"purchasable","13":"product-type-simple"},"jetpack_sharing_enabled":true,"_links":{"self":[{"href":"https:\/\/giftsco.ma\/en\/wp-json\/wp\/v2\/product\/23063","targetHints":{"allow":["GET"]}}],"collection":[{"href":"https:\/\/giftsco.ma\/en\/wp-json\/wp\/v2\/product"}],"about":[{"href":"https:\/\/giftsco.ma\/en\/wp-json\/wp\/v2\/types\/product"}],"replies":[{"embeddable":true,"href":"https:\/\/giftsco.ma\/en\/wp-json\/wp\/v2\/comments?post=23063"}],"version-history":[{"count":2,"href":"https:\/\/giftsco.ma\/en\/wp-json\/wp\/v2\/product\/23063\/revisions"}],"predecessor-version":[{"id":23513,"href":"https:\/\/giftsco.ma\/en\/wp-json\/wp\/v2\/product\/23063\/revisions\/23513"}],"wp:featuredmedia":[{"embeddable":true,"href":"https:\/\/giftsco.ma\/en\/wp-json\/wp\/v2\/media\/23484"}],"wp:attachment":[{"href":"https:\/\/giftsco.ma\/en\/wp-json\/wp\/v2\/media?parent=23063"}],"wp:term":[{"taxonomy":"product_brand","embeddable":true,"href":"https:\/\/giftsco.ma\/en\/wp-json\/wp\/v2\/product_brand?post=23063"},{"taxonomy":"product_cat","embeddable":true,"href":"https:\/\/giftsco.ma\/en\/wp-json\/wp\/v2\/product_cat?post=23063"},{"taxonomy":"product_tag","embeddable":true,"href":"https:\/\/giftsco.ma\/en\/wp-json\/wp\/v2\/product_tag?post=23063"}],"curies":[{"name":"wp","href":"https:\/\/api.w.org\/{rel}","templated":true}]}}