{"id":23048,"date":"2025-12-18T23:59:26","date_gmt":"2025-12-18T22:59:26","guid":{"rendered":"https:\/\/giftsco.ma\/?post_type=product&#038;p=23048"},"modified":"2025-12-19T00:36:55","modified_gmt":"2025-12-18T23:36:55","slug":"coffret-moleskine-horse-calligraphie","status":"publish","type":"product","link":"https:\/\/giftsco.ma\/en\/product\/coffret-moleskine-horse-calligraphie\/","title":{"rendered":"Coffret Moleskine HORSE &#038; Calligraphie"},"content":{"rendered":"<p data-path-to-node=\"6\"><b>Un hommage \u00e0 la tradition<\/b><\/p>\n<p data-path-to-node=\"6\">Ce coffret collector c\u00e9l\u00e8bre l&rsquo;\u00e9l\u00e9gance et la force \u00e0 travers le th\u00e8me du Cheval. Un set unique qui associe un carnet grand format (13x21cm) \u00e0 l&rsquo;univers raffin\u00e9 de la calligraphie.<\/p>\n<p data-path-to-node=\"7\"><b>Qualit\u00e9 d&rsquo;\u00e9criture sup\u00e9rieure :<\/b><\/p>\n<ul data-path-to-node=\"8\">\n<li>\n<p data-path-to-node=\"8,0,0\"><b>Papier Premium :<\/b> Pages ivoire de <b>100 g\/m\u00b2<\/b><\/p>\n<\/li>\n<li>\n<p data-path-to-node=\"8,1,0\"><b>Mise en page :<\/b> Lign\u00e9 (Ruled), id\u00e9al pour guider vos trac\u00e9s et vos notes avec pr\u00e9cision.<\/p>\n<\/li>\n<li>\n<p data-path-to-node=\"8,2,0\"><b>Confort :<\/b> Ouverture totale \u00e0 <b>180\u00b0 \u00e0 plat<\/b> pour une libert\u00e9 de mouvement totale lors de vos s\u00e9ances d&rsquo;\u00e9criture.<\/p>\n<\/li>\n<\/ul>\n<p data-path-to-node=\"9\"><b>D\u00e9tails &amp; Coffret :<\/b><\/p>\n<ul data-path-to-node=\"10\">\n<li>\n<p data-path-to-node=\"10,0,0\"><b>Coffret Sp\u00e9cial :<\/b> Livr\u00e9 dans une bo\u00eete (Box) th\u00e9matique exclusive, parfaite pour les collectionneurs ou comme cadeau d&rsquo;exception.<\/p>\n<\/li>\n<li>\n<p data-path-to-node=\"10,1,0\"><b>Finition :<\/b> Couverture rigide avec design th\u00e9matique Horse et angles arrondis protecteurs.<\/p>\n<\/li>\n<li>\n<p data-path-to-node=\"10,2,0\"><b>Fonctionnalit\u00e9s :<\/b> Fermeture \u00e0 \u00e9lastique, ruban marque-page et pochette int\u00e9rieure \u00e0 soufflet pour vos brouillons.<\/p>\n<\/li>\n<li><strong>Format : <\/strong>large (13&#215;21 cm), id\u00e9al entre confort et practicalit\u00e9<\/li>\n<\/ul>","protected":false},"excerpt":{"rendered":"<p>Un hommage \u00e0 la tradition Ce coffret collector c\u00e9l\u00e8bre l&rsquo;\u00e9l\u00e9gance et la force \u00e0 travers le th\u00e8me du Cheval. Un set unique qui associe un carnet grand format (13x21cm) \u00e0&hellip;<\/p>","protected":false},"featured_media":23053,"comment_status":"open","ping_status":"closed","template":"","meta":[],"product_brand":[],"product_cat":[346,361],"product_tag":[],"class_list":{"0":"post-23048","1":"product","2":"type-product","3":"status-publish","4":"has-post-thumbnail","6":"product_cat-coffret-cadeau","7":"product_cat-collection-asie-coffret-cadeau","9":"first","10":"onbackorder","11":"shipping-taxable","12":"purchasable","13":"product-type-simple"},"jetpack_sharing_enabled":true,"_links":{"self":[{"href":"https:\/\/giftsco.ma\/en\/wp-json\/wp\/v2\/product\/23048","targetHints":{"allow":["GET"]}}],"collection":[{"href":"https:\/\/giftsco.ma\/en\/wp-json\/wp\/v2\/product"}],"about":[{"href":"https:\/\/giftsco.ma\/en\/wp-json\/wp\/v2\/types\/product"}],"replies":[{"embeddable":true,"href":"https:\/\/giftsco.ma\/en\/wp-json\/wp\/v2\/comments?post=23048"}],"version-history":[{"count":0,"href":"https:\/\/giftsco.ma\/en\/wp-json\/wp\/v2\/product\/23048\/revisions"}],"wp:featuredmedia":[{"embeddable":true,"href":"https:\/\/giftsco.ma\/en\/wp-json\/wp\/v2\/media\/23053"}],"wp:attachment":[{"href":"https:\/\/giftsco.ma\/en\/wp-json\/wp\/v2\/media?parent=23048"}],"wp:term":[{"taxonomy":"product_brand","embeddable":true,"href":"https:\/\/giftsco.ma\/en\/wp-json\/wp\/v2\/product_brand?post=23048"},{"taxonomy":"product_cat","embeddable":true,"href":"https:\/\/giftsco.ma\/en\/wp-json\/wp\/v2\/product_cat?post=23048"},{"taxonomy":"product_tag","embeddable":true,"href":"https:\/\/giftsco.ma\/en\/wp-json\/wp\/v2\/product_tag?post=23048"}],"curies":[{"name":"wp","href":"https:\/\/api.w.org\/{rel}","templated":true}]}}