{"id":21826,"date":"2025-12-11T15:08:41","date_gmt":"2025-12-11T14:08:41","guid":{"rendered":"https:\/\/giftsco.ma\/?post_type=product&#038;p=21826"},"modified":"2026-03-06T01:13:04","modified_gmt":"2026-03-06T00:13:04","slug":"carnet-classic","status":"publish","type":"product","link":"https:\/\/giftsco.ma\/en\/product\/carnet-classic\/","title":{"rendered":"Carnet Classic"},"content":{"rendered":"<p>Couverture souple<br \/>\nAngles arrondis, fermeture \u00e0 \u00e9lastique et ruban marque-page assorti<br \/>\nPapier sans acide, couleur ivoire, 70 g\/m\u00b2 issu de for\u00eats certifi\u00e9es FSC<br \/>\nAvis \u00ab In case of loss \u00bb imprim\u00e9 sur la page de garde<br \/>\nPochette int\u00e9rieure \u00e0 soufflet \u00e0 l&rsquo;arri\u00e8re<br \/>\nOuverture \u00e0 plat \u00e0 180\u00b0<br \/>\nL&rsquo;histoire de Moleskine est \u00e0 l&rsquo;int\u00e9rieur<br \/>\nLe papier de cet article Moleskine est produit avec des mat\u00e9riaux provenant de for\u00eats correctement g\u00e9r\u00e9es, de for\u00eats certifi\u00e9es FSC\u2122 et d&rsquo;autres sources contr\u00f4l\u00e9es<\/p>","protected":false},"excerpt":{"rendered":"<p>Couverture souple Angles arrondis, fermeture \u00e0 \u00e9lastique et ruban marque-page assorti Papier sans acide, couleur ivoire, 70 g\/m\u00b2 issu de for\u00eats certifi\u00e9es FSC Avis \u00ab In case of loss \u00bb&hellip;<\/p>","protected":false},"featured_media":20355,"comment_status":"open","ping_status":"closed","template":"","meta":[],"product_brand":[],"product_cat":[336,339,362],"product_tag":[],"class_list":{"0":"post-21826","1":"product","2":"type-product","3":"status-publish","4":"has-post-thumbnail","6":"product_cat-carnet","7":"product_cat-carnet-classic","8":"product_cat-personnalisation","10":"first","11":"instock","12":"shipping-taxable","13":"purchasable","14":"product-type-variable"},"jetpack_sharing_enabled":true,"_links":{"self":[{"href":"https:\/\/giftsco.ma\/en\/wp-json\/wp\/v2\/product\/21826","targetHints":{"allow":["GET"]}}],"collection":[{"href":"https:\/\/giftsco.ma\/en\/wp-json\/wp\/v2\/product"}],"about":[{"href":"https:\/\/giftsco.ma\/en\/wp-json\/wp\/v2\/types\/product"}],"replies":[{"embeddable":true,"href":"https:\/\/giftsco.ma\/en\/wp-json\/wp\/v2\/comments?post=21826"}],"version-history":[{"count":2,"href":"https:\/\/giftsco.ma\/en\/wp-json\/wp\/v2\/product\/21826\/revisions"}],"predecessor-version":[{"id":23440,"href":"https:\/\/giftsco.ma\/en\/wp-json\/wp\/v2\/product\/21826\/revisions\/23440"}],"wp:featuredmedia":[{"embeddable":true,"href":"https:\/\/giftsco.ma\/en\/wp-json\/wp\/v2\/media\/20355"}],"wp:attachment":[{"href":"https:\/\/giftsco.ma\/en\/wp-json\/wp\/v2\/media?parent=21826"}],"wp:term":[{"taxonomy":"product_brand","embeddable":true,"href":"https:\/\/giftsco.ma\/en\/wp-json\/wp\/v2\/product_brand?post=21826"},{"taxonomy":"product_cat","embeddable":true,"href":"https:\/\/giftsco.ma\/en\/wp-json\/wp\/v2\/product_cat?post=21826"},{"taxonomy":"product_tag","embeddable":true,"href":"https:\/\/giftsco.ma\/en\/wp-json\/wp\/v2\/product_tag?post=21826"}],"curies":[{"name":"wp","href":"https:\/\/api.w.org\/{rel}","templated":true}]}}