{"id":21250,"date":"2025-12-03T16:43:02","date_gmt":"2025-12-03T15:43:02","guid":{"rendered":"https:\/\/giftsco.ma\/?post_type=product&#038;p=21250"},"modified":"2025-12-10T00:32:37","modified_gmt":"2025-12-09T23:32:37","slug":"carnet-connecte-recharge-smart-writing-couv-noir-pointil-2","status":"publish","type":"product","link":"https:\/\/giftsco.ma\/en\/product\/carnet-connecte-recharge-smart-writing-couv-noir-pointil-2\/","title":{"rendered":"Carnet Connect\u00e9 (recharge) Smart Writing, Couv Noir, pointil"},"content":{"rendered":"<p>Le Smart Notebook est l&rsquo;endroit id\u00e9al o\u00f9 aller pour capturer l&rsquo;inspiration et travailler sur des choses, sans aucune distraction. Posez simplement le Smart Pen sur le papier et explorez chaque id\u00e9e au maximum. Avec des Ncodes invisibles sur chaque page, votre Smart Pen peut identifier l&#8217;emplacement exact dans le carnet et cr\u00e9er une version num\u00e9rique identique de vos notes sur l&rsquo;\u00e9cran, qui peuvent alors \u00eatre modifi\u00e9es, \u00e9tendues et partag\u00e9es num\u00e9riquement.<\/p>\n<ul class=\"colored square list-unstyled\">\n<li class=\"mb-2\">couverture rigide, grand format<\/li>\n<li class=\"mb-2\">angles arrondis et fermeture \u00e0 \u00e9lastique<\/li>\n<li class=\"mb-2\">papier sans acide couleur ivoire 100\u00a0g\/m\u00b2<\/li>\n<li class=\"mb-2\">message \u00ab\u00a0In case of loss\u00a0\u00bb imprim\u00e9 sur la page de garde<\/li>\n<li class=\"mb-2\">pochette int\u00e9rieure \u00e0 soufflet \u00e0 l&rsquo;arri\u00e8re<\/li>\n<li class=\"mb-2\">ouverture \u00e0 plat \u00e0 180\u00b0<\/li>\n<li class=\"mb-2\">l&rsquo;histoire de Moleskine est \u00e0 l&rsquo;int\u00e9rieur<\/li>\n<li class=\"mb-2\">Le papier de cet article Moleskine est produit avec des mat\u00e9riaux provenant de for\u00eats correctement g\u00e9r\u00e9es, de for\u00eats certifi\u00e9es FSC\u2122 et d&rsquo;autres sources contr\u00f4l\u00e9es<\/li>\n<\/ul>","protected":false},"excerpt":{"rendered":"<p>Le Smart Notebook est l&rsquo;endroit id\u00e9al o\u00f9 aller pour capturer l&rsquo;inspiration et travailler sur des choses, sans aucune distraction. Posez simplement le Smart Pen sur le papier et explorez chaque&hellip;<\/p>","protected":false},"featured_media":20782,"comment_status":"open","ping_status":"closed","template":"","meta":[],"product_brand":[],"product_cat":[359,357],"product_tag":[],"class_list":{"0":"post-21250","1":"product","2":"type-product","3":"status-publish","4":"has-post-thumbnail","6":"product_cat-recharge-smart","7":"product_cat-smart-notebooks","9":"first","10":"instock","11":"shipping-taxable","12":"purchasable","13":"product-type-simple"},"jetpack_sharing_enabled":true,"_links":{"self":[{"href":"https:\/\/giftsco.ma\/en\/wp-json\/wp\/v2\/product\/21250","targetHints":{"allow":["GET"]}}],"collection":[{"href":"https:\/\/giftsco.ma\/en\/wp-json\/wp\/v2\/product"}],"about":[{"href":"https:\/\/giftsco.ma\/en\/wp-json\/wp\/v2\/types\/product"}],"replies":[{"embeddable":true,"href":"https:\/\/giftsco.ma\/en\/wp-json\/wp\/v2\/comments?post=21250"}],"version-history":[{"count":0,"href":"https:\/\/giftsco.ma\/en\/wp-json\/wp\/v2\/product\/21250\/revisions"}],"wp:featuredmedia":[{"embeddable":true,"href":"https:\/\/giftsco.ma\/en\/wp-json\/wp\/v2\/media\/20782"}],"wp:attachment":[{"href":"https:\/\/giftsco.ma\/en\/wp-json\/wp\/v2\/media?parent=21250"}],"wp:term":[{"taxonomy":"product_brand","embeddable":true,"href":"https:\/\/giftsco.ma\/en\/wp-json\/wp\/v2\/product_brand?post=21250"},{"taxonomy":"product_cat","embeddable":true,"href":"https:\/\/giftsco.ma\/en\/wp-json\/wp\/v2\/product_cat?post=21250"},{"taxonomy":"product_tag","embeddable":true,"href":"https:\/\/giftsco.ma\/en\/wp-json\/wp\/v2\/product_tag?post=21250"}],"curies":[{"name":"wp","href":"https:\/\/api.w.org\/{rel}","templated":true}]}}