{"id":21208,"date":"2025-12-03T16:18:54","date_gmt":"2025-12-03T15:18:54","guid":{"rendered":"https:\/\/giftsco.ma\/?post_type=product&#038;p=21208"},"modified":"2026-01-13T20:34:48","modified_gmt":"2026-01-13T19:34:48","slug":"3x-cahier-journal","status":"publish","type":"product","link":"https:\/\/giftsco.ma\/en\/product\/3x-cahier-journal\/","title":{"rendered":"3x Cahier Journal"},"content":{"rendered":"<p>Couverture cartonn\u00e9e personnalisable<br \/>\nLot de 3 Cahiers<br \/>\nAngles arrondis<br \/>\nCoutures Singer visible sur le dos<br \/>\nRabat permettant de rassembler les notes volantes<br \/>\nPapier sans acide couleur ivoire 70 g\/m\u00b2 : page blanche, lign\u00e9 ou quadrill\u00e9<br \/>\nLes 16 derni\u00e8res feuilles sont d\u00e9tachables<br \/>\nLe papier de cet article Moleskine est produit avec des mat\u00e9riaux provenant de for\u00eats correctement g\u00e9r\u00e9es, de for\u00eats certifi\u00e9es FSC\u2122 et d&rsquo;autres sources contr\u00f4l\u00e9es<\/p>","protected":false},"excerpt":{"rendered":"<p>Couverture cartonn\u00e9e personnalisable Lot de 3 Cahiers Angles arrondis Coutures Singer visible sur le dos Rabat permettant de rassembler les notes volantes Papier sans acide couleur ivoire 70 g\/m\u00b2 :&hellip;<\/p>","protected":false},"featured_media":21292,"comment_status":"open","ping_status":"closed","template":"","meta":[],"product_brand":[],"product_cat":[338,336,362],"product_tag":[],"class_list":{"0":"post-21208","1":"product","2":"type-product","3":"status-publish","4":"has-post-thumbnail","6":"product_cat-cahier-journal","7":"product_cat-carnet","8":"product_cat-personnalisation","10":"first","11":"instock","12":"shipping-taxable","13":"purchasable","14":"product-type-variable","15":"has-default-attributes"},"jetpack_sharing_enabled":true,"_links":{"self":[{"href":"https:\/\/giftsco.ma\/en\/wp-json\/wp\/v2\/product\/21208","targetHints":{"allow":["GET"]}}],"collection":[{"href":"https:\/\/giftsco.ma\/en\/wp-json\/wp\/v2\/product"}],"about":[{"href":"https:\/\/giftsco.ma\/en\/wp-json\/wp\/v2\/types\/product"}],"replies":[{"embeddable":true,"href":"https:\/\/giftsco.ma\/en\/wp-json\/wp\/v2\/comments?post=21208"}],"version-history":[{"count":0,"href":"https:\/\/giftsco.ma\/en\/wp-json\/wp\/v2\/product\/21208\/revisions"}],"wp:featuredmedia":[{"embeddable":true,"href":"https:\/\/giftsco.ma\/en\/wp-json\/wp\/v2\/media\/21292"}],"wp:attachment":[{"href":"https:\/\/giftsco.ma\/en\/wp-json\/wp\/v2\/media?parent=21208"}],"wp:term":[{"taxonomy":"product_brand","embeddable":true,"href":"https:\/\/giftsco.ma\/en\/wp-json\/wp\/v2\/product_brand?post=21208"},{"taxonomy":"product_cat","embeddable":true,"href":"https:\/\/giftsco.ma\/en\/wp-json\/wp\/v2\/product_cat?post=21208"},{"taxonomy":"product_tag","embeddable":true,"href":"https:\/\/giftsco.ma\/en\/wp-json\/wp\/v2\/product_tag?post=21208"}],"curies":[{"name":"wp","href":"https:\/\/api.w.org\/{rel}","templated":true}]}}