{"id":21187,"date":"2025-12-03T16:13:21","date_gmt":"2025-12-03T15:13:21","guid":{"rendered":"https:\/\/giftsco.ma\/?post_type=product&#038;p=21187"},"modified":"2026-01-12T15:03:58","modified_gmt":"2026-01-12T14:03:58","slug":"agenda-2026-semainier-poche-couverture-souple-noir","status":"publish","type":"product","link":"https:\/\/giftsco.ma\/en\/product\/agenda-2026-semainier-poche-couverture-souple-noir\/","title":{"rendered":"Agenda 2026 Semainier Poche Couverture Souple"},"content":{"rendered":"<p>12 mois. Une page par semaine, Une page libre lign\u00e9e pour les notes<br \/>\nCouverture avec ann\u00e9e imprim\u00e9e en creux<br \/>\nAngles arrondis, fermeture \u00e0 \u00e9lastique et ruban marque-page assorti<br \/>\nPapier sans acide, couleur ivoire, 70 g\/m\u00b2 ssus de for\u00eats certifi\u00e9es FSC\u2122<br \/>\nOutils pratiques : calendrier, planification de voyages, id\u00e9es et objectifs<br \/>\nDes pages pour tenir un journal de moments extraordinaires et de voyages inspirants<br \/>\nAutocollants de personnalisation<br \/>\nMessage \u00ab In case of loss \u00bb imprim\u00e9 sur la page de garde<br \/>\nouverture \u00e0 plat \u00e0 180\u00b0<\/p>","protected":false},"excerpt":{"rendered":"<p>12 mois. Une page par semaine, Une page libre lign\u00e9e pour les notes Couverture avec ann\u00e9e imprim\u00e9e en creux Angles arrondis, fermeture \u00e0 \u00e9lastique et ruban marque-page assorti Papier sans&hellip;<\/p>","protected":false},"featured_media":21045,"comment_status":"open","ping_status":"closed","template":"","meta":[],"product_brand":[],"product_cat":[332,362,335],"product_tag":[],"class_list":{"0":"post-21187","1":"product","2":"type-product","3":"status-publish","4":"has-post-thumbnail","6":"product_cat-agendas","7":"product_cat-personnalisation","8":"product_cat-semainier","10":"first","11":"outofstock","12":"shipping-taxable","13":"purchasable","14":"product-type-variable"},"jetpack_sharing_enabled":true,"_links":{"self":[{"href":"https:\/\/giftsco.ma\/en\/wp-json\/wp\/v2\/product\/21187","targetHints":{"allow":["GET"]}}],"collection":[{"href":"https:\/\/giftsco.ma\/en\/wp-json\/wp\/v2\/product"}],"about":[{"href":"https:\/\/giftsco.ma\/en\/wp-json\/wp\/v2\/types\/product"}],"replies":[{"embeddable":true,"href":"https:\/\/giftsco.ma\/en\/wp-json\/wp\/v2\/comments?post=21187"}],"version-history":[{"count":0,"href":"https:\/\/giftsco.ma\/en\/wp-json\/wp\/v2\/product\/21187\/revisions"}],"wp:featuredmedia":[{"embeddable":true,"href":"https:\/\/giftsco.ma\/en\/wp-json\/wp\/v2\/media\/21045"}],"wp:attachment":[{"href":"https:\/\/giftsco.ma\/en\/wp-json\/wp\/v2\/media?parent=21187"}],"wp:term":[{"taxonomy":"product_brand","embeddable":true,"href":"https:\/\/giftsco.ma\/en\/wp-json\/wp\/v2\/product_brand?post=21187"},{"taxonomy":"product_cat","embeddable":true,"href":"https:\/\/giftsco.ma\/en\/wp-json\/wp\/v2\/product_cat?post=21187"},{"taxonomy":"product_tag","embeddable":true,"href":"https:\/\/giftsco.ma\/en\/wp-json\/wp\/v2\/product_tag?post=21187"}],"curies":[{"name":"wp","href":"https:\/\/api.w.org\/{rel}","templated":true}]}}