{"id":20755,"date":"2025-11-17T16:09:04","date_gmt":"2025-11-17T15:09:04","guid":{"rendered":"http:\/\/moleskine05.local\/?post_type=product&#038;p=20755"},"modified":"2026-01-26T11:36:59","modified_gmt":"2026-01-26T10:36:59","slug":"carnet-journal-large-passion-voyage","status":"publish","type":"product","link":"https:\/\/giftsco.ma\/en\/product\/carnet-journal-large-passion-voyage\/","title":{"rendered":"Carnet Journal Large Passion Voyage"},"content":{"rendered":"<p>Les cahiers Passion vous permettent de capturer et noter ce qui compte le plus pour vous. Choisissez parmi huit th\u00e8mes selon vos int\u00e9r\u00eats. Chaque cahier est rempli d&rsquo;informations pratiques et de sections structur\u00e9es pour vous motiver quand vous documentez ce que vous aimez. Au fil du temps, votre cahier Passion deviendra un registre personnalis\u00e9 de vos passions et des moments cl\u00e9s de votre vie.<\/p>\n<ul class=\"colored square list-unstyled\">\n<li class=\"mb-2\">coffret premium avec graphismes sur le th\u00e8me<\/li>\n<li class=\"mb-2\">couverture rigide sur le th\u00e8me, angles arrondis et fermeture \u00e0 \u00e9lastique<\/li>\n<li class=\"mb-2\">2 rubans marque-pages<\/li>\n<li class=\"mb-2\">double pochette int\u00e9rieure \u00e0 soufflet<\/li>\n<li class=\"mb-2\">avis \u00ab In case of loss \u00bb imprim\u00e9 sur la page de garde<\/li>\n<li class=\"mb-2\">papier sans acide couleur ivoire 70 g\/m\u00b2<\/li>\n<li class=\"mb-2\">sections \u00e0 onglets pour organiser votre prise de notes<\/li>\n<li class=\"mb-2\">pages d&rsquo;introduction sur le th\u00e8me<\/li>\n<li class=\"mb-2\">400 pages<\/li>\n<li class=\"mb-2\">autocollants \u00e0 th\u00e8me pour personnaliser votre carnet<\/li>\n<li class=\"mb-2\">Le papier de cet article Moleskine est produit avec des mat\u00e9riaux provenant de for\u00eats correctement g\u00e9r\u00e9es, de for\u00eats certifi\u00e9es FSC\u2122 et d&rsquo;autres sources contr\u00f4l\u00e9es<\/li>\n<\/ul>","protected":false},"excerpt":{"rendered":"<p>Les cahiers Passion vous permettent de capturer et noter ce qui compte le plus pour vous. Choisissez parmi huit th\u00e8mes selon vos int\u00e9r\u00eats. Chaque cahier est rempli d&rsquo;informations pratiques et&hellip;<\/p>","protected":false},"featured_media":20756,"comment_status":"open","ping_status":"closed","template":"","meta":[],"product_brand":[],"product_cat":[336],"product_tag":[],"class_list":{"0":"post-20755","1":"product","2":"type-product","3":"status-publish","4":"has-post-thumbnail","6":"product_cat-carnet","8":"first","9":"outofstock","10":"shipping-taxable","11":"purchasable","12":"product-type-simple"},"jetpack_sharing_enabled":true,"_links":{"self":[{"href":"https:\/\/giftsco.ma\/en\/wp-json\/wp\/v2\/product\/20755","targetHints":{"allow":["GET"]}}],"collection":[{"href":"https:\/\/giftsco.ma\/en\/wp-json\/wp\/v2\/product"}],"about":[{"href":"https:\/\/giftsco.ma\/en\/wp-json\/wp\/v2\/types\/product"}],"replies":[{"embeddable":true,"href":"https:\/\/giftsco.ma\/en\/wp-json\/wp\/v2\/comments?post=20755"}],"version-history":[{"count":0,"href":"https:\/\/giftsco.ma\/en\/wp-json\/wp\/v2\/product\/20755\/revisions"}],"wp:featuredmedia":[{"embeddable":true,"href":"https:\/\/giftsco.ma\/en\/wp-json\/wp\/v2\/media\/20756"}],"wp:attachment":[{"href":"https:\/\/giftsco.ma\/en\/wp-json\/wp\/v2\/media?parent=20755"}],"wp:term":[{"taxonomy":"product_brand","embeddable":true,"href":"https:\/\/giftsco.ma\/en\/wp-json\/wp\/v2\/product_brand?post=20755"},{"taxonomy":"product_cat","embeddable":true,"href":"https:\/\/giftsco.ma\/en\/wp-json\/wp\/v2\/product_cat?post=20755"},{"taxonomy":"product_tag","embeddable":true,"href":"https:\/\/giftsco.ma\/en\/wp-json\/wp\/v2\/product_tag?post=20755"}],"curies":[{"name":"wp","href":"https:\/\/api.w.org\/{rel}","templated":true}]}}