{"id":20386,"date":"2025-11-13T03:36:31","date_gmt":"2025-11-13T02:36:31","guid":{"rendered":"http:\/\/moleskinev9.local\/?post_type=product&#038;p=20386"},"modified":"2025-12-19T00:32:37","modified_gmt":"2025-12-18T23:32:37","slug":"coffret-cadeau-snake-mamba-carnet-classicbox-2","status":"publish","type":"product","link":"https:\/\/giftsco.ma\/en\/product\/coffret-cadeau-snake-mamba-carnet-classicbox-2\/","title":{"rendered":"Coffret Cadeau Snake Mamba Vert Eau &#8211; Effet serpent"},"content":{"rendered":"<h3 data-path-to-node=\"2\"><b>L&rsquo;\u00e9l\u00e9gance sauvage<\/b><\/h3>\n<p data-path-to-node=\"3\">Ce carnet collector se distingue par sa couverture textur\u00e9e <b>effet serpent<\/b> (Snake Mamba), offrant un relief tactile unique et une esth\u00e9tique sophistiqu\u00e9e qui capture la lumi\u00e8re.<\/p>\n<p data-path-to-node=\"4\"><b>Qualit\u00e9 d&rsquo;\u00e9criture sup\u00e9rieure :<\/b><\/p>\n<ul data-path-to-node=\"5\">\n<li>\n<p data-path-to-node=\"5,0,0\"><b>Papier Premium :<\/b> Pages ivoire de <b>100 g\/m\u00b2<\/b>, plus \u00e9paisses pour \u00e9viter toute transparence, id\u00e9ales pour tous vos stylos.<\/p>\n<\/li>\n<li>\n<p data-path-to-node=\"5,1,0\"><b>Confort Absolu :<\/b> Ouverture totale \u00e0 <b>180\u00b0 \u00e0 plat<\/b>, permettant d&rsquo;\u00e9crire ais\u00e9ment du d\u00e9but \u00e0 la fin de chaque ligne.<\/p>\n<\/li>\n<li>\n<p data-path-to-node=\"5,2,0\"><b>Finition Durable :<\/b> Angles arrondis pour prot\u00e9ger votre carnet contre l&rsquo;usure lors de vos d\u00e9placements.<\/p>\n<\/li>\n<\/ul>\n<p data-path-to-node=\"6\"><b>D\u00e9tails &amp; Fonctionnalit\u00e9s :<\/b><\/p>\n<ul data-path-to-node=\"7\">\n<li>\n<p data-path-to-node=\"7,0,0\"><b>Organisation :<\/b> Ruban marque-page assorti et fermeture \u00e0 \u00e9lastique pour s\u00e9curiser vos notes et vos pens\u00e9es.<\/p>\n<\/li>\n<li>\n<p data-path-to-node=\"7,1,0\"><b>Rangement :<\/b> Pochette int\u00e9rieure extensible au dos pour conserver vos documents ou cartes de visite.<\/p>\n<\/li>\n<li>\n<p data-path-to-node=\"7,2,0\"><b>Signature Iconique :<\/b> Page de garde avec l&rsquo;inscription \u00ab In case of loss \u00bb pour une touche Moleskine authentique.<\/p>\n<\/li>\n<li>\n<p data-path-to-node=\"7,3,0\"><b>Format :<\/b> Large (13x21cm), l&rsquo;\u00e9quilibre parfait entre confort d&rsquo;expression et portabilit\u00e9.<\/p>\n<\/li>\n<\/ul>","protected":false},"excerpt":{"rendered":"<p>L&rsquo;\u00e9l\u00e9gance sauvage Ce carnet collector se distingue par sa couverture textur\u00e9e effet serpent (Snake Mamba), offrant un relief tactile unique et une esth\u00e9tique sophistiqu\u00e9e qui capture la lumi\u00e8re. Qualit\u00e9 d&rsquo;\u00e9criture&hellip;<\/p>","protected":false},"featured_media":20253,"comment_status":"open","ping_status":"closed","template":"","meta":[],"product_brand":[],"product_cat":[336,346,361,360],"product_tag":[],"class_list":{"0":"post-20386","1":"product","2":"type-product","3":"status-publish","4":"has-post-thumbnail","6":"product_cat-carnet","7":"product_cat-coffret-cadeau","8":"product_cat-collection-asie-coffret-cadeau","9":"product_cat-edition-limitees","11":"first","12":"instock","13":"sale","14":"shipping-taxable","15":"purchasable","16":"product-type-simple"},"jetpack_sharing_enabled":true,"_links":{"self":[{"href":"https:\/\/giftsco.ma\/en\/wp-json\/wp\/v2\/product\/20386","targetHints":{"allow":["GET"]}}],"collection":[{"href":"https:\/\/giftsco.ma\/en\/wp-json\/wp\/v2\/product"}],"about":[{"href":"https:\/\/giftsco.ma\/en\/wp-json\/wp\/v2\/types\/product"}],"replies":[{"embeddable":true,"href":"https:\/\/giftsco.ma\/en\/wp-json\/wp\/v2\/comments?post=20386"}],"version-history":[{"count":0,"href":"https:\/\/giftsco.ma\/en\/wp-json\/wp\/v2\/product\/20386\/revisions"}],"wp:featuredmedia":[{"embeddable":true,"href":"https:\/\/giftsco.ma\/en\/wp-json\/wp\/v2\/media\/20253"}],"wp:attachment":[{"href":"https:\/\/giftsco.ma\/en\/wp-json\/wp\/v2\/media?parent=20386"}],"wp:term":[{"taxonomy":"product_brand","embeddable":true,"href":"https:\/\/giftsco.ma\/en\/wp-json\/wp\/v2\/product_brand?post=20386"},{"taxonomy":"product_cat","embeddable":true,"href":"https:\/\/giftsco.ma\/en\/wp-json\/wp\/v2\/product_cat?post=20386"},{"taxonomy":"product_tag","embeddable":true,"href":"https:\/\/giftsco.ma\/en\/wp-json\/wp\/v2\/product_tag?post=20386"}],"curies":[{"name":"wp","href":"https:\/\/api.w.org\/{rel}","templated":true}]}}