{"id":20380,"date":"2025-11-13T03:36:28","date_gmt":"2025-11-13T02:36:28","guid":{"rendered":"http:\/\/moleskinev9.local\/?post_type=product&#038;p=20380"},"modified":"2025-12-18T23:55:02","modified_gmt":"2025-12-18T22:55:02","slug":"coffret-cadeau-boa-vegea-carnet-classic-peau-texturee-luxebox-2","status":"publish","type":"product","link":"https:\/\/giftsco.ma\/en\/product\/coffret-cadeau-boa-vegea-carnet-classic-peau-texturee-luxebox-2\/","title":{"rendered":"Coffret Cadeau Moleskine BOA Bleu Petroleum \u2013 Effet Python"},"content":{"rendered":"<h3 data-path-to-node=\"2\"><b>Carnet Collector BOA : Le luxe v\u00e9g\u00e9tal<\/b><\/h3>\n<p data-path-to-node=\"3\">Ce carnet collector repousse les limites du design avec sa couverture en <b>cuir v\u00e9g\u00e9tal (Vegea)<\/b>. Sa texture <b>effet Python<\/b> offre un relief exotique et une profondeur visuelle exceptionnelle, alliant \u00e9thique et haute maroquinerie.<\/p>\n<p data-path-to-node=\"4\"><b>Qualit\u00e9 d&rsquo;\u00e9criture sup\u00e9rieure :<\/b><\/p>\n<ul data-path-to-node=\"5\">\n<li>\n<p data-path-to-node=\"5,0,0\"><b>Papier Premium :<\/b> Papier ivoire de haute qualit\u00e9 de <b>100 g\/m\u00b2<\/b>, con\u00e7u pour une \u00e9criture fluide sans aucune transparence au verso.<\/p>\n<\/li>\n<li>\n<p data-path-to-node=\"5,1,0\"><b>Confort Absolu :<\/b> Ouverture totale \u00e0 <b>180\u00b0 \u00e0 plat<\/b>, garantissant une surface d&rsquo;\u00e9criture stable et confortable sur chaque page.<\/p>\n<\/li>\n<li>\n<p data-path-to-node=\"5,2,0\"><b>Finition Durable :<\/b> Angles arrondis robustes pour une r\u00e9sistance accrue au temps et aux manipulations.<\/p>\n<\/li>\n<\/ul>\n<p data-path-to-node=\"6\"><b>D\u00e9tails &amp; Fonctionnalit\u00e9s :<\/b><\/p>\n<ul data-path-to-node=\"7\">\n<li>\n<p data-path-to-node=\"7,0,0\"><b>\u00c9co-conception :<\/b> Utilisation de mati\u00e8res premi\u00e8res v\u00e9g\u00e9tales pour une approche plus respectueuse de l&rsquo;environnement.<\/p>\n<\/li>\n<li>\n<p data-path-to-node=\"7,1,0\"><b>Organisation :<\/b> Fermeture \u00e0 \u00e9lastique s\u00e9curis\u00e9e et ruban marque-page assorti pour une navigation fluide.<\/p>\n<\/li>\n<li><strong>Format : 13 x 21 cm<\/strong><\/li>\n<li>\n<p data-path-to-node=\"7,2,0\"><b>Rangement :<\/b> Pochette int\u00e9rieure \u00e0 soufflet pour vos notes volantes et souvenirs.<\/p>\n<\/li>\n<li>\n<p data-path-to-node=\"7,3,0\"><b>Signature :<\/b> Page de garde embl\u00e9matique \u00ab In case of loss \u00bb (En cas de perte).<\/p>\n<\/li>\n<\/ul>","protected":false},"excerpt":{"rendered":"<p>Carnet Collector BOA : Le luxe v\u00e9g\u00e9tal Ce carnet collector repousse les limites du design avec sa couverture en cuir v\u00e9g\u00e9tal (Vegea). Sa texture effet Python offre un relief exotique&hellip;<\/p>","protected":false},"featured_media":20226,"comment_status":"open","ping_status":"closed","template":"","meta":[],"product_brand":[],"product_cat":[346,360,350],"product_tag":[],"class_list":{"0":"post-20380","1":"product","2":"type-product","3":"status-publish","4":"has-post-thumbnail","6":"product_cat-coffret-cadeau","7":"product_cat-edition-limitees","8":"product_cat-precious-ethical","10":"first","11":"instock","12":"shipping-taxable","13":"purchasable","14":"product-type-simple"},"jetpack_sharing_enabled":true,"_links":{"self":[{"href":"https:\/\/giftsco.ma\/en\/wp-json\/wp\/v2\/product\/20380","targetHints":{"allow":["GET"]}}],"collection":[{"href":"https:\/\/giftsco.ma\/en\/wp-json\/wp\/v2\/product"}],"about":[{"href":"https:\/\/giftsco.ma\/en\/wp-json\/wp\/v2\/types\/product"}],"replies":[{"embeddable":true,"href":"https:\/\/giftsco.ma\/en\/wp-json\/wp\/v2\/comments?post=20380"}],"version-history":[{"count":0,"href":"https:\/\/giftsco.ma\/en\/wp-json\/wp\/v2\/product\/20380\/revisions"}],"wp:featuredmedia":[{"embeddable":true,"href":"https:\/\/giftsco.ma\/en\/wp-json\/wp\/v2\/media\/20226"}],"wp:attachment":[{"href":"https:\/\/giftsco.ma\/en\/wp-json\/wp\/v2\/media?parent=20380"}],"wp:term":[{"taxonomy":"product_brand","embeddable":true,"href":"https:\/\/giftsco.ma\/en\/wp-json\/wp\/v2\/product_brand?post=20380"},{"taxonomy":"product_cat","embeddable":true,"href":"https:\/\/giftsco.ma\/en\/wp-json\/wp\/v2\/product_cat?post=20380"},{"taxonomy":"product_tag","embeddable":true,"href":"https:\/\/giftsco.ma\/en\/wp-json\/wp\/v2\/product_tag?post=20380"}],"curies":[{"name":"wp","href":"https:\/\/api.w.org\/{rel}","templated":true}]}}