{"id":20376,"date":"2025-11-13T03:36:27","date_gmt":"2025-11-13T02:36:27","guid":{"rendered":"http:\/\/moleskinev9.local\/?post_type=product&#038;p=20376"},"modified":"2026-03-07T01:47:51","modified_gmt":"2026-03-07T00:47:51","slug":"sac-a-dos-pro-collection-classic-large","status":"publish","type":"product","link":"https:\/\/giftsco.ma\/en\/product\/sac-a-dos-pro-collection-classic-large\/","title":{"rendered":"Sac \u00e0 Dos PRO Collection Classic Large"},"content":{"rendered":"<p>Int\u00e9rieur:<br \/>\n2 compartiments principaux \u00e0 fermeture \u00e9clair<br \/>\nhousse d&rsquo;ordinateur rembourr\u00e9e pour rester connect\u00e9 : (Jusqu&rsquo;\u00e0 14,56 pouces)<br \/>\n1 poche zipp\u00e9e s\u00e9curis\u00e9e et 1 organiseur avec un porte-stylo, une pochette rembourr\u00e9e pour les lunettes et porte-cartes de visite<br \/>\nDoublure bleu azur avec motif Moleskine pour mieux voir vos affaires (100 % polyester)<br \/>\nVolume : 16 L<br \/>\nExt\u00e9rieur:<br \/>\nPochette avant zipp\u00e9e<br \/>\n2 poches \u00e9lastiques lat\u00e9rales pour garder vos accessoires indispensables \u00e0 port\u00e9e de main<br \/>\nbretelles de sac \u00e0 dos rembourr\u00e9es et r\u00e9glables, dot\u00e9es de boucles coulissantes<br \/>\nAttache des bretelles pratique et s\u00fbre<br \/>\nFermeture \u00e9clair YKK et base en poly\u00e9thyl\u00e8ne pour une stabilit\u00e9 accrue<br \/>\nMonogramme en relief sur le devant et tirettes de fermeture \u00e9clair avec finition mate de couleur gris acier et logo Moleskine grav\u00e9<br \/>\nnouveau panneau arri\u00e8re en maille air-mesh avec surpiq\u00fbres carr\u00e9es et poign\u00e9e de bagage en toile avec logo s\u00e9rigraphi\u00e9<br \/>\next\u00e9rieur : 70 % polyur\u00e9thane, 30 % polyester<br \/>\nbase : 90 % poly\u00e9thyl\u00e8ne, 5 % polyur\u00e9thane, 5 % polyester<br \/>\ndimensions : 30 x 41 x 12 cm<\/p>","protected":false},"excerpt":{"rendered":"<p>Int\u00e9rieur: 2 compartiments principaux \u00e0 fermeture \u00e9clair housse d&rsquo;ordinateur rembourr\u00e9e pour rester connect\u00e9 : (Jusqu&rsquo;\u00e0 14,56 pouces) 1 poche zipp\u00e9e s\u00e9curis\u00e9e et 1 organiseur avec un porte-stylo, une pochette rembourr\u00e9e&hellip;<\/p>","protected":false},"featured_media":23492,"comment_status":"open","ping_status":"closed","template":"","meta":[],"product_brand":[],"product_cat":[351,352],"product_tag":[],"class_list":{"0":"post-20376","1":"product","2":"type-product","3":"status-publish","4":"has-post-thumbnail","6":"product_cat-sac-a-dos","7":"product_cat-classic","9":"first","10":"outofstock","11":"shipping-taxable","12":"purchasable","13":"product-type-simple"},"jetpack_sharing_enabled":true,"_links":{"self":[{"href":"https:\/\/giftsco.ma\/en\/wp-json\/wp\/v2\/product\/20376","targetHints":{"allow":["GET"]}}],"collection":[{"href":"https:\/\/giftsco.ma\/en\/wp-json\/wp\/v2\/product"}],"about":[{"href":"https:\/\/giftsco.ma\/en\/wp-json\/wp\/v2\/types\/product"}],"replies":[{"embeddable":true,"href":"https:\/\/giftsco.ma\/en\/wp-json\/wp\/v2\/comments?post=20376"}],"version-history":[{"count":1,"href":"https:\/\/giftsco.ma\/en\/wp-json\/wp\/v2\/product\/20376\/revisions"}],"predecessor-version":[{"id":23493,"href":"https:\/\/giftsco.ma\/en\/wp-json\/wp\/v2\/product\/20376\/revisions\/23493"}],"wp:featuredmedia":[{"embeddable":true,"href":"https:\/\/giftsco.ma\/en\/wp-json\/wp\/v2\/media\/23492"}],"wp:attachment":[{"href":"https:\/\/giftsco.ma\/en\/wp-json\/wp\/v2\/media?parent=20376"}],"wp:term":[{"taxonomy":"product_brand","embeddable":true,"href":"https:\/\/giftsco.ma\/en\/wp-json\/wp\/v2\/product_brand?post=20376"},{"taxonomy":"product_cat","embeddable":true,"href":"https:\/\/giftsco.ma\/en\/wp-json\/wp\/v2\/product_cat?post=20376"},{"taxonomy":"product_tag","embeddable":true,"href":"https:\/\/giftsco.ma\/en\/wp-json\/wp\/v2\/product_tag?post=20376"}],"curies":[{"name":"wp","href":"https:\/\/api.w.org\/{rel}","templated":true}]}}