{"id":20375,"date":"2025-11-13T03:36:26","date_gmt":"2025-11-13T02:36:26","guid":{"rendered":"http:\/\/moleskinev9.local\/?post_type=product&#038;p=20375"},"modified":"2026-03-07T01:22:35","modified_gmt":"2026-03-07T00:22:35","slug":"sac-a-dos-collection-metro-noir","status":"publish","type":"product","link":"https:\/\/giftsco.ma\/en\/product\/sac-a-dos-collection-metro-noir\/","title":{"rendered":"Sac \u00e0 Dos Collection Metro Noir"},"content":{"rendered":"<p>Sac \u00e0 dos spacieux et dynamique con\u00e7u pour transporter tous les outils utiles tout au long de la journ\u00e9e pour penser, cr\u00e9er et accomplir des t\u00e2ches lorsque vous \u00eates en mouvement<br \/>\n\u00c9quip\u00e9 de deux compartiments pour s\u00e9parer l&rsquo;ordinateur portable jusqu&rsquo;\u00e0 15&Prime; des effets personnels et d&rsquo;un organisateur avec 2 porte-stylos et 1 porte-cartes pour emporter tout ce dont vous avez besoin<br \/>\nUne poche \u00abMy Moleskine Notes\u00bb dans le compartiment principal pour ranger un carnet de poche et votre stylo pr\u00e9f\u00e9r\u00e9<br \/>\nBandouli\u00e8re rembourr\u00e9e ajustable pour plus de confort et Poche avec fermeture \u00e9clair \u00e0 fixation thermique \u00e0 l&rsquo;avant pour un acc\u00e8s facile<br \/>\nR\u00e9tine respirante sur le dos assure un confort<br \/>\nSangle pour bagages \u00e0 l&rsquo;arri\u00e8re<\/p>","protected":false},"excerpt":{"rendered":"<p>Sac \u00e0 dos spacieux et dynamique con\u00e7u pour transporter tous les outils utiles tout au long de la journ\u00e9e pour penser, cr\u00e9er et accomplir des t\u00e2ches lorsque vous \u00eates en&hellip;<\/p>","protected":false},"featured_media":23501,"comment_status":"open","ping_status":"closed","template":"","meta":[],"product_brand":[],"product_cat":[351,355],"product_tag":[],"class_list":{"0":"post-20375","1":"product","2":"type-product","3":"status-publish","4":"has-post-thumbnail","6":"product_cat-sac-a-dos","7":"product_cat-metro","9":"first","10":"outofstock","11":"shipping-taxable","12":"purchasable","13":"product-type-simple"},"jetpack_sharing_enabled":true,"_links":{"self":[{"href":"https:\/\/giftsco.ma\/en\/wp-json\/wp\/v2\/product\/20375","targetHints":{"allow":["GET"]}}],"collection":[{"href":"https:\/\/giftsco.ma\/en\/wp-json\/wp\/v2\/product"}],"about":[{"href":"https:\/\/giftsco.ma\/en\/wp-json\/wp\/v2\/types\/product"}],"replies":[{"embeddable":true,"href":"https:\/\/giftsco.ma\/en\/wp-json\/wp\/v2\/comments?post=20375"}],"version-history":[{"count":1,"href":"https:\/\/giftsco.ma\/en\/wp-json\/wp\/v2\/product\/20375\/revisions"}],"predecessor-version":[{"id":23253,"href":"https:\/\/giftsco.ma\/en\/wp-json\/wp\/v2\/product\/20375\/revisions\/23253"}],"wp:featuredmedia":[{"embeddable":true,"href":"https:\/\/giftsco.ma\/en\/wp-json\/wp\/v2\/media\/23501"}],"wp:attachment":[{"href":"https:\/\/giftsco.ma\/en\/wp-json\/wp\/v2\/media?parent=20375"}],"wp:term":[{"taxonomy":"product_brand","embeddable":true,"href":"https:\/\/giftsco.ma\/en\/wp-json\/wp\/v2\/product_brand?post=20375"},{"taxonomy":"product_cat","embeddable":true,"href":"https:\/\/giftsco.ma\/en\/wp-json\/wp\/v2\/product_cat?post=20375"},{"taxonomy":"product_tag","embeddable":true,"href":"https:\/\/giftsco.ma\/en\/wp-json\/wp\/v2\/product_tag?post=20375"}],"curies":[{"name":"wp","href":"https:\/\/api.w.org\/{rel}","templated":true}]}}