{"id":20374,"date":"2025-11-13T03:36:26","date_gmt":"2025-11-13T02:36:26","guid":{"rendered":"http:\/\/moleskinev9.local\/?post_type=product&#038;p=20374"},"modified":"2026-03-12T02:09:54","modified_gmt":"2026-03-12T01:09:54","slug":"sac-a-dos-collection-legendary-small-noir","status":"publish","type":"product","link":"https:\/\/giftsco.ma\/en\/product\/sac-a-dos-collection-legendary-small-noir\/","title":{"rendered":"Sac \u00e0 Dos Collection Legendary Small Noir"},"content":{"rendered":"<p data-path-to-node=\"5\">Le compagnon id\u00e9al de ceux et celles qui veulent transporter l&rsquo;essentiel avec un maximum de style.<\/p>\n<p data-path-to-node=\"5\">Plus l\u00e9ger, plus fin, mais tout aussi prestigieux, il garde la structure rigide qui lui permet de tenir debout tout seul.<\/p>\n<p data-path-to-node=\"6\"><b>Caract\u00e9ristiques Techniques &amp; Organisation :<\/b><\/p>\n<ul data-path-to-node=\"7\">\n<li>\n<p data-path-to-node=\"7,0,0\"><b>Formats Adapt\u00e9s :<\/b> * <b>Version Medium :<\/b> Id\u00e9ale pour tablettes et petits ordinateurs (jusqu&rsquo;\u00e0 <b>13 pouces<\/b>). (Format 30 x 43 x 13 cm)<\/p>\n<ul data-path-to-node=\"7,0,1\">\n<li>\n<p data-path-to-node=\"7,0,1,0,0\"><b>Version Small :<\/b> Un format sac \u00e0 main urbain, parfait pour vos essentiels, liseuse et carnets. (Format : 25,5 x 34 x 12 cm)<\/p>\n<\/li>\n<\/ul>\n<\/li>\n<li>\n<p data-path-to-node=\"7,1,0\"><b>Multipoches, Tissu satin\u00e9 rigide et Format Structur\u00e9<\/b><\/p>\n<\/li>\n<li>\n<p data-path-to-node=\"7,3,0\"><b>Protection &amp; S\u00e9curit\u00e9 :<\/b> Fermetures \u00e9clair invers\u00e9es <b>\u00e9tanches<\/b> et poche frontale zipp\u00e9e pour vos objets de valeur.<\/p>\n<\/li>\n<li>\n<p data-path-to-node=\"7,4,0\"><b>Finition de Luxe :<\/b> Doublure int\u00e9rieure en nid d&rsquo;abeille et logo discret sur mat\u00e9riau r\u00e9fl\u00e9chissant.<\/p>\n<\/li>\n<li>\n<p data-path-to-node=\"7,5,0\"><b>Praticit\u00e9 :<\/b> <b>Sangle \u00e0 bagages<\/b> incluse pour fixer le sac sur votre valise en voyage<\/p>\n<\/li>\n<\/ul>\n<p>Tissu ext\u00e9rieur : 100 % recycl\u00e9<\/p>\n<p>Offert avec le Sac : Trousse et. carnet de notes format Poche<\/p>\n<p>Volume : 10 l<\/p>","protected":false},"excerpt":{"rendered":"<p>Prix sp\u00e9cial Web<\/p>","protected":false},"featured_media":23497,"comment_status":"open","ping_status":"closed","template":"","meta":[],"product_brand":[],"product_cat":[351,356],"product_tag":[],"class_list":{"0":"post-20374","1":"product","2":"type-product","3":"status-publish","4":"has-post-thumbnail","6":"product_cat-sac-a-dos","7":"product_cat-the-legendary-collection","9":"first","10":"instock","11":"shipping-taxable","12":"purchasable","13":"product-type-simple"},"jetpack_sharing_enabled":true,"_links":{"self":[{"href":"https:\/\/giftsco.ma\/en\/wp-json\/wp\/v2\/product\/20374","targetHints":{"allow":["GET"]}}],"collection":[{"href":"https:\/\/giftsco.ma\/en\/wp-json\/wp\/v2\/product"}],"about":[{"href":"https:\/\/giftsco.ma\/en\/wp-json\/wp\/v2\/types\/product"}],"replies":[{"embeddable":true,"href":"https:\/\/giftsco.ma\/en\/wp-json\/wp\/v2\/comments?post=20374"}],"version-history":[{"count":3,"href":"https:\/\/giftsco.ma\/en\/wp-json\/wp\/v2\/product\/20374\/revisions"}],"predecessor-version":[{"id":23530,"href":"https:\/\/giftsco.ma\/en\/wp-json\/wp\/v2\/product\/20374\/revisions\/23530"}],"wp:featuredmedia":[{"embeddable":true,"href":"https:\/\/giftsco.ma\/en\/wp-json\/wp\/v2\/media\/23497"}],"wp:attachment":[{"href":"https:\/\/giftsco.ma\/en\/wp-json\/wp\/v2\/media?parent=20374"}],"wp:term":[{"taxonomy":"product_brand","embeddable":true,"href":"https:\/\/giftsco.ma\/en\/wp-json\/wp\/v2\/product_brand?post=20374"},{"taxonomy":"product_cat","embeddable":true,"href":"https:\/\/giftsco.ma\/en\/wp-json\/wp\/v2\/product_cat?post=20374"},{"taxonomy":"product_tag","embeddable":true,"href":"https:\/\/giftsco.ma\/en\/wp-json\/wp\/v2\/product_tag?post=20374"}],"curies":[{"name":"wp","href":"https:\/\/api.w.org\/{rel}","templated":true}]}}