{"id":20373,"date":"2025-11-13T03:36:26","date_gmt":"2025-11-13T02:36:26","guid":{"rendered":"http:\/\/moleskinev9.local\/?post_type=product&#038;p=20373"},"modified":"2026-03-07T01:09:27","modified_gmt":"2026-03-07T00:09:27","slug":"sac-a-dos-collection-legendary-medium-noir","status":"publish","type":"product","link":"https:\/\/giftsco.ma\/en\/product\/sac-a-dos-collection-legendary-medium-noir\/","title":{"rendered":"Sac \u00e0 Dos Collection Legendary Medium Noir"},"content":{"rendered":"<p data-path-to-node=\"5\"><b>L\u2019ic\u00f4ne Moleskine en format compact : \u00c9l\u00e9gance et libert\u00e9<\/b>\u00a0Le sac \u00e0 dos Legendary est le compagnon id\u00e9al pour ceux et celles qui veulent transporter l\u2019essentiel avec un maximum de style. Plus l\u00e9ger, plus fin, mais tout aussi prestigieux, il garde la structure rigide qui lui permet de tenir debout tout seul.<\/p>\n<p data-path-to-node=\"6\"><b>Caract\u00e9ristiques Techniques &amp; Organisation :<\/b><\/p>\n<ul data-path-to-node=\"7\">\n<li>\n<p data-path-to-node=\"7,0,0\"><b>Formats Adapt\u00e9s :<\/b>\u00a0*\u00a0<b>Version Medium :<\/b>\u00a0Id\u00e9ale pour tablettes et petits ordinateurs (jusqu\u2019\u00e0\u00a0<b>13 pouces<\/b>). (Format 30 x 43 x 13 cm)<\/p>\n<ul data-path-to-node=\"7,0,1\">\n<li>\n<p data-path-to-node=\"7,0,1,0,0\"><b>Version Small :<\/b>\u00a0Un format sac \u00e0 main urbain, parfait pour vos essentiels, liseuse et carnets. (Format : 25,5 x 34 x 12 cm)<\/p>\n<\/li>\n<\/ul>\n<\/li>\n<li>\n<p data-path-to-node=\"7,1,0\"><b>Organisation Int\u00e9rieure :<\/b>\u00a0Inclut la poche \u00ab\u00a0My Moleskine notes\u00a0\u00bb,\u00a0<b>2 emplacements stylos<\/b>\u00a0et un porte-carte de visite.<\/p>\n<\/li>\n<li>\n<p data-path-to-node=\"7,2,0\"><b>Confort Thermique :<\/b>\u00a0Dos en\u00a0<b>maille respirante<\/b>\u00a0pour \u00e9viter la chaleur et bretelles r\u00e9glables pour un ajustement l\u00e9ger sur les \u00e9paules.<\/p>\n<\/li>\n<li>\n<p data-path-to-node=\"7,3,0\"><b>Protection &amp; S\u00e9curit\u00e9 :<\/b>\u00a0Fermetures \u00e9clair invers\u00e9es\u00a0<b>\u00e9tanches<\/b>\u00a0et poche frontale zipp\u00e9e pour vos objets de valeur.<\/p>\n<\/li>\n<li>\n<p data-path-to-node=\"7,4,0\"><b>Finition de Luxe :<\/b>\u00a0Doublure int\u00e9rieure en nid d\u2019abeille et logo discret sur mat\u00e9riau r\u00e9fl\u00e9chissant.<\/p>\n<\/li>\n<li>\n<p data-path-to-node=\"7,5,0\"><b>Praticit\u00e9 :<\/b>\u00a0<b>Sangle \u00e0 bagages<\/b>\u00a0incluse pour fixer le sac sur votre valise en voyage<\/p>\n<\/li>\n<\/ul>\n<p>Tissu ext\u00e9rieur : 100 % recycl\u00e9<\/p>","protected":false},"excerpt":{"rendered":"<p>L\u2019ic\u00f4ne Moleskine en format compact : \u00c9l\u00e9gance et libert\u00e9\u00a0Le sac \u00e0 dos Legendary est le compagnon id\u00e9al pour ceux et celles qui veulent transporter l\u2019essentiel avec un maximum de style.&hellip;<\/p>","protected":false},"featured_media":23497,"comment_status":"open","ping_status":"closed","template":"","meta":[],"product_brand":[],"product_cat":[351,356],"product_tag":[],"class_list":{"0":"post-20373","1":"product","2":"type-product","3":"status-publish","4":"has-post-thumbnail","6":"product_cat-sac-a-dos","7":"product_cat-the-legendary-collection","9":"first","10":"instock","11":"shipping-taxable","12":"purchasable","13":"product-type-simple"},"jetpack_sharing_enabled":true,"_links":{"self":[{"href":"https:\/\/giftsco.ma\/en\/wp-json\/wp\/v2\/product\/20373","targetHints":{"allow":["GET"]}}],"collection":[{"href":"https:\/\/giftsco.ma\/en\/wp-json\/wp\/v2\/product"}],"about":[{"href":"https:\/\/giftsco.ma\/en\/wp-json\/wp\/v2\/types\/product"}],"replies":[{"embeddable":true,"href":"https:\/\/giftsco.ma\/en\/wp-json\/wp\/v2\/comments?post=20373"}],"version-history":[{"count":2,"href":"https:\/\/giftsco.ma\/en\/wp-json\/wp\/v2\/product\/20373\/revisions"}],"predecessor-version":[{"id":23279,"href":"https:\/\/giftsco.ma\/en\/wp-json\/wp\/v2\/product\/20373\/revisions\/23279"}],"wp:featuredmedia":[{"embeddable":true,"href":"https:\/\/giftsco.ma\/en\/wp-json\/wp\/v2\/media\/23497"}],"wp:attachment":[{"href":"https:\/\/giftsco.ma\/en\/wp-json\/wp\/v2\/media?parent=20373"}],"wp:term":[{"taxonomy":"product_brand","embeddable":true,"href":"https:\/\/giftsco.ma\/en\/wp-json\/wp\/v2\/product_brand?post=20373"},{"taxonomy":"product_cat","embeddable":true,"href":"https:\/\/giftsco.ma\/en\/wp-json\/wp\/v2\/product_cat?post=20373"},{"taxonomy":"product_tag","embeddable":true,"href":"https:\/\/giftsco.ma\/en\/wp-json\/wp\/v2\/product_tag?post=20373"}],"curies":[{"name":"wp","href":"https:\/\/api.w.org\/{rel}","templated":true}]}}