{"id":20372,"date":"2025-11-13T03:36:25","date_gmt":"2025-11-13T02:36:25","guid":{"rendered":"http:\/\/moleskinev9.local\/?post_type=product&#038;p=20372"},"modified":"2026-03-07T01:32:30","modified_gmt":"2026-03-07T00:32:30","slug":"sac-a-dos-collection-classic-noir","status":"publish","type":"product","link":"https:\/\/giftsco.ma\/en\/product\/sac-a-dos-collection-classic-noir\/","title":{"rendered":"Sac \u00e0 Dos Collection Classic Noir"},"content":{"rendered":"<p>Bretelles rembourr\u00e9es r\u00e9glables \u00e0 boucles coulissantes confort adapt\u00e9 au d\u00e9placement, attache des bretelles pratique et s\u00fbre<br \/>\n2 poches lat\u00e9rales pour toujours avoir l&rsquo;essentiel \u00e0 sa port\u00e9e<br \/>\nPatte de fermeture \u00e9clair avec logo<br \/>\nPoche my Moleskine notes pour stocker mes id\u00e9es<br \/>\nRestez connect\u00e9 : pour appareils num\u00e9riques jusqu&rsquo;\u00e0 15\u00a0\u00bb<br \/>\n1 poche \u00e0 fermeture \u00e9clair s\u00e9curis\u00e9e et 1 organisateur avec 2 emplacements stylo et porte carte de visite<br \/>\nEXT\u00c9RIEUR : 100 % polyur\u00e9thane<br \/>\nINT\u00c9RIEUR : 95 % polyester 5 % polyur\u00e9thane<br \/>\nFOND : 90 % poly\u00e9thyl\u00e8ne 5 % polyur\u00e9thane 5 % polyester<\/p>\n<p>volume : 13 litres<\/p>","protected":false},"excerpt":{"rendered":"<p>Bretelles rembourr\u00e9es r\u00e9glables \u00e0 boucles coulissantes confort adapt\u00e9 au d\u00e9placement, attache des bretelles pratique et s\u00fbre 2 poches lat\u00e9rales pour toujours avoir l&rsquo;essentiel \u00e0 sa port\u00e9e Patte de fermeture \u00e9clair&hellip;<\/p>","protected":false},"featured_media":23505,"comment_status":"open","ping_status":"closed","template":"","meta":[],"product_brand":[],"product_cat":[351,352],"product_tag":[],"class_list":{"0":"post-20372","1":"product","2":"type-product","3":"status-publish","4":"has-post-thumbnail","6":"product_cat-sac-a-dos","7":"product_cat-classic","9":"first","10":"instock","11":"shipping-taxable","12":"purchasable","13":"product-type-simple"},"jetpack_sharing_enabled":true,"_links":{"self":[{"href":"https:\/\/giftsco.ma\/en\/wp-json\/wp\/v2\/product\/20372","targetHints":{"allow":["GET"]}}],"collection":[{"href":"https:\/\/giftsco.ma\/en\/wp-json\/wp\/v2\/product"}],"about":[{"href":"https:\/\/giftsco.ma\/en\/wp-json\/wp\/v2\/types\/product"}],"replies":[{"embeddable":true,"href":"https:\/\/giftsco.ma\/en\/wp-json\/wp\/v2\/comments?post=20372"}],"version-history":[{"count":1,"href":"https:\/\/giftsco.ma\/en\/wp-json\/wp\/v2\/product\/20372\/revisions"}],"predecessor-version":[{"id":23506,"href":"https:\/\/giftsco.ma\/en\/wp-json\/wp\/v2\/product\/20372\/revisions\/23506"}],"wp:featuredmedia":[{"embeddable":true,"href":"https:\/\/giftsco.ma\/en\/wp-json\/wp\/v2\/media\/23505"}],"wp:attachment":[{"href":"https:\/\/giftsco.ma\/en\/wp-json\/wp\/v2\/media?parent=20372"}],"wp:term":[{"taxonomy":"product_brand","embeddable":true,"href":"https:\/\/giftsco.ma\/en\/wp-json\/wp\/v2\/product_brand?post=20372"},{"taxonomy":"product_cat","embeddable":true,"href":"https:\/\/giftsco.ma\/en\/wp-json\/wp\/v2\/product_cat?post=20372"},{"taxonomy":"product_tag","embeddable":true,"href":"https:\/\/giftsco.ma\/en\/wp-json\/wp\/v2\/product_tag?post=20372"}],"curies":[{"name":"wp","href":"https:\/\/api.w.org\/{rel}","templated":true}]}}