{"id":20370,"date":"2025-11-13T03:36:25","date_gmt":"2025-11-13T02:36:25","guid":{"rendered":"http:\/\/moleskinev9.local\/?post_type=product&#038;p=20370"},"modified":"2025-12-10T00:08:40","modified_gmt":"2025-12-09T23:08:40","slug":"kit-stylo-connectecarnet-connecte-chargeur-noir-moleskine","status":"publish","type":"product","link":"https:\/\/giftsco.ma\/en\/product\/kit-stylo-connectecarnet-connecte-chargeur-noir-moleskine\/","title":{"rendered":"Kit Stylo connect\u00e9+carnet connect\u00e9+ chargeur Noir Moleskine"},"content":{"rendered":"<p>Smart Notebook (grand format) avec papier Ncode con\u00e7u pour fonctionner avec le Smart Pen, angles arrondis, fermeture \u00e0 \u00e9lastique et ruban marque page assorti, papier sans acide couleur ivoire 100 g\/m\u00b2 (lign\u00e9). \u00ab\u00a0In case of loss\u00a0\u00bb imprim\u00e9 sur la page de garde, pochette int\u00e9rieure \u00e0 soufflet \u00e0 l&rsquo;arri\u00e8re, ouverture \u00e0 plat \u00e0 180\u00b0<br \/>\nSmart Pen<br \/>\n1 recharge d&rsquo;encre du stylo<br \/>\nchargeur magn\u00e9tique<br \/>\nMoleskine cr\u00e9e des produits certifi\u00e9s FSC\u2122\u00a0\u00bb<\/p>","protected":false},"excerpt":{"rendered":"<p>Smart Notebook (grand format) avec papier Ncode con\u00e7u pour fonctionner avec le Smart Pen, angles arrondis, fermeture \u00e0 \u00e9lastique et ruban marque page assorti, papier sans acide couleur ivoire 100&hellip;<\/p>","protected":false},"featured_media":20411,"comment_status":"open","ping_status":"closed","template":"","meta":[],"product_brand":[],"product_cat":[346,358,357],"product_tag":[],"class_list":{"0":"post-20370","1":"product","2":"type-product","3":"status-publish","4":"has-post-thumbnail","6":"product_cat-coffret-cadeau","7":"product_cat-moleskine-smart-kit-complet","8":"product_cat-smart-notebooks","10":"first","11":"instock","12":"shipping-taxable","13":"purchasable","14":"product-type-simple"},"jetpack_sharing_enabled":true,"_links":{"self":[{"href":"https:\/\/giftsco.ma\/en\/wp-json\/wp\/v2\/product\/20370","targetHints":{"allow":["GET"]}}],"collection":[{"href":"https:\/\/giftsco.ma\/en\/wp-json\/wp\/v2\/product"}],"about":[{"href":"https:\/\/giftsco.ma\/en\/wp-json\/wp\/v2\/types\/product"}],"replies":[{"embeddable":true,"href":"https:\/\/giftsco.ma\/en\/wp-json\/wp\/v2\/comments?post=20370"}],"version-history":[{"count":0,"href":"https:\/\/giftsco.ma\/en\/wp-json\/wp\/v2\/product\/20370\/revisions"}],"wp:featuredmedia":[{"embeddable":true,"href":"https:\/\/giftsco.ma\/en\/wp-json\/wp\/v2\/media\/20411"}],"wp:attachment":[{"href":"https:\/\/giftsco.ma\/en\/wp-json\/wp\/v2\/media?parent=20370"}],"wp:term":[{"taxonomy":"product_brand","embeddable":true,"href":"https:\/\/giftsco.ma\/en\/wp-json\/wp\/v2\/product_brand?post=20370"},{"taxonomy":"product_cat","embeddable":true,"href":"https:\/\/giftsco.ma\/en\/wp-json\/wp\/v2\/product_cat?post=20370"},{"taxonomy":"product_tag","embeddable":true,"href":"https:\/\/giftsco.ma\/en\/wp-json\/wp\/v2\/product_tag?post=20370"}],"curies":[{"name":"wp","href":"https:\/\/api.w.org\/{rel}","templated":true}]}}