{"id":20304,"date":"2025-11-13T02:28:46","date_gmt":"2025-11-13T01:28:46","guid":{"rendered":"http:\/\/moleskinev9.local\/?post_type=product&#038;p=20304"},"modified":"2025-12-19T01:08:12","modified_gmt":"2025-12-19T00:08:12","slug":"carnet-classic-collection-sakura-couverture-rigide","status":"publish","type":"product","link":"https:\/\/giftsco.ma\/en\/product\/carnet-classic-collection-sakura-couverture-rigide\/","title":{"rendered":"Carnet Classic Momoko SAKURA &#8211; Edition limit\u00e9e"},"content":{"rendered":"<p data-path-to-node=\"3\"><b>Une pi\u00e8ce de collection rare et po\u00e9tique<\/b> Fruit d&rsquo;une collaboration exclusive avec l&rsquo;artiste japonaise <b>Momoko Sakura<\/b> (cr\u00e9atrice de <i>Chibi Maruko-chan<\/i>), ce carnet c\u00e9l\u00e8bre la saison des cerisiers en fleurs. C&rsquo;est l&rsquo;alliance parfaite entre le prestige de Moleskine et l&rsquo;art japonais.<\/p>\n<p data-path-to-node=\"4\"><b>Pourquoi il est exceptionnel :<\/b><\/p>\n<ul data-path-to-node=\"5\">\n<li>\n<p data-path-to-node=\"5,0,0\"><b>Papier Signature :<\/b> Papier ivoire de <b>100 g\/m\u00b2<\/b>, \u00e0 la fois <b>dense et doux<\/b>, garantissant une \u00e9criture fluide sans que l&rsquo;encre ne traverse.<\/p>\n<\/li>\n<li>\n<p data-path-to-node=\"5,1,0\"><b>Toucher Luxueux :<\/b> Une couverture en <b>toile satin\u00e9e<\/b> exclusive qui met en valeur les illustrations d\u00e9licates de l&rsquo;artiste.<\/p>\n<\/li>\n<li>\n<p data-path-to-node=\"5,2,0\"><b>Confort d&rsquo;utilisation :<\/b> Ouverture \u00e0 <b>180\u00b0 \u00e0 plat<\/b> pour une utilisation facile de chaque millim\u00e8tre de la page.<\/p>\n<\/li>\n<li>\n<p data-path-to-node=\"5,3,0\"><b>Format large (13&#215;21 cm)<\/b><\/p>\n<\/li>\n<\/ul>\n<p data-path-to-node=\"6\"><i>Id\u00e9al pour les collectionneurs passionn\u00e9s ou comme cadeau d&rsquo;exception pour marquer un \u00e9v\u00e9nement.<\/i><\/p>","protected":false},"excerpt":{"rendered":"<p>Une pi\u00e8ce de collection rare et po\u00e9tique Fruit d&rsquo;une collaboration exclusive avec l&rsquo;artiste japonaise Momoko Sakura (cr\u00e9atrice de Chibi Maruko-chan), ce carnet c\u00e9l\u00e8bre la saison des cerisiers en fleurs. C&rsquo;est&hellip;<\/p>","protected":false},"featured_media":21095,"comment_status":"open","ping_status":"closed","template":"","meta":[],"product_brand":[],"product_cat":[336,345],"product_tag":[],"class_list":{"0":"post-20304","1":"product","2":"type-product","3":"status-publish","4":"has-post-thumbnail","6":"product_cat-carnet","7":"product_cat-sakura","9":"first","10":"instock","11":"sale","12":"shipping-taxable","13":"purchasable","14":"product-type-simple"},"jetpack_sharing_enabled":true,"_links":{"self":[{"href":"https:\/\/giftsco.ma\/en\/wp-json\/wp\/v2\/product\/20304","targetHints":{"allow":["GET"]}}],"collection":[{"href":"https:\/\/giftsco.ma\/en\/wp-json\/wp\/v2\/product"}],"about":[{"href":"https:\/\/giftsco.ma\/en\/wp-json\/wp\/v2\/types\/product"}],"replies":[{"embeddable":true,"href":"https:\/\/giftsco.ma\/en\/wp-json\/wp\/v2\/comments?post=20304"}],"version-history":[{"count":0,"href":"https:\/\/giftsco.ma\/en\/wp-json\/wp\/v2\/product\/20304\/revisions"}],"wp:featuredmedia":[{"embeddable":true,"href":"https:\/\/giftsco.ma\/en\/wp-json\/wp\/v2\/media\/21095"}],"wp:attachment":[{"href":"https:\/\/giftsco.ma\/en\/wp-json\/wp\/v2\/media?parent=20304"}],"wp:term":[{"taxonomy":"product_brand","embeddable":true,"href":"https:\/\/giftsco.ma\/en\/wp-json\/wp\/v2\/product_brand?post=20304"},{"taxonomy":"product_cat","embeddable":true,"href":"https:\/\/giftsco.ma\/en\/wp-json\/wp\/v2\/product_cat?post=20304"},{"taxonomy":"product_tag","embeddable":true,"href":"https:\/\/giftsco.ma\/en\/wp-json\/wp\/v2\/product_tag?post=20304"}],"curies":[{"name":"wp","href":"https:\/\/api.w.org\/{rel}","templated":true}]}}