{"id":20302,"date":"2025-11-13T02:28:46","date_gmt":"2025-11-13T01:28:46","guid":{"rendered":"http:\/\/moleskinev9.local\/?post_type=product&#038;p=20302"},"modified":"2025-12-19T01:20:12","modified_gmt":"2025-12-19T00:20:12","slug":"cahiers-journal-lot-de-2-collection-casa-batllo","status":"publish","type":"product","link":"https:\/\/giftsco.ma\/en\/product\/cahiers-journal-lot-de-2-collection-casa-batllo\/","title":{"rendered":"Cahiers Journal (lot de 2) Collection CASA BATLLO"},"content":{"rendered":"<p data-path-to-node=\"5\">Ce lot de 2 cahiers Journal c\u00e9l\u00e8bre l&rsquo;architecture embl\u00e9matique de la Casa Batll\u00f3 \u00e0 Barcelone.<\/p>\n<p data-path-to-node=\"5\"><b>L&rsquo;Exp\u00e9rience Sensorielle :<\/b><\/p>\n<ul data-path-to-node=\"6\">\n<li>\n<p data-path-to-node=\"6,0,0\"><b>Couverture en Relief :<\/b> Les motifs de la fa\u00e7ade de la Casa Batll\u00f3 sont reproduits avec des <b>finitions sensorielles en relief<\/b>. Sous vos doigts, vous ressentez les textures des c\u00e9l\u00e8bres mosa\u00efques espagnoles.<\/p>\n<\/li>\n<li>\n<p data-path-to-node=\"6,1,0\"><b>Toucher d&rsquo;Exception :<\/b> Une alternance de surfaces lisses et textur\u00e9es qui rend l&rsquo;objet fascinant \u00e0 manipuler. C&rsquo;est la garantie d&rsquo;un produit authentique et haut de gamme<\/p>\n<\/li>\n<\/ul>\n<p data-path-to-node=\"5\">.<b>L\u00e9g\u00e8ret\u00e9 &amp; Praticit\u00e9 :<\/b><\/p>\n<ul data-path-to-node=\"7\">\n<li>\n<p data-path-to-node=\"7,0,0\"><b>Format Journal :<\/b> Des cahiers souples, l\u00e9gers et faciles \u00e0 transporter, parfaits pour vos croquis ou vos notes quotidiennes.<\/p>\n<\/li>\n<li>\n<p data-path-to-node=\"7,1,0\"><b>Papier de Qualit\u00e9 :<\/b> Papier ivoire de <b>100 g\/m\u00b2<\/b>, offrant une \u00e9paisseur sup\u00e9rieure pour une \u00e9criture fluide sans transparence.<\/p>\n<\/li>\n<li>\n<p data-path-to-node=\"7,2,0\"><b>Couture Apparente :<\/b> Une reliure cousue \u00e0 la fois robuste et \u00e9l\u00e9gante, permettant une ouverture totale \u00e0 plat.<\/p>\n<\/li>\n<\/ul>","protected":false},"excerpt":{"rendered":"<p>Ce lot de 2 cahiers Journal c\u00e9l\u00e8bre l&rsquo;architecture embl\u00e9matique de la Casa Batll\u00f3 \u00e0 Barcelone. L&rsquo;Exp\u00e9rience Sensorielle : Couverture en Relief : Les motifs de la fa\u00e7ade de la Casa&hellip;<\/p>","protected":false},"featured_media":20163,"comment_status":"open","ping_status":"closed","template":"","meta":[],"product_brand":[],"product_cat":[336,342,360],"product_tag":[],"class_list":{"0":"post-20302","1":"product","2":"type-product","3":"status-publish","4":"has-post-thumbnail","6":"product_cat-carnet","7":"product_cat-casa-batllo-by-gaudi","8":"product_cat-edition-limitees","10":"first","11":"instock","12":"shipping-taxable","13":"purchasable","14":"product-type-simple"},"jetpack_sharing_enabled":true,"_links":{"self":[{"href":"https:\/\/giftsco.ma\/en\/wp-json\/wp\/v2\/product\/20302","targetHints":{"allow":["GET"]}}],"collection":[{"href":"https:\/\/giftsco.ma\/en\/wp-json\/wp\/v2\/product"}],"about":[{"href":"https:\/\/giftsco.ma\/en\/wp-json\/wp\/v2\/types\/product"}],"replies":[{"embeddable":true,"href":"https:\/\/giftsco.ma\/en\/wp-json\/wp\/v2\/comments?post=20302"}],"version-history":[{"count":0,"href":"https:\/\/giftsco.ma\/en\/wp-json\/wp\/v2\/product\/20302\/revisions"}],"wp:featuredmedia":[{"embeddable":true,"href":"https:\/\/giftsco.ma\/en\/wp-json\/wp\/v2\/media\/20163"}],"wp:attachment":[{"href":"https:\/\/giftsco.ma\/en\/wp-json\/wp\/v2\/media?parent=20302"}],"wp:term":[{"taxonomy":"product_brand","embeddable":true,"href":"https:\/\/giftsco.ma\/en\/wp-json\/wp\/v2\/product_brand?post=20302"},{"taxonomy":"product_cat","embeddable":true,"href":"https:\/\/giftsco.ma\/en\/wp-json\/wp\/v2\/product_cat?post=20302"},{"taxonomy":"product_tag","embeddable":true,"href":"https:\/\/giftsco.ma\/en\/wp-json\/wp\/v2\/product_tag?post=20302"}],"curies":[{"name":"wp","href":"https:\/\/api.w.org\/{rel}","templated":true}]}}