{"id":20301,"date":"2025-11-13T02:28:45","date_gmt":"2025-11-13T01:28:45","guid":{"rendered":"http:\/\/moleskinev9.local\/?post_type=product&#038;p=20301"},"modified":"2025-12-19T01:14:12","modified_gmt":"2025-12-19T00:14:12","slug":"cahier-journal-lot-de-3-collection-peanuts-couverture-kraft","status":"publish","type":"product","link":"https:\/\/giftsco.ma\/en\/product\/cahier-journal-lot-de-3-collection-peanuts-couverture-kraft\/","title":{"rendered":"Lot de 3 Cahiers Moleskine American Pop Style &#8211; \u00c9dition Limit\u00e9e"},"content":{"rendered":"<p data-path-to-node=\"5\">\u00a0Cette \u00e9dition d\u00e9contract\u00e9e apporte une touche d&rsquo;originalit\u00e9 et d&rsquo;humour \u00e0 votre quotidien. Avec son design inspir\u00e9 de la pop-culture am\u00e9ricaine, c\u2019est le carnet id\u00e9al pour ceux qui veulent un accessoire \u00e0 la fois chic, joyeux et diff\u00e9rent.<\/p>\n<ul data-path-to-node=\"7\">\n<li>\n<p data-path-to-node=\"7,0,0\"><b>Qualit\u00e9 Moleskine :<\/b> Papier ivoire de <b>70 g\/m\u00b2 dense et doux<\/b>, parfait pour tous vos types de stylos sans bavure.<\/p>\n<\/li>\n<li>\n<p data-path-to-node=\"7,1,0\"><b>Design Unique :<\/b> Une couverture th\u00e9matique avec des illustrations graphiques qui rappellent l&rsquo;univers des bandes dessin\u00e9es cultes.<\/p>\n<\/li>\n<li>\n<p data-path-to-node=\"7,2,0\"><b>Praticit\u00e9 :<\/b> Ouverture \u00e0 <b>180\u00b0 \u00e0 plat<\/b>, \u00e9lastique de fermeture assorti et pochette int\u00e9rieure pour vos documents.<\/p>\n<\/li>\n<li>\n<p data-path-to-node=\"7,3,0\"><b>Le petit plus :<\/b> Des autocollants personnalis\u00e9s inclus \u00e0 l&rsquo;int\u00e9rieur pour d\u00e9corer vos pages.<\/p>\n<\/li>\n<li><strong>Format<\/strong> XLarge\u00a0 (19x 25 cm)<\/li>\n<\/ul>","protected":false},"excerpt":{"rendered":"<p>\u00a0Cette \u00e9dition d\u00e9contract\u00e9e apporte une touche d&rsquo;originalit\u00e9 et d&rsquo;humour \u00e0 votre quotidien. Avec son design inspir\u00e9 de la pop-culture am\u00e9ricaine, c\u2019est le carnet id\u00e9al pour ceux qui veulent un accessoire&hellip;<\/p>","protected":false},"featured_media":20880,"comment_status":"open","ping_status":"closed","template":"","meta":[],"product_brand":[],"product_cat":[336,360,363],"product_tag":[],"class_list":{"0":"post-20301","1":"product","2":"type-product","3":"status-publish","4":"has-post-thumbnail","6":"product_cat-carnet","7":"product_cat-edition-limitees","8":"product_cat-peanuts-snoopy-carnet","10":"first","11":"instock","12":"shipping-taxable","13":"purchasable","14":"product-type-simple"},"jetpack_sharing_enabled":true,"_links":{"self":[{"href":"https:\/\/giftsco.ma\/en\/wp-json\/wp\/v2\/product\/20301","targetHints":{"allow":["GET"]}}],"collection":[{"href":"https:\/\/giftsco.ma\/en\/wp-json\/wp\/v2\/product"}],"about":[{"href":"https:\/\/giftsco.ma\/en\/wp-json\/wp\/v2\/types\/product"}],"replies":[{"embeddable":true,"href":"https:\/\/giftsco.ma\/en\/wp-json\/wp\/v2\/comments?post=20301"}],"version-history":[{"count":0,"href":"https:\/\/giftsco.ma\/en\/wp-json\/wp\/v2\/product\/20301\/revisions"}],"wp:featuredmedia":[{"embeddable":true,"href":"https:\/\/giftsco.ma\/en\/wp-json\/wp\/v2\/media\/20880"}],"wp:attachment":[{"href":"https:\/\/giftsco.ma\/en\/wp-json\/wp\/v2\/media?parent=20301"}],"wp:term":[{"taxonomy":"product_brand","embeddable":true,"href":"https:\/\/giftsco.ma\/en\/wp-json\/wp\/v2\/product_brand?post=20301"},{"taxonomy":"product_cat","embeddable":true,"href":"https:\/\/giftsco.ma\/en\/wp-json\/wp\/v2\/product_cat?post=20301"},{"taxonomy":"product_tag","embeddable":true,"href":"https:\/\/giftsco.ma\/en\/wp-json\/wp\/v2\/product_tag?post=20301"}],"curies":[{"name":"wp","href":"https:\/\/api.w.org\/{rel}","templated":true}]}}