{"id":20299,"date":"2025-11-13T02:28:45","date_gmt":"2025-11-13T01:28:45","guid":{"rendered":"http:\/\/moleskinev9.local\/?post_type=product&#038;p=20299"},"modified":"2025-12-10T00:08:44","modified_gmt":"2025-12-09T23:08:44","slug":"album-de-croquis-poche-120gm2-couverture-kraft","status":"publish","type":"product","link":"https:\/\/giftsco.ma\/en\/product\/album-de-croquis-poche-120gm2-couverture-kraft\/","title":{"rendered":"Album de Croquis Poche 120gm2 Couverture Kraft"},"content":{"rendered":"<p>Couverture Kraft rigide<br \/>\nAngles arrondis, fermeture \u00e0 \u00e9lastique et ruban marque-page assorti<br \/>\nPapier sans acide, couleur ivoire, 120 g\/m\u00b2 issu de for\u00eats certifi\u00e9es FSC\u2122<br \/>\nPochette int\u00e9rieure \u00e0 soufflet \u00e0 l&rsquo;arri\u00e8re<br \/>\nBandeau papier r\u00e9utilisable avec des Contenus suppl\u00e9mentaires sur la Face B<br \/>\nOuverture \u00e0 plat \u00e0 180\u00b0<br \/>\nL&rsquo;histoire de Moleskine est \u00e0 l&rsquo;int\u00e9rieur<\/p>","protected":false},"excerpt":{"rendered":"<p>Couverture Kraft rigide Angles arrondis, fermeture \u00e0 \u00e9lastique et ruban marque-page assorti Papier sans acide, couleur ivoire, 120 g\/m\u00b2 issu de for\u00eats certifi\u00e9es FSC\u2122 Pochette int\u00e9rieure \u00e0 soufflet \u00e0 l&rsquo;arri\u00e8re&hellip;<\/p>","protected":false},"featured_media":21093,"comment_status":"open","ping_status":"closed","template":"","meta":[],"product_brand":[],"product_cat":[336,341],"product_tag":[],"class_list":{"0":"post-20299","1":"product","2":"type-product","3":"status-publish","4":"has-post-thumbnail","6":"product_cat-carnet","7":"product_cat-carnets-dart","9":"first","10":"instock","11":"shipping-taxable","12":"purchasable","13":"product-type-simple"},"jetpack_sharing_enabled":true,"_links":{"self":[{"href":"https:\/\/giftsco.ma\/en\/wp-json\/wp\/v2\/product\/20299","targetHints":{"allow":["GET"]}}],"collection":[{"href":"https:\/\/giftsco.ma\/en\/wp-json\/wp\/v2\/product"}],"about":[{"href":"https:\/\/giftsco.ma\/en\/wp-json\/wp\/v2\/types\/product"}],"replies":[{"embeddable":true,"href":"https:\/\/giftsco.ma\/en\/wp-json\/wp\/v2\/comments?post=20299"}],"version-history":[{"count":0,"href":"https:\/\/giftsco.ma\/en\/wp-json\/wp\/v2\/product\/20299\/revisions"}],"wp:featuredmedia":[{"embeddable":true,"href":"https:\/\/giftsco.ma\/en\/wp-json\/wp\/v2\/media\/21093"}],"wp:attachment":[{"href":"https:\/\/giftsco.ma\/en\/wp-json\/wp\/v2\/media?parent=20299"}],"wp:term":[{"taxonomy":"product_brand","embeddable":true,"href":"https:\/\/giftsco.ma\/en\/wp-json\/wp\/v2\/product_brand?post=20299"},{"taxonomy":"product_cat","embeddable":true,"href":"https:\/\/giftsco.ma\/en\/wp-json\/wp\/v2\/product_cat?post=20299"},{"taxonomy":"product_tag","embeddable":true,"href":"https:\/\/giftsco.ma\/en\/wp-json\/wp\/v2\/product_tag?post=20299"}],"curies":[{"name":"wp","href":"https:\/\/api.w.org\/{rel}","templated":true}]}}