{"id":20296,"date":"2025-11-13T02:28:44","date_gmt":"2025-11-13T01:28:44","guid":{"rendered":"http:\/\/moleskinev9.local\/?post_type=product&#038;p=20296"},"modified":"2025-12-19T01:15:25","modified_gmt":"2025-12-19T00:15:25","slug":"agenda-dates-libres-collection-sakura-couverture-rigide","status":"publish","type":"product","link":"https:\/\/giftsco.ma\/en\/product\/agenda-dates-libres-collection-sakura-couverture-rigide\/","title":{"rendered":"Agenda non dat\u00e9 Momoko SAKURA &#8211; Dates libres"},"content":{"rendered":"<p>&nbsp;<\/p>\n<h3 data-path-to-node=\"5\"><b>Agenda Collector : Libert\u00e9 Totale &amp; Design Momoko Sakura<\/b><\/h3>\n<p data-path-to-node=\"6\"><b>Planifiez sans contraintes<\/b> Contrairement aux agendas classiques, ce mod\u00e8le \u00e0 <b>dates libres<\/b> vous permet de commencer votre organisation \u00e0 n&rsquo;importe quel moment de l&rsquo;ann\u00e9e. Vous remplissez vous-m\u00eame les dates, offrant une flexibilit\u00e9 absolue pour votre gestion du temps.<\/p>\n<p data-path-to-node=\"7\"><b>Qualit\u00e9 &amp; Texture :<\/b><\/p>\n<ul data-path-to-node=\"8\">\n<li>\n<p data-path-to-node=\"8,0,0\"><b>Papier Signature :<\/b> Papier ivoire de <b>100 g\/m\u00b2<\/b>, \u00e0 la fois <b>dense et doux<\/b>, id\u00e9al pour une \u00e9criture fluide sans transparence au verso.<\/p>\n<\/li>\n<li>\n<p data-path-to-node=\"8,1,0\"><b>Finition Premium :<\/b> Couverture rigide habill\u00e9e d&rsquo;un rev\u00eatement textile aux motifs po\u00e9tiques de la collection Sakura.<\/p>\n<\/li>\n<li>\n<p data-path-to-node=\"8,2,0\"><b>Confort :<\/b> Ouverture totale \u00e0 <b>180\u00b0 \u00e0 plat<\/b> pour une planification ais\u00e9e sur chaque page.<\/p>\n<\/li>\n<\/ul>\n<p data-path-to-node=\"9\"><b>Outils d&rsquo;Organisation :<\/b><\/p>\n<ul data-path-to-node=\"10\">\n<li>\n<p data-path-to-node=\"10,0,0\"><b>Structure Hybride :<\/b> Pages de planification mensuelle et hebdomadaire non dat\u00e9es.<\/p>\n<\/li>\n<li>\n<p data-path-to-node=\"10,1,0\"><b>Personnalisation :<\/b> Planche d&rsquo;autocollants th\u00e9matiques incluse pour marquer vos dates importantes et \u00e9v\u00e9nements.<\/p>\n<\/li>\n<li>\n<p data-path-to-node=\"10,2,0\"><b>D\u00e9tails Pratiques :<\/b> Fermeture \u00e0 \u00e9lastique, ruban marque-page et pochette int\u00e9rieure \u00e0 soufflet.<\/p>\n<\/li>\n<li>Format large (13 x 21 cm)<\/li>\n<\/ul>","protected":false},"excerpt":{"rendered":"<p>&nbsp; Agenda Collector : Libert\u00e9 Totale &amp; Design Momoko Sakura Planifiez sans contraintes Contrairement aux agendas classiques, ce mod\u00e8le \u00e0 dates libres vous permet de commencer votre organisation \u00e0 n&rsquo;importe&hellip;<\/p>","protected":false},"featured_media":21029,"comment_status":"open","ping_status":"closed","template":"","meta":[],"product_brand":[],"product_cat":[333,332,360],"product_tag":[],"class_list":{"0":"post-20296","1":"product","2":"type-product","3":"status-publish","4":"has-post-thumbnail","6":"product_cat-agenda-dates-libres","7":"product_cat-agendas","8":"product_cat-edition-limitees","10":"first","11":"instock","12":"sale","13":"shipping-taxable","14":"purchasable","15":"product-type-simple"},"jetpack_sharing_enabled":true,"_links":{"self":[{"href":"https:\/\/giftsco.ma\/en\/wp-json\/wp\/v2\/product\/20296","targetHints":{"allow":["GET"]}}],"collection":[{"href":"https:\/\/giftsco.ma\/en\/wp-json\/wp\/v2\/product"}],"about":[{"href":"https:\/\/giftsco.ma\/en\/wp-json\/wp\/v2\/types\/product"}],"replies":[{"embeddable":true,"href":"https:\/\/giftsco.ma\/en\/wp-json\/wp\/v2\/comments?post=20296"}],"version-history":[{"count":0,"href":"https:\/\/giftsco.ma\/en\/wp-json\/wp\/v2\/product\/20296\/revisions"}],"wp:featuredmedia":[{"embeddable":true,"href":"https:\/\/giftsco.ma\/en\/wp-json\/wp\/v2\/media\/21029"}],"wp:attachment":[{"href":"https:\/\/giftsco.ma\/en\/wp-json\/wp\/v2\/media?parent=20296"}],"wp:term":[{"taxonomy":"product_brand","embeddable":true,"href":"https:\/\/giftsco.ma\/en\/wp-json\/wp\/v2\/product_brand?post=20296"},{"taxonomy":"product_cat","embeddable":true,"href":"https:\/\/giftsco.ma\/en\/wp-json\/wp\/v2\/product_cat?post=20296"},{"taxonomy":"product_tag","embeddable":true,"href":"https:\/\/giftsco.ma\/en\/wp-json\/wp\/v2\/product_tag?post=20296"}],"curies":[{"name":"wp","href":"https:\/\/api.w.org\/{rel}","templated":true}]}}