{"id":20294,"date":"2025-11-13T02:28:43","date_gmt":"2025-11-13T01:28:43","guid":{"rendered":"http:\/\/moleskinev9.local\/?post_type=product&#038;p=20294"},"modified":"2026-01-12T15:03:11","modified_gmt":"2026-01-12T14:03:11","slug":"agenda-2026-semainier-large-spiral-couverture-kraft","status":"publish","type":"product","link":"https:\/\/giftsco.ma\/en\/product\/agenda-2026-semainier-large-spiral-couverture-kraft\/","title":{"rendered":"Agenda 2026 Semainier Large Spiral Couverture Kraft"},"content":{"rendered":"<p>Reliure en spirale en m\u00e9lange de li\u00e8ge \u00e0 la fois robuste et flexible<br \/>\nDat\u00e9 de janvier \u00e0 d\u00e9cembre 2026.<br \/>\nVue hebdomadaire sur deux pages : une page par semaine, une page lign\u00e9e pour les notes libres<br \/>\nCalendriers mensuels<br \/>\nSuivi des habitudes et Suivi hebdomadaire de l&rsquo;humeur, listes de t\u00e2ches perfor\u00e9es<br \/>\nComprend des autocollants et 3 marque-pages pour personnaliser votre emploi du temps<br \/>\nPapier sans acide, 100 g\/m\u00b2, couleur ivoire issu de for\u00eats certifi\u00e9es FSC<br \/>\nAngles arrondis, fermeture \u00e0 \u00e9lastique et pochette extensible \u00e0 l&rsquo;arri\u00e8re<\/p>","protected":false},"excerpt":{"rendered":"<p>Reliure en spirale en m\u00e9lange de li\u00e8ge \u00e0 la fois robuste et flexible Dat\u00e9 de janvier \u00e0 d\u00e9cembre 2026. Vue hebdomadaire sur deux pages : une page par semaine, une&hellip;<\/p>","protected":false},"featured_media":21032,"comment_status":"open","ping_status":"closed","template":"","meta":[],"product_brand":[],"product_cat":[332,362,335],"product_tag":[],"class_list":{"0":"post-20294","1":"product","2":"type-product","3":"status-publish","4":"has-post-thumbnail","6":"product_cat-agendas","7":"product_cat-personnalisation","8":"product_cat-semainier","10":"first","11":"outofstock","12":"shipping-taxable","13":"purchasable","14":"product-type-simple"},"jetpack_sharing_enabled":true,"_links":{"self":[{"href":"https:\/\/giftsco.ma\/en\/wp-json\/wp\/v2\/product\/20294","targetHints":{"allow":["GET"]}}],"collection":[{"href":"https:\/\/giftsco.ma\/en\/wp-json\/wp\/v2\/product"}],"about":[{"href":"https:\/\/giftsco.ma\/en\/wp-json\/wp\/v2\/types\/product"}],"replies":[{"embeddable":true,"href":"https:\/\/giftsco.ma\/en\/wp-json\/wp\/v2\/comments?post=20294"}],"version-history":[{"count":0,"href":"https:\/\/giftsco.ma\/en\/wp-json\/wp\/v2\/product\/20294\/revisions"}],"wp:featuredmedia":[{"embeddable":true,"href":"https:\/\/giftsco.ma\/en\/wp-json\/wp\/v2\/media\/21032"}],"wp:attachment":[{"href":"https:\/\/giftsco.ma\/en\/wp-json\/wp\/v2\/media?parent=20294"}],"wp:term":[{"taxonomy":"product_brand","embeddable":true,"href":"https:\/\/giftsco.ma\/en\/wp-json\/wp\/v2\/product_brand?post=20294"},{"taxonomy":"product_cat","embeddable":true,"href":"https:\/\/giftsco.ma\/en\/wp-json\/wp\/v2\/product_cat?post=20294"},{"taxonomy":"product_tag","embeddable":true,"href":"https:\/\/giftsco.ma\/en\/wp-json\/wp\/v2\/product_tag?post=20294"}],"curies":[{"name":"wp","href":"https:\/\/api.w.org\/{rel}","templated":true}]}}