{"id":20197,"date":"2025-11-13T01:05:35","date_gmt":"2025-11-13T00:05:35","guid":{"rendered":"http:\/\/moleskinev9.local\/?post_type=product&#038;p=20197"},"modified":"2026-02-12T18:56:54","modified_gmt":"2026-02-12T17:56:54","slug":"coffret-cadeau-snakerose-carnet-classicstylo-kawecobox","status":"publish","type":"product","link":"https:\/\/giftsco.ma\/en\/product\/coffret-cadeau-snakerose-carnet-classicstylo-kawecobox\/","title":{"rendered":"Coffret Cadeau Moleskine SNAKE &#038; ROSE x Kaweco (Carnet + Stylo)"},"content":{"rendered":"<h3 data-path-to-node=\"4\">L&rsquo;\u00c9l\u00e9gance Rebelle<\/h3>\n<p>Une toile textur\u00e9 exceptionnellement sophistiqu\u00e9e entre modernit\u00e9 et tradition m\u00ealant Roses &amp; Serpent marque ce coffret compos\u00e9 de Carnet dot\u00e9 de la m\u00eame toile et d&rsquo;un stylo Kaweco<\/p>\n<p data-path-to-node=\"5\"><b>L&rsquo;\u00c9crin Collector :<\/b><\/p>\n<ul data-path-to-node=\"6\">\n<li>\n<p data-path-to-node=\"6,0,0\"><b>Duo d&rsquo;Exception :<\/b> Une collaboration exclusive entre Moleskine et le savoir-faire allemand de Kaweco.<\/p>\n<\/li>\n<li>\n<p data-path-to-node=\"6,1,0\"><b>Design Audacieux :<\/b> Carnet \u00e0 couverture textur\u00e9e effet serpent (Snake) contrast\u00e9 par des accents Rose sophistiqu\u00e9s.<\/p>\n<\/li>\n<li>\n<p data-path-to-node=\"6,2,0\"><b>Finition :<\/b> Ouverture totale \u00e0 180\u00b0 \u00e0 plat pour un confort d&rsquo;\u00e9criture in\u00e9gal\u00e9.<\/p>\n<\/li>\n<\/ul>\n<p data-path-to-node=\"7\"><b>Les Outils de Cr\u00e9ation :<\/b><\/p>\n<ul data-path-to-node=\"8\">\n<li>\n<p data-path-to-node=\"8,0,0\"><b><span class=\"citation-12\">Le Carnet :<\/span><\/b><span class=\"citation-12\"> Papier premium ivoire de <\/span><b><span class=\"citation-12\">100 g\/m\u00b2<\/span><\/b><span class=\"citation-12 citation-end-12\">, con\u00e7u pour une glisse parfaite sans transparence.<\/span><\/p>\n<div class=\"source-inline-chip-container ng-star-inserted\"><\/div>\n<\/li>\n<li>\n<p data-path-to-node=\"8,1,0\"><b>Le Stylo :<\/b> Stylo roller Kaweco assorti, rechargeable et reconnu pour son design intemporel.<\/p>\n<\/li>\n<li>\n<p data-path-to-node=\"8,2,0\"><b>Le Packaging :<\/b> Livr\u00e9 dans une bo\u00eete cadeau (Box) haut de gamme, pr\u00eate \u00e0 offrir.<\/p>\n<\/li>\n<\/ul>","protected":false},"excerpt":{"rendered":"<p>L&rsquo;\u00c9l\u00e9gance Rebelle Une toile textur\u00e9 exceptionnellement sophistiqu\u00e9e entre modernit\u00e9 et tradition m\u00ealant Roses &amp; Serpent marque ce coffret compos\u00e9 de Carnet dot\u00e9 de la m\u00eame toile et d&rsquo;un stylo Kaweco&hellip;<\/p>","protected":false},"featured_media":21135,"comment_status":"open","ping_status":"closed","template":"","meta":[],"product_brand":[],"product_cat":[346,361,360],"product_tag":[],"class_list":{"0":"post-20197","1":"product","2":"type-product","3":"status-publish","4":"has-post-thumbnail","6":"product_cat-coffret-cadeau","7":"product_cat-collection-asie-coffret-cadeau","8":"product_cat-edition-limitees","10":"first","11":"instock","12":"featured","13":"shipping-taxable","14":"purchasable","15":"product-type-simple"},"jetpack_sharing_enabled":true,"_links":{"self":[{"href":"https:\/\/giftsco.ma\/en\/wp-json\/wp\/v2\/product\/20197","targetHints":{"allow":["GET"]}}],"collection":[{"href":"https:\/\/giftsco.ma\/en\/wp-json\/wp\/v2\/product"}],"about":[{"href":"https:\/\/giftsco.ma\/en\/wp-json\/wp\/v2\/types\/product"}],"replies":[{"embeddable":true,"href":"https:\/\/giftsco.ma\/en\/wp-json\/wp\/v2\/comments?post=20197"}],"version-history":[{"count":0,"href":"https:\/\/giftsco.ma\/en\/wp-json\/wp\/v2\/product\/20197\/revisions"}],"wp:featuredmedia":[{"embeddable":true,"href":"https:\/\/giftsco.ma\/en\/wp-json\/wp\/v2\/media\/21135"}],"wp:attachment":[{"href":"https:\/\/giftsco.ma\/en\/wp-json\/wp\/v2\/media?parent=20197"}],"wp:term":[{"taxonomy":"product_brand","embeddable":true,"href":"https:\/\/giftsco.ma\/en\/wp-json\/wp\/v2\/product_brand?post=20197"},{"taxonomy":"product_cat","embeddable":true,"href":"https:\/\/giftsco.ma\/en\/wp-json\/wp\/v2\/product_cat?post=20197"},{"taxonomy":"product_tag","embeddable":true,"href":"https:\/\/giftsco.ma\/en\/wp-json\/wp\/v2\/product_tag?post=20197"}],"curies":[{"name":"wp","href":"https:\/\/api.w.org\/{rel}","templated":true}]}}