{"id":20192,"date":"2025-11-13T01:05:33","date_gmt":"2025-11-13T00:05:33","guid":{"rendered":"http:\/\/moleskinev9.local\/?post_type=product&#038;p=20192"},"modified":"2025-12-28T19:33:01","modified_gmt":"2025-12-28T18:33:01","slug":"set-stylo-plume-et-stylo-bille-kaweco-x-moleskine","status":"publish","type":"product","link":"https:\/\/giftsco.ma\/en\/product\/set-stylo-plume-et-stylo-bille-kaweco-x-moleskine\/","title":{"rendered":"Set Moleskine x Kaweco : Plume &#038; Bille (Corps bleu)"},"content":{"rendered":"<h3 data-path-to-node=\"5\">L&rsquo;Alliance du Style et de la Performance<\/h3>\n<p data-path-to-node=\"6\"><b>L&rsquo;\u00c9crin Collector :<\/b><\/p>\n<ul data-path-to-node=\"7\">\n<li>\n<p data-path-to-node=\"7,0,0\"><b>Collaboration Exclusive :<\/b> Le design iconique de Moleskine rencontre l&rsquo;ing\u00e9nierie de pr\u00e9cision allemande de Kaweco<\/p>\n<\/li>\n<li>\n<p data-path-to-node=\"7,1,0\"><b>Mati\u00e8re Premium :<\/b> Un stylo plume avec plume en plaqu\u00e9 or de taille M et au corps en r\u00e9sine<b>\u00a0ABS haute r\u00e9sistance<\/b>, offrant un \u00e9quilibre parfait entre l\u00e9g\u00e8ret\u00e9 et durabilit\u00e9. Un stylo bille rechargeable au corps en r\u00e9sine ABS<\/p>\n<\/li>\n<li>\n<p data-path-to-node=\"7,2,0\"><b>Design :<\/b> Une finition Bleu canard sophistiqu\u00e9e avec une prise en main ergonomique pour un confort prolong\u00e9<\/p>\n<\/li>\n<li>Etui m\u00e9tallique vintage r\u00e9utilisable<\/li>\n<li>6 cartouches d&rsquo;encre Kaweco standard (encre de couleur bleu roi)<\/li>\n<\/ul>","protected":false},"excerpt":{"rendered":"<p>L&rsquo;Alliance du Style et de la Performance L&rsquo;\u00c9crin Collector : Collaboration Exclusive : Le design iconique de Moleskine rencontre l&rsquo;ing\u00e9nierie de pr\u00e9cision allemande de Kaweco Mati\u00e8re Premium : Un stylo&hellip;<\/p>","protected":false},"featured_media":20221,"comment_status":"open","ping_status":"closed","template":"","meta":[],"product_brand":[],"product_cat":[365,360,366],"product_tag":[],"class_list":{"0":"post-20192","1":"product","2":"type-product","3":"status-publish","4":"has-post-thumbnail","6":"product_cat-ecriture","7":"product_cat-edition-limitees","8":"product_cat-kaweco-x-moleskine-ecriture","10":"first","11":"instock","12":"shipping-taxable","13":"purchasable","14":"product-type-variable"},"jetpack_sharing_enabled":true,"_links":{"self":[{"href":"https:\/\/giftsco.ma\/en\/wp-json\/wp\/v2\/product\/20192","targetHints":{"allow":["GET"]}}],"collection":[{"href":"https:\/\/giftsco.ma\/en\/wp-json\/wp\/v2\/product"}],"about":[{"href":"https:\/\/giftsco.ma\/en\/wp-json\/wp\/v2\/types\/product"}],"replies":[{"embeddable":true,"href":"https:\/\/giftsco.ma\/en\/wp-json\/wp\/v2\/comments?post=20192"}],"version-history":[{"count":0,"href":"https:\/\/giftsco.ma\/en\/wp-json\/wp\/v2\/product\/20192\/revisions"}],"wp:featuredmedia":[{"embeddable":true,"href":"https:\/\/giftsco.ma\/en\/wp-json\/wp\/v2\/media\/20221"}],"wp:attachment":[{"href":"https:\/\/giftsco.ma\/en\/wp-json\/wp\/v2\/media?parent=20192"}],"wp:term":[{"taxonomy":"product_brand","embeddable":true,"href":"https:\/\/giftsco.ma\/en\/wp-json\/wp\/v2\/product_brand?post=20192"},{"taxonomy":"product_cat","embeddable":true,"href":"https:\/\/giftsco.ma\/en\/wp-json\/wp\/v2\/product_cat?post=20192"},{"taxonomy":"product_tag","embeddable":true,"href":"https:\/\/giftsco.ma\/en\/wp-json\/wp\/v2\/product_tag?post=20192"}],"curies":[{"name":"wp","href":"https:\/\/api.w.org\/{rel}","templated":true}]}}