{"id":20191,"date":"2025-11-13T01:05:32","date_gmt":"2025-11-13T00:05:32","guid":{"rendered":"http:\/\/moleskinev9.local\/?post_type=product&#038;p=20191"},"modified":"2025-12-02T14:26:00","modified_gmt":"2025-12-02T13:26:00","slug":"set-de-5-crayons-a-croquis-en-bois-de-cedre","status":"publish","type":"product","link":"https:\/\/giftsco.ma\/en\/product\/set-de-5-crayons-a-croquis-en-bois-de-cedre\/","title":{"rendered":"Set de 5 Crayons \u00e0 Croquis en Bois de C\u00e9dre"},"content":{"rendered":"<p>Cinq crayons \u00e0 dessin en graphite<br \/>\nB Doux et obscure pour des ombrages orageux et des lignes pleines<br \/>\n4B Des traits l\u00e9g\u00e8rement estomp\u00e9s qui roulent encore et encore et encore<\/p>\n<p>2B Des lignes discr\u00e8tes et silencieuses qui dessinent des id\u00e9es d\u00e9finies<br \/>\nHB Aussi naturel que la respiration, pour des impressions parfaitement \u00e9quilibr\u00e9es<br \/>\nH Des marques l\u00e9g\u00e8res et rapides pour des croquis faits sur la route<br \/>\nbois de c\u00e8dre naturel certifi\u00e9 FSC\u2122<\/p>","protected":false},"excerpt":{"rendered":"<p>Cinq crayons \u00e0 dessin en graphite B Doux et obscure pour des ombrages orageux et des lignes pleines 4B Des traits l\u00e9g\u00e8rement estomp\u00e9s qui roulent encore et encore et encore&hellip;<\/p>","protected":false},"featured_media":20215,"comment_status":"open","ping_status":"closed","template":"","meta":[],"product_brand":[],"product_cat":[365],"product_tag":[],"class_list":{"0":"post-20191","1":"product","2":"type-product","3":"status-publish","4":"has-post-thumbnail","6":"product_cat-ecriture","8":"first","9":"instock","10":"shipping-taxable","11":"purchasable","12":"product-type-simple"},"jetpack_sharing_enabled":true,"_links":{"self":[{"href":"https:\/\/giftsco.ma\/en\/wp-json\/wp\/v2\/product\/20191","targetHints":{"allow":["GET"]}}],"collection":[{"href":"https:\/\/giftsco.ma\/en\/wp-json\/wp\/v2\/product"}],"about":[{"href":"https:\/\/giftsco.ma\/en\/wp-json\/wp\/v2\/types\/product"}],"replies":[{"embeddable":true,"href":"https:\/\/giftsco.ma\/en\/wp-json\/wp\/v2\/comments?post=20191"}],"version-history":[{"count":0,"href":"https:\/\/giftsco.ma\/en\/wp-json\/wp\/v2\/product\/20191\/revisions"}],"wp:featuredmedia":[{"embeddable":true,"href":"https:\/\/giftsco.ma\/en\/wp-json\/wp\/v2\/media\/20215"}],"wp:attachment":[{"href":"https:\/\/giftsco.ma\/en\/wp-json\/wp\/v2\/media?parent=20191"}],"wp:term":[{"taxonomy":"product_brand","embeddable":true,"href":"https:\/\/giftsco.ma\/en\/wp-json\/wp\/v2\/product_brand?post=20191"},{"taxonomy":"product_cat","embeddable":true,"href":"https:\/\/giftsco.ma\/en\/wp-json\/wp\/v2\/product_cat?post=20191"},{"taxonomy":"product_tag","embeddable":true,"href":"https:\/\/giftsco.ma\/en\/wp-json\/wp\/v2\/product_tag?post=20191"}],"curies":[{"name":"wp","href":"https:\/\/api.w.org\/{rel}","templated":true}]}}