{"id":20190,"date":"2025-11-13T01:05:32","date_gmt":"2025-11-13T00:05:32","guid":{"rendered":"http:\/\/moleskinev9.local\/?post_type=product&#038;p=20190"},"modified":"2026-03-07T01:38:58","modified_gmt":"2026-03-07T00:38:58","slug":"sac-a-dos-pro-collection-classic-cuir","status":"publish","type":"product","link":"https:\/\/giftsco.ma\/en\/product\/sac-a-dos-pro-collection-classic-cuir\/","title":{"rendered":"Sac \u00e0 dos PRO Collection Classic CUIR"},"content":{"rendered":"<p>Cuir de Haute Qualit\u00e9<br \/>\nBretelles rembourr\u00e9es r\u00e9glables \u00e0 boucles coulissantes<br \/>\nAttache des bretelles pratique et s\u00fbre<br \/>\n2 poches lat\u00e9rales pour toujours avoir l&rsquo;essentiel \u00e0 sa port\u00e9e<br \/>\nFermetures \u00e9clair r\u00e9sistantes YKK avec logo Moleskine<br \/>\nPoche my Moleskine notes pour stocker mes id\u00e9es<br \/>\nRestez connect\u00e9 : pour appareils num\u00e9riques jusqu&rsquo;\u00e0 15\u00a0\u00bb<br \/>\n1 poche 1 poche fermeture \u00e9clair s\u00e9curis\u00e9e et 1 organisateur avec 2 emplacements stylo et porte-carte de visite<br \/>\nEXT\u00c9RIEUR : 100 % cuir<br \/>\nINT\u00c9RIEUR : 90 % polyester 10 % cuir<br \/>\nFt 32 x 42 x 11 cm<\/p>","protected":false},"excerpt":{"rendered":"<p>Cuir de Haute Qualit\u00e9 Bretelles rembourr\u00e9es r\u00e9glables \u00e0 boucles coulissantes Attache des bretelles pratique et s\u00fbre 2 poches lat\u00e9rales pour toujours avoir l&rsquo;essentiel \u00e0 sa port\u00e9e Fermetures \u00e9clair r\u00e9sistantes YKK&hellip;<\/p>","protected":false},"featured_media":23507,"comment_status":"open","ping_status":"closed","template":"","meta":[],"product_brand":[],"product_cat":[351],"product_tag":[],"class_list":{"0":"post-20190","1":"product","2":"type-product","3":"status-publish","4":"has-post-thumbnail","6":"product_cat-sac-a-dos","8":"first","9":"outofstock","10":"shipping-taxable","11":"purchasable","12":"product-type-simple"},"jetpack_sharing_enabled":true,"_links":{"self":[{"href":"https:\/\/giftsco.ma\/en\/wp-json\/wp\/v2\/product\/20190","targetHints":{"allow":["GET"]}}],"collection":[{"href":"https:\/\/giftsco.ma\/en\/wp-json\/wp\/v2\/product"}],"about":[{"href":"https:\/\/giftsco.ma\/en\/wp-json\/wp\/v2\/types\/product"}],"replies":[{"embeddable":true,"href":"https:\/\/giftsco.ma\/en\/wp-json\/wp\/v2\/comments?post=20190"}],"version-history":[{"count":1,"href":"https:\/\/giftsco.ma\/en\/wp-json\/wp\/v2\/product\/20190\/revisions"}],"predecessor-version":[{"id":23508,"href":"https:\/\/giftsco.ma\/en\/wp-json\/wp\/v2\/product\/20190\/revisions\/23508"}],"wp:featuredmedia":[{"embeddable":true,"href":"https:\/\/giftsco.ma\/en\/wp-json\/wp\/v2\/media\/23507"}],"wp:attachment":[{"href":"https:\/\/giftsco.ma\/en\/wp-json\/wp\/v2\/media?parent=20190"}],"wp:term":[{"taxonomy":"product_brand","embeddable":true,"href":"https:\/\/giftsco.ma\/en\/wp-json\/wp\/v2\/product_brand?post=20190"},{"taxonomy":"product_cat","embeddable":true,"href":"https:\/\/giftsco.ma\/en\/wp-json\/wp\/v2\/product_cat?post=20190"},{"taxonomy":"product_tag","embeddable":true,"href":"https:\/\/giftsco.ma\/en\/wp-json\/wp\/v2\/product_tag?post=20190"}],"curies":[{"name":"wp","href":"https:\/\/api.w.org\/{rel}","templated":true}]}}