{"id":3713,"date":"2020-05-26T10:30:22","date_gmt":"2020-05-26T10:30:22","guid":{"rendered":"http:\/\/moleskinev9.local\/?page_id=3713"},"modified":"2026-03-06T01:37:33","modified_gmt":"2026-03-06T00:37:33","slug":"histoires","status":"publish","type":"page","link":"https:\/\/giftsco.ma\/en\/histoires\/","title":{"rendered":"Histoires"},"content":{"rendered":"<div data-elementor-type=\"wp-page\" data-elementor-id=\"3713\" class=\"elementor elementor-3713\" data-elementor-post-type=\"page\">\n\t\t\t\t\t\t<section class=\"elementor-section elementor-top-section elementor-element elementor-element-4aae4e4 elementor-section-boxed elementor-section-height-default elementor-section-height-default sc_fly_static\" data-id=\"4aae4e4\" data-element_type=\"section\">\n\t\t\t\t\t\t<div class=\"elementor-container elementor-column-gap-extended\">\n\t\t\t\t\t<div class=\"elementor-column elementor-col-100 elementor-top-column elementor-element elementor-element-d0e4fe8 sc_content_align_inherit sc_layouts_column_icons_position_left sc_fly_static\" data-id=\"d0e4fe8\" data-element_type=\"column\">\n\t\t\t<div class=\"elementor-widget-wrap elementor-element-populated\">\n\t\t\t\t\t\t<div class=\"elementor-element elementor-element-964aa96 sc_height_huge sc_fly_static elementor-widget elementor-widget-spacer\" data-id=\"964aa96\" data-element_type=\"widget\" data-widget_type=\"spacer.default\">\n\t\t\t\t<div class=\"elementor-widget-container\">\n\t\t\t\t\t\t\t<div class=\"elementor-spacer\">\n\t\t\t<div class=\"elementor-spacer-inner\"><\/div>\n\t\t<\/div>\n\t\t\t\t\t\t<\/div>\n\t\t\t\t<\/div>\n\t\t\t\t\t<\/div>\n\t\t<\/div>\n\t\t\t\t\t<\/div>\n\t\t<\/section>\n\t\t\t\t<section class=\"elementor-section-with-custom-width elementor-section elementor-top-section elementor-element elementor-element-1f154298 elementor-section-boxed elementor-section-height-default elementor-section-height-default sc_fly_static\" data-id=\"1f154298\" data-element_type=\"section\" data-settings=\"{&quot;background_background&quot;:&quot;classic&quot;}\">\n\t\t\t\t\t\t<div class=\"elementor-container elementor-column-gap-extended\">\n\t\t\t\t\t<div class=\"elementor-column elementor-col-50 elementor-top-column elementor-element elementor-element-4743e489 sc_content_align_inherit sc_layouts_column_icons_position_left sc_fly_static\" data-id=\"4743e489\" data-element_type=\"column\">\n\t\t\t<div class=\"elementor-widget-wrap elementor-element-populated\">\n\t\t\t\t\t\t<div class=\"elementor-element elementor-element-2e56aad8 sc_fly_static elementor-widget elementor-widget-heading\" data-id=\"2e56aad8\" data-element_type=\"widget\" data-widget_type=\"heading.default\">\n\t\t\t\t<div class=\"elementor-widget-container\">\n\t\t\t\t\t<h2 class=\"elementor-heading-title elementor-size-h2\">UN CARNET DE L\u00c9GENDE<\/h2>\t\t\t\t<\/div>\n\t\t\t\t<\/div>\n\t\t\t\t<div class=\"elementor-element elementor-element-699407a2 sc_fly_static elementor-widget elementor-widget-text-editor\" data-id=\"699407a2\" data-element_type=\"widget\" data-widget_type=\"text-editor.default\">\n\t\t\t\t<div class=\"elementor-widget-container\">\n\t\t\t\t\t\t\t\t\t<h5>Le carnet Moleskine est l&rsquo;h\u00e9ritier des carnets utilis\u00e9s par de nombreux artistes et penseurs au tournant du XX\u00e8me si\u00e8cle, tels que Vincent Van Gogh, Pablo Picasso, Ernest Hemingway ou encore Bruce Chatwin.<\/h5><h5>Le carnet Moleskine est c\u00e9l\u00e9br\u00e9 aujourd&rsquo;hui comme une ic\u00f4ne contemporaine de la culture pop. C&rsquo;est un espace de libert\u00e9 dans lequel chacun peut exprimer sa cr\u00e9ativit\u00e9 et son talent.<\/h5>\t\t\t\t\t\t\t\t<\/div>\n\t\t\t\t<\/div>\n\t\t\t\t<div class=\"elementor-element elementor-element-23ae751c elementor-align-left elementor-button-default sc_fly_static elementor-widget elementor-widget-button\" data-id=\"23ae751c\" data-element_type=\"widget\" data-widget_type=\"button.default\">\n\t\t\t\t<div class=\"elementor-widget-container\">\n\t\t\t\t\t\t\t\t\t<div class=\"elementor-button-wrapper\">\n\t\t\t\t\t<a class=\"elementor-button elementor-button-link elementor-size-sm\" href=\"https:\/\/giftsco.ma\/en\/product-category\/carnet\/\">\n\t\t\t\t\t\t<span class=\"elementor-button-content-wrapper\">\n\t\t\t\t\t\t\t\t\t<span class=\"elementor-button-text\">Choisissez votre Carnet<\/span>\n\t\t\t\t\t<\/span>\n\t\t\t\t\t<\/a>\n\t\t\t\t<\/div>\n\t\t\t\t\t\t\t\t<\/div>\n\t\t\t\t<\/div>\n\t\t\t\t\t<\/div>\n\t\t<\/div>\n\t\t\t\t<div class=\"elementor-column elementor-col-50 elementor-top-column elementor-element elementor-element-1620cc16 sc_content_align_inherit sc_layouts_column_icons_position_left sc_fly_static\" data-id=\"1620cc16\" data-element_type=\"column\">\n\t\t\t<div class=\"elementor-widget-wrap elementor-element-populated\">\n\t\t\t\t\t\t<div class=\"elementor-element elementor-element-1968d13e sc_fly_static elementor-widget elementor-widget-image\" data-id=\"1968d13e\" data-element_type=\"widget\" data-widget_type=\"image.default\">\n\t\t\t\t<div class=\"elementor-widget-container\">\n\t\t\t\t\t\t\t\t\t\t\t\t\t\t\t<img fetchpriority=\"high\" decoding=\"async\" width=\"640\" height=\"640\" src=\"https:\/\/giftsco.ma\/wp-content\/uploads\/2025\/11\/Photo-Notre-Histoire-1.jpg\" class=\"attachment-full size-full wp-image-20860\" alt=\"\" srcset=\"https:\/\/giftsco.ma\/wp-content\/uploads\/2025\/11\/Photo-Notre-Histoire-1.jpg 640w, https:\/\/giftsco.ma\/wp-content\/uploads\/2025\/11\/Photo-Notre-Histoire-1-300x300.jpg 300w, https:\/\/giftsco.ma\/wp-content\/uploads\/2025\/11\/Photo-Notre-Histoire-1-150x150.jpg 150w, https:\/\/giftsco.ma\/wp-content\/uploads\/2025\/11\/Photo-Notre-Histoire-1-12x12.jpg 12w, https:\/\/giftsco.ma\/wp-content\/uploads\/2025\/11\/Photo-Notre-Histoire-1-370x370.jpg 370w, https:\/\/giftsco.ma\/wp-content\/uploads\/2025\/11\/Photo-Notre-Histoire-1-120x120.jpg 120w, https:\/\/giftsco.ma\/wp-content\/uploads\/2025\/11\/Photo-Notre-Histoire-1-410x410.jpg 410w, https:\/\/giftsco.ma\/wp-content\/uploads\/2025\/11\/Photo-Notre-Histoire-1-600x600.jpg 600w\" sizes=\"(max-width: 640px) 100vw, 640px\" \/>\t\t\t\t\t\t\t\t\t\t\t\t\t\t\t<\/div>\n\t\t\t\t<\/div>\n\t\t\t\t\t<\/div>\n\t\t<\/div>\n\t\t\t\t\t<\/div>\n\t\t<\/section>\n\t\t\t\t<section class=\"elementor-section-with-custom-width elementor-section elementor-top-section elementor-element elementor-element-3eb99bf9 elementor-section-boxed elementor-section-height-default elementor-section-height-default sc_fly_static\" data-id=\"3eb99bf9\" data-element_type=\"section\" data-settings=\"{&quot;background_background&quot;:&quot;classic&quot;}\">\n\t\t\t\t\t\t<div class=\"elementor-container elementor-column-gap-extended\">\n\t\t\t\t\t<div class=\"elementor-column elementor-col-100 elementor-top-column elementor-element elementor-element-fceaabb sc_content_align_inherit sc_layouts_column_icons_position_left sc_fly_static\" data-id=\"fceaabb\" data-element_type=\"column\">\n\t\t\t<div class=\"elementor-widget-wrap\">\n\t\t\t\t\t\t\t<\/div>\n\t\t<\/div>\n\t\t\t\t\t<\/div>\n\t\t<\/section>\n\t\t\t\t<section class=\"elementor-section-with-custom-width elementor-section elementor-top-section elementor-element elementor-element-5445f50c elementor-section-boxed elementor-section-height-default elementor-section-height-default sc_fly_static\" data-id=\"5445f50c\" data-element_type=\"section\" data-settings=\"{&quot;background_background&quot;:&quot;classic&quot;}\">\n\t\t\t\t\t\t<div class=\"elementor-container elementor-column-gap-extended\">\n\t\t\t\t\t<div class=\"elementor-column elementor-col-50 elementor-top-column elementor-element elementor-element-3d32e9bc sc_content_align_inherit sc_layouts_column_icons_position_left sc_fly_static\" data-id=\"3d32e9bc\" data-element_type=\"column\">\n\t\t\t<div class=\"elementor-widget-wrap elementor-element-populated\">\n\t\t\t\t\t\t<div class=\"elementor-element elementor-element-8e38f37 sc_fly_static elementor-widget elementor-widget-heading\" data-id=\"8e38f37\" data-element_type=\"widget\" data-widget_type=\"heading.default\">\n\t\t\t\t<div class=\"elementor-widget-container\">\n\t\t\t\t\t<h2 class=\"elementor-heading-title elementor-size-h2\">LAISSEZ VOS ID\u00c9ES S'\u00c9CHAPPER <\/h2>\t\t\t\t<\/div>\n\t\t\t\t<\/div>\n\t\t\t\t<div class=\"elementor-element elementor-element-5bc37145 sc_fly_static elementor-widget elementor-widget-text-editor\" data-id=\"5bc37145\" data-element_type=\"widget\" data-widget_type=\"text-editor.default\">\n\t\t\t\t<div class=\"elementor-widget-container\">\n\t\t\t\t\t\t\t\t\t<h5>\u00ab\u00a0Chaque carnet Moleskine est un livre \u00e0 \u00e9crire, une histoire \u00e0 raconter.\u00a0\u00bb<\/h5>\n<h5>Ecrire sur un Moleskine c\u2019est bien plus que noter des rendez-vous ; c\u2019est ouvrir une porte sur votre propre vision. Dans le calme d\u2019un salon \u00e0 Casablanca ou entre deux r\u00e9unions intenses, l\u2019acte de tracer des mots sur le papier lib\u00e8re l\u2019esprit du bruit num\u00e9rique. C\u2019est ce moment privil\u00e9gi\u00e9 o\u00f9 vos id\u00e9es, aussi pr\u00e9cieuses que du fil d\u2019or, prennent enfin une forme concr\u00e8te et structur\u00e9e. En \u00e9crivant, vous clarifiez vos ambitions et vous donnez de la force \u00e0 vos projets les plus audacieux. Le contact du stylo sur ce papier soyeux ralentit le temps et permet \u00e0 votre cr\u00e9ativit\u00e9 de s&rsquo;exprimer sans filtre, comme un artisan qui fa\u00e7onne une pi\u00e8ce unique. C&rsquo;est l\u00e0 que le potentiel devient r\u00e9alit\u00e9 : en posant vos objectifs par \u00e9crit, vous vous engagez envers vous-m\u00eame avec la m\u00eame noblesse qu&rsquo;un pacte scell\u00e9. Chaque page remplie est une preuve de votre \u00e9volution et un pas de plus vers la r\u00e9ussite de vos entreprises. Ce carnet devient votre coach silencieux, le gardien de votre discipline et le moteur de votre inspiration quotidienne. Lib\u00e9rer son potentiel, c\u2019est oser mettre ses r\u00eaves noir sur blanc pour mieux les conqu\u00e9rir.<\/h5>\t\t\t\t\t\t\t\t<\/div>\n\t\t\t\t<\/div>\n\t\t\t\t\t<\/div>\n\t\t<\/div>\n\t\t\t\t<div class=\"elementor-column elementor-col-50 elementor-top-column elementor-element elementor-element-528f87df sc_content_align_inherit sc_layouts_column_icons_position_left sc_fly_static\" data-id=\"528f87df\" data-element_type=\"column\">\n\t\t\t<div class=\"elementor-widget-wrap elementor-element-populated\">\n\t\t\t\t\t\t<div class=\"elementor-element elementor-element-7995203e sc_fly_static elementor-widget elementor-widget-image\" data-id=\"7995203e\" data-element_type=\"widget\" data-widget_type=\"image.default\">\n\t\t\t\t<div class=\"elementor-widget-container\">\n\t\t\t\t\t\t\t\t\t\t\t\t\t\t\t<img decoding=\"async\" width=\"640\" height=\"640\" src=\"https:\/\/giftsco.ma\/wp-content\/uploads\/2025\/11\/aboutus.03_digital.jpg\" class=\"attachment-full size-full wp-image-19863\" alt=\"\" srcset=\"https:\/\/giftsco.ma\/wp-content\/uploads\/2025\/11\/aboutus.03_digital.jpg 640w, https:\/\/giftsco.ma\/wp-content\/uploads\/2025\/11\/aboutus.03_digital-300x300.jpg 300w, https:\/\/giftsco.ma\/wp-content\/uploads\/2025\/11\/aboutus.03_digital-150x150.jpg 150w, https:\/\/giftsco.ma\/wp-content\/uploads\/2025\/11\/aboutus.03_digital-370x370.jpg 370w, https:\/\/giftsco.ma\/wp-content\/uploads\/2025\/11\/aboutus.03_digital-120x120.jpg 120w, https:\/\/giftsco.ma\/wp-content\/uploads\/2025\/11\/aboutus.03_digital-410x410.jpg 410w\" sizes=\"(max-width: 640px) 100vw, 640px\" \/>\t\t\t\t\t\t\t\t\t\t\t\t\t\t\t<\/div>\n\t\t\t\t<\/div>\n\t\t\t\t\t<\/div>\n\t\t<\/div>\n\t\t\t\t\t<\/div>\n\t\t<\/section>\n\t\t\t\t<section class=\"elementor-section-with-custom-width elementor-section elementor-top-section elementor-element elementor-element-22b9ad85 elementor-section-boxed elementor-section-height-default elementor-section-height-default sc_fly_static\" data-id=\"22b9ad85\" data-element_type=\"section\" data-settings=\"{&quot;background_background&quot;:&quot;classic&quot;}\">\n\t\t\t\t\t\t<div class=\"elementor-container elementor-column-gap-extended\">\n\t\t\t\t\t<div class=\"elementor-column elementor-col-100 elementor-top-column elementor-element elementor-element-4698dae sc_content_align_inherit sc_layouts_column_icons_position_left sc_fly_static\" data-id=\"4698dae\" data-element_type=\"column\">\n\t\t\t<div class=\"elementor-widget-wrap\">\n\t\t\t\t\t\t\t<\/div>\n\t\t<\/div>\n\t\t\t\t\t<\/div>\n\t\t<\/section>\n\t\t\t\t<section class=\"elementor-section-with-custom-width elementor-section elementor-top-section elementor-element elementor-element-6236fcac elementor-section-boxed elementor-section-height-default elementor-section-height-default sc_fly_static\" data-id=\"6236fcac\" data-element_type=\"section\" data-settings=\"{&quot;background_background&quot;:&quot;classic&quot;}\">\n\t\t\t\t\t\t<div class=\"elementor-container elementor-column-gap-extended\">\n\t\t\t\t\t<div class=\"elementor-column elementor-col-50 elementor-top-column elementor-element elementor-element-6057e5b3 sc_content_align_inherit sc_layouts_column_icons_position_left sc_fly_static\" data-id=\"6057e5b3\" data-element_type=\"column\">\n\t\t\t<div class=\"elementor-widget-wrap elementor-element-populated\">\n\t\t\t\t\t\t<div class=\"elementor-element elementor-element-90e422b sc_fly_static elementor-widget elementor-widget-heading\" data-id=\"90e422b\" data-element_type=\"widget\" data-widget_type=\"heading.default\">\n\t\t\t\t<div class=\"elementor-widget-container\">\n\t\t\t\t\t<h2 class=\"elementor-heading-title elementor-size-h2\">Stop au stress, boostez votre cerveau : Pourquoi l'\u00e9criture manuscrite est le meilleur outil anti-num\u00e9rique<\/h2>\t\t\t\t<\/div>\n\t\t\t\t<\/div>\n\t\t\t\t<div class=\"elementor-element elementor-element-f13fe45 sc_fly_static elementor-widget elementor-widget-spacer\" data-id=\"f13fe45\" data-element_type=\"widget\" data-widget_type=\"spacer.default\">\n\t\t\t\t<div class=\"elementor-widget-container\">\n\t\t\t\t\t\t\t<div class=\"elementor-spacer\">\n\t\t\t<div class=\"elementor-spacer-inner\"><\/div>\n\t\t<\/div>\n\t\t\t\t\t\t<\/div>\n\t\t\t\t<\/div>\n\t\t\t\t<div class=\"elementor-element elementor-element-1ce27ddc sc_fly_static elementor-widget elementor-widget-text-editor\" data-id=\"1ce27ddc\" data-element_type=\"widget\" data-widget_type=\"text-editor.default\">\n\t\t\t\t<div class=\"elementor-widget-container\">\n\t\t\t\t\t\t\t\t\t<h5>D\u00e9couvrez comment prendre le stylo peut transformer votre vie, selon l&rsquo;experte Brenna Jordan, ma\u00eetre calligraphe Am\u00e9ricaine :<\/h5><h5>&#8211; M\u00e9moire et Focus Aigus : \u00c9crire \u00e0 la main est plus lent que taper, et c&rsquo;est la cl\u00e9 ! Ce processus oblige le cerveau \u00e0 prioriser et retenir l&rsquo;information plus efficacement, stimulant la pens\u00e9e critique et l&rsquo;apprentissage \u00e0 long terme.<\/h5><h5>LE POUVOIR INTEMPOREL DE L&rsquo;\u00c9CRITURE<\/h5><h5>Brenna Jordan, calligraphe experte et auteur de The Lost Art of Handwriting (L&rsquo;Art perdu de l&rsquo;\u00c9criture manuscrite) s&rsquo;est donn\u00e9e pour mission d&rsquo;aider les personnes \u00e0 red\u00e9couvrir la beaut\u00e9, la puissance et le pouvoir de transformation de l&rsquo;\u00e9criture.<\/h5><h5>Anti-Stress Naturel : Tenir un journal intime, m\u00eame quelques minutes par jour, r\u00e9duit activement le stress, l&rsquo;anxi\u00e9t\u00e9 et aide \u00e0 traiter les \u00e9motions difficiles. L&rsquo;\u00e9criture devient un acte m\u00e9ditatif, une qu\u00eate de bien-\u00eatre personnel.<\/h5><h5>L&rsquo;Expression de Votre G\u00e9nie : L&rsquo;\u00e9criture est l&rsquo;outil parfait pour lib\u00e9rer votre v\u00e9ritable essence cr\u00e9ative et votre style personnel. Rejoignez l&rsquo;\u00e9lan de la cr\u00e9ation, de Da Vinci \u00e0 Hemingway, en tra\u00e7ant votre propre chemin sur papier.<\/h5><h5>EN BREF : L&rsquo;\u00e9criture manuscrite est le geste simple pour reprendre le contr\u00f4le de votre esprit et de votre bien-\u00eatre.<\/h5><h5>&gt;&gt;&gt; Lisez l&rsquo;interview de Brenna Jordan pour r\u00e9veiller le ma\u00eetre calligraphe qui sommeille en vous !<\/h5>\t\t\t\t\t\t\t\t<\/div>\n\t\t\t\t<\/div>\n\t\t\t\t\t<\/div>\n\t\t<\/div>\n\t\t\t\t<div class=\"elementor-column elementor-col-50 elementor-top-column elementor-element elementor-element-58f38e07 sc_content_align_inherit sc_layouts_column_icons_position_left sc_fly_static\" data-id=\"58f38e07\" data-element_type=\"column\">\n\t\t\t<div class=\"elementor-widget-wrap elementor-element-populated\">\n\t\t\t\t\t\t<div class=\"elementor-element elementor-element-1ce3d424 sc_fly_static elementor-widget elementor-widget-image\" data-id=\"1ce3d424\" data-element_type=\"widget\" data-widget_type=\"image.default\">\n\t\t\t\t<div class=\"elementor-widget-container\">\n\t\t\t\t\t\t\t\t\t\t\t\t\t\t\t<img decoding=\"async\" width=\"640\" height=\"640\" src=\"https:\/\/giftsco.ma\/wp-content\/uploads\/2025\/11\/aboutus.05_paper.jpg\" class=\"attachment-full size-full wp-image-19865\" alt=\"\" srcset=\"https:\/\/giftsco.ma\/wp-content\/uploads\/2025\/11\/aboutus.05_paper.jpg 640w, https:\/\/giftsco.ma\/wp-content\/uploads\/2025\/11\/aboutus.05_paper-300x300.jpg 300w, https:\/\/giftsco.ma\/wp-content\/uploads\/2025\/11\/aboutus.05_paper-150x150.jpg 150w, https:\/\/giftsco.ma\/wp-content\/uploads\/2025\/11\/aboutus.05_paper-370x370.jpg 370w, https:\/\/giftsco.ma\/wp-content\/uploads\/2025\/11\/aboutus.05_paper-120x120.jpg 120w, https:\/\/giftsco.ma\/wp-content\/uploads\/2025\/11\/aboutus.05_paper-410x410.jpg 410w\" sizes=\"(max-width: 640px) 100vw, 640px\" \/>\t\t\t\t\t\t\t\t\t\t\t\t\t\t\t<\/div>\n\t\t\t\t<\/div>\n\t\t\t\t\t<\/div>\n\t\t<\/div>\n\t\t\t\t\t<\/div>\n\t\t<\/section>\n\t\t\t\t<\/div>","protected":false},"excerpt":{"rendered":"<p>UN CARNET DE L\u00c9GENDE Le carnet Moleskine est l&rsquo;h\u00e9ritier des carnets utilis\u00e9s par de nombreux artistes et penseurs au tournant du XX\u00e8me si\u00e8cle, tels que Vincent Van Gogh, Pablo Picasso,&hellip;<\/p>","protected":false},"author":1,"featured_media":0,"parent":0,"menu_order":0,"comment_status":"closed","ping_status":"closed","template":"","meta":{"footnotes":""},"class_list":["post-3713","page","type-page","status-publish","hentry"],"jetpack_sharing_enabled":true,"_links":{"self":[{"href":"https:\/\/giftsco.ma\/en\/wp-json\/wp\/v2\/pages\/3713","targetHints":{"allow":["GET"]}}],"collection":[{"href":"https:\/\/giftsco.ma\/en\/wp-json\/wp\/v2\/pages"}],"about":[{"href":"https:\/\/giftsco.ma\/en\/wp-json\/wp\/v2\/types\/page"}],"author":[{"embeddable":true,"href":"https:\/\/giftsco.ma\/en\/wp-json\/wp\/v2\/users\/1"}],"replies":[{"embeddable":true,"href":"https:\/\/giftsco.ma\/en\/wp-json\/wp\/v2\/comments?post=3713"}],"version-history":[{"count":3,"href":"https:\/\/giftsco.ma\/en\/wp-json\/wp\/v2\/pages\/3713\/revisions"}],"predecessor-version":[{"id":23466,"href":"https:\/\/giftsco.ma\/en\/wp-json\/wp\/v2\/pages\/3713\/revisions\/23466"}],"wp:attachment":[{"href":"https:\/\/giftsco.ma\/en\/wp-json\/wp\/v2\/media?parent=3713"}],"curies":[{"name":"wp","href":"https:\/\/api.w.org\/{rel}","templated":true}]}}