{"id":20527,"date":"2025-11-14T21:11:49","date_gmt":"2025-11-14T20:11:49","guid":{"rendered":"http:\/\/moleskine05.local\/?page_id=20527"},"modified":"2025-11-14T21:12:54","modified_gmt":"2025-11-14T20:12:54","slug":"livraisons-2","status":"publish","type":"page","link":"https:\/\/giftsco.ma\/en\/livraisons-2\/","title":{"rendered":"Livraisons"},"content":{"rendered":"<div data-elementor-type=\"wp-page\" data-elementor-id=\"20527\" class=\"elementor elementor-20527\" data-elementor-post-type=\"page\">\n\t\t\t\t\t\t<section class=\"elementor-section elementor-top-section elementor-element elementor-element-4aae4e4 elementor-section-boxed elementor-section-height-default elementor-section-height-default sc_fly_static\" data-id=\"4aae4e4\" data-element_type=\"section\">\n\t\t\t\t\t\t<div class=\"elementor-container elementor-column-gap-extended\">\n\t\t\t\t\t<div class=\"elementor-column elementor-col-100 elementor-top-column elementor-element elementor-element-d0e4fe8 sc_content_align_inherit sc_layouts_column_icons_position_left sc_fly_static\" data-id=\"d0e4fe8\" data-element_type=\"column\">\n\t\t\t<div class=\"elementor-widget-wrap elementor-element-populated\">\n\t\t\t\t\t\t<div class=\"elementor-element elementor-element-964aa96 sc_height_huge sc_fly_static elementor-widget elementor-widget-spacer\" data-id=\"964aa96\" data-element_type=\"widget\" data-widget_type=\"spacer.default\">\n\t\t\t\t<div class=\"elementor-widget-container\">\n\t\t\t\t\t\t\t<div class=\"elementor-spacer\">\n\t\t\t<div class=\"elementor-spacer-inner\"><\/div>\n\t\t<\/div>\n\t\t\t\t\t\t<\/div>\n\t\t\t\t<\/div>\n\t\t\t\t\t<\/div>\n\t\t<\/div>\n\t\t\t\t\t<\/div>\n\t\t<\/section>\n\t\t\t\t<section class=\"elementor-section elementor-top-section elementor-element elementor-element-d813105 elementor-section-boxed elementor-section-height-default elementor-section-height-default sc_fly_static\" data-id=\"d813105\" data-element_type=\"section\">\n\t\t\t\t\t\t<div class=\"elementor-container elementor-column-gap-extended\">\n\t\t\t\t\t<div class=\"elementor-column elementor-col-100 elementor-top-column elementor-element elementor-element-19aecde sc_content_align_inherit sc_layouts_column_icons_position_left sc_fly_static\" data-id=\"19aecde\" data-element_type=\"column\">\n\t\t\t<div class=\"elementor-widget-wrap elementor-element-populated\">\n\t\t\t\t\t\t<div class=\"elementor-element elementor-element-a1bd4de sc_fly_static elementor-widget elementor-widget-text-editor\" data-id=\"a1bd4de\" data-element_type=\"widget\" data-widget_type=\"text-editor.default\">\n\t\t\t\t<div class=\"elementor-widget-container\">\n\t\t\t\t\t\t\t\t\tLivraisons au MarocQuels sont les d\u00e9lais et les co\u00fbts d&rsquo;exp\u00e9dition ?\n<p>Veuillez noter : les commandes sont trait\u00e9es uniquement pendant les jours ouvrables (du lundi au samedi, de 9h00 \u00e0 17h00).<br\/><br\/>\u00c9tant donn\u00e9 qu&rsquo;aucune livraison n&rsquo;est effectu\u00e9e les dimanches ou les jours f\u00e9ri\u00e9s, celles-ci seront effectu\u00e9es le jour ouvrable suivant.<\/p>\n\n<div style=\"width:340px; margin:0 auto;\">\n<table style=\"width:100%; border-collapse:collapse; font-size:13px; margin-bottom:15px;\">\n  <thead>\n    <tr style=\"background-color:#F6F5F1;\">\n      <th style=\"border:1px solid #E5E3E1; padding:7px;\">Zone<\/th>\n      <th style=\"border:1px solid #E5E3E1; padding:7px;\">Prix (MAD)<\/th>\n      <th style=\"border:1px solid #E5E3E1; padding:7px;\">D\u00e9lai<\/th>\n    <\/tr>\n  <\/thead>\n  <tbody>\n    <tr>\n      <td style=\"border:1px solid #E5E3E1; padding:7px; text-align:center;\"><em>R\u00e9gion Casablanca<\/em><\/td>\n      <td style=\"border:1px solid #E5E3E1; padding:7px; text-align:center;\"><strong>20 MAD<\/strong><\/td>\n      <td style=\"border:1px solid #E5E3E1; padding:7px; text-align:center;\"><strong>48h00<\/strong><\/td>\n    <\/tr>\n    <tr>\n      <td style=\"border:1px solid #E5E3E1; padding:7px; text-align:center;\"><em>Autres r\u00e9gions<\/em><\/td>\n      <td style=\"border:1px solid #E5E3E1; padding:7px; text-align:center;\"><strong>35 MAD<\/strong><\/td>\n      <td style=\"border:1px solid #E5E3E1; padding:7px; text-align:center;\"><strong>72h00<\/strong><\/td>\n    <\/tr>\n  <\/tbody>\n<\/table>\n<\/div>\n<p style=\"font-size:0.95em; text-align:center;\">\n  *Livraison gratuite \u00e0 partir de <strong>300 MAD<\/strong>.\n<\/p>\n\nQuand recevrai-je le code de suivi de ma commande ?\n<p>D\u00e8s que la commande quitte notre entrep\u00f4t, vous recevez un e-mail de confirmation contenant les d\u00e9tails d&rsquo;exp\u00e9dition.<br\/><br\/>Utilisez le num\u00e9ro de suivi re\u00e7u pour suivre le statut de la commande.<br\/><br\/>Si vous n&rsquo;avez pas re\u00e7u cet e-mail, contactez le Service Client.<\/p>\n\nJe n&rsquo;ai pas encore re\u00e7u ma commande. Que faire ?\n<p>Veuillez noter que les commandes pass\u00e9es du lundi au vendredi sont g\u00e9n\u00e9ralement trait\u00e9es en 2-3 jours ouvrables.<br\/><br\/>Aucune livraison n&rsquo;est effectu\u00e9e les samedis, dimanches et jours f\u00e9ri\u00e9s ; la livraison sera report\u00e9e au jour ouvrable suivant.<br\/><br\/>En cas de question ou de retard, contactez le Service Client.<\/p>\n\nPourquoi est-il impossible de livrer ma commande ?\n<ul>\n  Les produits sont en rupture de stock.<br\/>\n  L&rsquo;adresse de livraison fait r\u00e9f\u00e9rence \u00e0 une bo\u00eete postale (pas d&rsquo;exp\u00e9dition possible, signature requise).<br\/>\n  L&rsquo;adresse de livraison se situe dans une zone non desservie actuellement.\n<\/ul>\n\nPuis-je modifier mon adresse de livraison apr\u00e8s commande ?\n<p>Une fois la commande valid\u00e9e, il n&rsquo;est plus possible de modifier l&rsquo;adresse de livraison.<br\/><br\/>En cas d&rsquo;\u00e9chec de livraison, la commande retournera \u00e0 l&rsquo;entrep\u00f4t et pourra \u00eatre rembours\u00e9e sous 14 jours.<\/p>\n\nContact Service Client\n<ul>\n  <li>Email : <a href=\"mailto:contact@mapaf.net\">contact@mapaf.net<\/a><\/li><br\/>\n  T\u00e9l\u00e9phone : 0522914508 \/ 09<br\/>\n  <li>Instagram : <a href=\"https:\/\/instagram.com\/moleskine.morocco\">@moleskine.morocco<\/a><\/li>\n<\/ul>\t\t\t\t\t\t\t\t<\/div>\n\t\t\t\t<\/div>\n\t\t\t\t\t<\/div>\n\t\t<\/div>\n\t\t\t\t\t<\/div>\n\t\t<\/section>\n\t\t\t\t<\/div>","protected":false},"excerpt":{"rendered":"<p>Livraisons au MarocQuels sont les d\u00e9lais et les co\u00fbts d&rsquo;exp\u00e9dition ? Veuillez noter : les commandes sont trait\u00e9es uniquement pendant les jours ouvrables (du lundi au samedi, de 9h00 \u00e0&hellip;<\/p>","protected":false},"author":1,"featured_media":0,"parent":0,"menu_order":0,"comment_status":"closed","ping_status":"closed","template":"","meta":{"footnotes":""},"class_list":["post-20527","page","type-page","status-publish","hentry"],"jetpack_sharing_enabled":true,"_links":{"self":[{"href":"https:\/\/giftsco.ma\/en\/wp-json\/wp\/v2\/pages\/20527","targetHints":{"allow":["GET"]}}],"collection":[{"href":"https:\/\/giftsco.ma\/en\/wp-json\/wp\/v2\/pages"}],"about":[{"href":"https:\/\/giftsco.ma\/en\/wp-json\/wp\/v2\/types\/page"}],"author":[{"embeddable":true,"href":"https:\/\/giftsco.ma\/en\/wp-json\/wp\/v2\/users\/1"}],"replies":[{"embeddable":true,"href":"https:\/\/giftsco.ma\/en\/wp-json\/wp\/v2\/comments?post=20527"}],"version-history":[{"count":0,"href":"https:\/\/giftsco.ma\/en\/wp-json\/wp\/v2\/pages\/20527\/revisions"}],"wp:attachment":[{"href":"https:\/\/giftsco.ma\/en\/wp-json\/wp\/v2\/media?parent=20527"}],"curies":[{"name":"wp","href":"https:\/\/api.w.org\/{rel}","templated":true}]}}