{"id":20522,"date":"2025-11-14T21:06:21","date_gmt":"2025-11-14T20:06:21","guid":{"rendered":"http:\/\/moleskine05.local\/?page_id=20522"},"modified":"2025-11-20T22:51:39","modified_gmt":"2025-11-20T21:51:39","slug":"etat-de-la-commande-2","status":"publish","type":"page","link":"https:\/\/giftsco.ma\/en\/etat-de-la-commande-2\/","title":{"rendered":"\u00c9tat de la commande"},"content":{"rendered":"<div data-elementor-type=\"wp-page\" data-elementor-id=\"20522\" class=\"elementor elementor-20522\" data-elementor-post-type=\"page\">\n\t\t\t\t\t\t<section class=\"elementor-section elementor-top-section elementor-element elementor-element-4aae4e4 elementor-section-boxed elementor-section-height-default elementor-section-height-default sc_fly_static\" data-id=\"4aae4e4\" data-element_type=\"section\">\n\t\t\t\t\t\t<div class=\"elementor-container elementor-column-gap-extended\">\n\t\t\t\t\t<div class=\"elementor-column elementor-col-100 elementor-top-column elementor-element elementor-element-d0e4fe8 sc_content_align_inherit sc_layouts_column_icons_position_left sc_fly_static\" data-id=\"d0e4fe8\" data-element_type=\"column\">\n\t\t\t<div class=\"elementor-widget-wrap elementor-element-populated\">\n\t\t\t\t\t\t<div class=\"elementor-element elementor-element-964aa96 sc_height_huge sc_fly_static elementor-widget elementor-widget-spacer\" data-id=\"964aa96\" data-element_type=\"widget\" data-widget_type=\"spacer.default\">\n\t\t\t\t<div class=\"elementor-widget-container\">\n\t\t\t\t\t\t\t<div class=\"elementor-spacer\">\n\t\t\t<div class=\"elementor-spacer-inner\"><\/div>\n\t\t<\/div>\n\t\t\t\t\t\t<\/div>\n\t\t\t\t<\/div>\n\t\t\t\t\t<\/div>\n\t\t<\/div>\n\t\t\t\t\t<\/div>\n\t\t<\/section>\n\t\t\t\t<section class=\"elementor-section elementor-top-section elementor-element elementor-element-d813105 elementor-section-boxed elementor-section-height-default elementor-section-height-default sc_fly_static\" data-id=\"d813105\" data-element_type=\"section\">\n\t\t\t\t\t\t<div class=\"elementor-container elementor-column-gap-extended\">\n\t\t\t\t\t<div class=\"elementor-column elementor-col-100 elementor-top-column elementor-element elementor-element-19aecde sc_content_align_inherit sc_layouts_column_icons_position_left sc_fly_static\" data-id=\"19aecde\" data-element_type=\"column\">\n\t\t\t<div class=\"elementor-widget-wrap elementor-element-populated\">\n\t\t\t\t\t\t<div class=\"elementor-element elementor-element-a1bd4de sc_fly_static elementor-widget elementor-widget-text-editor\" data-id=\"a1bd4de\" data-element_type=\"widget\" data-widget_type=\"text-editor.default\">\n\t\t\t\t<div class=\"elementor-widget-container\">\n\t\t\t\t\t\t\t\t\t<p>Bienvenue sur notre page de suivi de commande. Pour v\u00e9rifier l\u2019\u00e9tat de votre commande, veuillez remplir le formulaire ci-dessous avec votre num\u00e9ro de commande et l\u2019adresse e-mail utilis\u00e9e lors de votre achat. Vous recevrez imm\u00e9diatement toutes les informations concernant le statut actuel de votre livraison.<\/p>\t\t\t\t\t\t\t\t<\/div>\n\t\t\t\t<\/div>\n\t\t\t\t<div class=\"elementor-element elementor-element-dedb1af sc_fly_static elementor-widget elementor-widget-html\" data-id=\"dedb1af\" data-element_type=\"widget\" data-widget_type=\"html.default\">\n\t\t\t\t<div class=\"elementor-widget-container\">\n\t\t\t\t\t<div style=\"max-width:600px;margin:30px auto;padding:30px;background-color:#f9f9f9;border-radius:8px;box-shadow:0 2px 10px rgba(0,0,0,0.1)\">\n  <h2 style=\"color:#333;margin-bottom:20px;font-size:24px;text-align:center\">V\u00e9rifier votre commande<\/h2>\n  <form id=\"order-tracking-form\" style=\"display:flex;flex-direction:column;gap:20px\" action=\"\">\n    <div style=\"display:flex;flex-direction:column\">\n      <label for=\"order-number\" style=\"font-weight:600;margin-bottom:8px;color:#333;font-size:14px\">Num\u00e9ro de commande *<\/label>\n      <input type=\"text\" id=\"order-number\" name=\"order_number\" required style=\"padding:12px 15px;border:1px solid #ddd;border-radius:4px;font-size:16px\" placeholder=\"Ex: CMD-12345\">\n    <\/div>\n    <div style=\"display:flex;flex-direction:column\">\n      <label for=\"email\" style=\"font-weight:600;margin-bottom:8px;color:#333;font-size:14px\">Adresse e-mail *<\/label>\n      <input type=\"email\" id=\"email\" name=\"email\" required style=\"padding:12px 15px;border:1px solid #ddd;border-radius:4px;font-size:16px\" placeholder=\"votre.email@exemple.com\">\n    <\/div>\n    <button type=\"submit\" style=\"background-color:#000;color:#fff;padding:14px 30px;border:none;border-radius:4px;font-size:16px;font-weight:600;cursor:pointer;transition:background-color 0.3s;margin-top:10px\">V\u00e9rifier le statut<\/button>\n  <input type=\"hidden\" name=\"trp-form-language\" value=\"en\"\/><\/form>\n  <div style=\"margin-top:25px;padding:15px;background-color:#e8f4f8;border-left:4px solid #0073aa;border-radius:4px\">\n    <p style=\"margin:0;color:#555;font-size:14px;line-height:1.6\"><strong>Aide :<\/strong> Votre num\u00e9ro de commande se trouve dans l'e-mail de confirmation que vous avez re\u00e7u apr\u00e8s votre achat. Si vous ne trouvez pas votre commande, veuillez nous contacter.<\/p>\n  <\/div>\n<\/div>\t\t\t\t<\/div>\n\t\t\t\t<\/div>\n\t\t\t\t\t<\/div>\n\t\t<\/div>\n\t\t\t\t\t<\/div>\n\t\t<\/section>\n\t\t\t\t<\/div>","protected":false},"excerpt":{"rendered":"<p>Bienvenue sur notre page de suivi de commande. Pour v\u00e9rifier l\u2019\u00e9tat de votre commande, veuillez remplir le formulaire ci-dessous avec votre num\u00e9ro de commande et l\u2019adresse e-mail utilis\u00e9e lors de&hellip;<\/p>","protected":false},"author":1,"featured_media":0,"parent":0,"menu_order":0,"comment_status":"closed","ping_status":"closed","template":"","meta":{"footnotes":""},"class_list":["post-20522","page","type-page","status-publish","hentry"],"jetpack_sharing_enabled":true,"_links":{"self":[{"href":"https:\/\/giftsco.ma\/en\/wp-json\/wp\/v2\/pages\/20522","targetHints":{"allow":["GET"]}}],"collection":[{"href":"https:\/\/giftsco.ma\/en\/wp-json\/wp\/v2\/pages"}],"about":[{"href":"https:\/\/giftsco.ma\/en\/wp-json\/wp\/v2\/types\/page"}],"author":[{"embeddable":true,"href":"https:\/\/giftsco.ma\/en\/wp-json\/wp\/v2\/users\/1"}],"replies":[{"embeddable":true,"href":"https:\/\/giftsco.ma\/en\/wp-json\/wp\/v2\/comments?post=20522"}],"version-history":[{"count":0,"href":"https:\/\/giftsco.ma\/en\/wp-json\/wp\/v2\/pages\/20522\/revisions"}],"wp:attachment":[{"href":"https:\/\/giftsco.ma\/en\/wp-json\/wp\/v2\/media?parent=20522"}],"curies":[{"name":"wp","href":"https:\/\/api.w.org\/{rel}","templated":true}]}}